{"id":5229,"date":"2016-06-13T15:48:45","date_gmt":"2016-06-13T15:48:45","guid":{"rendered":"https:\/\/www.brandyourglass.eu\/about-us\/"},"modified":"2021-02-19T17:24:53","modified_gmt":"2021-02-19T16:24:53","slug":"ueber-uns","status":"publish","type":"page","link":"https:\/\/www.brandyourglass.eu\/de\/ueber-uns\/","title":{"rendered":"\u00dcber uns"},"content":{"rendered":"<p>[vc_row wrap_container=&#8221;yes&#8221; css=&#8221;.vc_custom_1519804692056{padding-top: 30px !important;padding-bottom: 30px !important;}&#8221;][vc_column]<div class=\"porto-u-heading  wpb_custom_95aa9a11c17ad45cfabaf210d84ee7cc porto-u-2537\"><div class=\"porto-u-main-heading\"><h2   style=\"font-weight:700;color:#21293c;font-size:19px;\">... und wie die sch\u00f6nsten Geschichten wurde auch die des \"Doimoflair\" aus Leidenschaft geboren ...<\/h2><\/div><div class=\"porto-u-sub-heading\" style=\"\">\n<h1><\/h1>\n<p><\/div><style>.porto-u-2537.porto-u-heading{text-align:left}<\/style><\/div>[vc_column_text]Dank der konsolidierten direkten Beziehungen zu Herstellern und Branchenf\u00fchrern bietet Doimoflair eine hervorragende Auswahl an Produkten<\/p>\n<p>Jahr 2004: Auf Anfrage wurde der \u201eDoimoflair\u201c geboren, der sich seitdem mit Entschlossenheit und Begeisterung um jedes Produkt k\u00fcmmert und das Bewusstsein in der Branche sch\u00e4rft. Exzellenz kommt dank des unschlagbaren Preis-Leistungs-Verh\u00e4ltnisses und viel italienischer Leidenschaft.<\/p>\n<p>Wenn wir eine Gesch\u00e4ftsphilosophie haben? Gut; Nein! Sicher ist, dass wir uns weiterhin in Qualit\u00e4tsprodukte verlieben werden. Wir werden weiterhin nach den besten Materialien suchen, um sie zu bauen, weil wir wollen, dass unsere Geschichte mit &#8220;Leidenschaft&#8221; in jedem &#8220;Doimoflair&#8221; -Produkt auftaucht.[\/vc_column_text][\/vc_column][\/vc_row][vc_row wrap_container=&#8221;yes&#8221; css=&#8221;.vc_custom_1519805538811{padding-top: 50px !important;padding-bottom: 40px !important;background-color: #f4f4f4 !important;}&#8221;][vc_column]<div class=\"porto-u-heading  wpb_custom_95aa9a11c17ad45cfabaf210d84ee7cc porto-u-5890\"><div class=\"porto-u-main-heading\"><h2   style=\"font-weight:700;color:#21293c;font-size:19px;\">Warum uns w\u00e4hlen<\/h2><\/div><style>.porto-u-5890.porto-u-heading{text-align:left}<\/style><\/div>[vc_row_inner content_placement=&#8221;middle&#8221;][vc_column_inner width=&#8221;1\/3&#8243;]<div class=\"porto-sicon-box  wpb_custom_1ba50b84f0433336c41d0a3d8d5ed43f style_1 default-icon\"><div class=\"porto-sicon-default\"><div id=\"porto-icon-40048362269e9e8bcd1bb5\" class=\"porto-just-icon-wrapper porto-sicon-img\" style=\"font-size: 100px;\"><img loading=\"lazy\" decoding=\"async\" class=\"img-icon\" alt=\"i bicchieri utilizzano materiali plastici completamente riciclabili\" src=\"https:\/\/www.brandyourglass.eu\/wp-content\/uploads\/2020\/05\/icon-recycle.png\" width=\"200\" height=\"200\" \/><\/div><\/div><div class=\"porto-sicon-header\"><h3 class=\"porto-sicon-title\" style=\"font-weight:600;font-size:18px;line-height:20px;\">100% RECYCLABLE<\/h3><p>Haltbarkeit im Laufe der Zeit verwenden und wiederverwenden (VERWENDUNG und Wiederverwendung)<\/p><\/div> <!-- header --><\/div><!-- porto-sicon-box -->[\/vc_column_inner][vc_column_inner width=&#8221;1\/3&#8243;]<div class=\"porto-sicon-box  wpb_custom_1ba50b84f0433336c41d0a3d8d5ed43f style_1 default-icon\"><div class=\"porto-sicon-default\"><div id=\"porto-icon-24454917969e9e8bcd23cf\" class=\"porto-just-icon-wrapper porto-sicon-img\" style=\"font-size: 100px;\"><img loading=\"lazy\" decoding=\"async\" class=\"img-icon\" alt=\"bicchieri personalizzati infrangibili e indistruttibili, in plastica riutilizzabile\" src=\"https:\/\/www.brandyourglass.eu\/wp-content\/uploads\/2020\/05\/icon-unbreakable.png\" width=\"200\" height=\"200\" \/><\/div><\/div><div class=\"porto-sicon-header\"><h3 class=\"porto-sicon-title\" style=\"font-weight:600;font-size:18px;line-height:20px;\">100% UNBREAKABLE<\/h3><\/div> <!-- header --><\/div><!-- porto-sicon-box -->[\/vc_column_inner][vc_column_inner width=&#8221;1\/3&#8243;]<div class=\"porto-sicon-box  wpb_custom_1ba50b84f0433336c41d0a3d8d5ed43f style_1 default-icon\"><div class=\"porto-sicon-default\"><div id=\"porto-icon-140828156869e9e8bcd2cd5\" class=\"porto-just-icon-wrapper porto-sicon-img\" style=\"font-size: 100px;\"><img loading=\"lazy\" decoding=\"async\" class=\"img-icon\" alt=\"i nostri bicchieri sono super resistenti ma leggerissimi\" src=\"https:\/\/www.brandyourglass.eu\/wp-content\/uploads\/2020\/05\/icon-lightness1.png\" width=\"200\" height=\"200\" \/><\/div><\/div><div class=\"porto-sicon-header\"><h3 class=\"porto-sicon-title\" style=\"font-weight:600;font-size:18px;line-height:20px;\">LEICHT WIE EINE FEDER<\/h3><\/div> <!-- header --><\/div><!-- porto-sicon-box -->[\/vc_column_inner][\/vc_row_inner][\/vc_column][\/vc_row]<\/p>\n","protected":false},"excerpt":{"rendered":"<p>[vc_row wrap_container=&#8221;yes&#8221; css=&#8221;.vc_custom_1519804692056{padding-top: 30px !important;padding-bottom: 30px !important;}&#8221;][vc_column][vc_column_text]Dank der konsolidierten direkten Beziehungen zu Herstellern und Branchenf\u00fchrern bietet Doimoflair eine hervorragende Auswahl an Produkten Jahr 2004: Auf Anfrage wurde der \u201eDoimoflair\u201c geboren, der sich seitdem mit Entschlossenheit und Begeisterung um jedes Produkt k\u00fcmmert und das Bewusstsein in der Branche sch\u00e4rft. Exzellenz kommt dank des unschlagbaren Preis-Leistungs-Verh\u00e4ltnisses und [&hellip;]<\/p>\n","protected":false},"author":1,"featured_media":0,"parent":0,"menu_order":0,"comment_status":"closed","ping_status":"closed","template":"","meta":{"footnotes":""},"class_list":["post-5229","page","type-page","status-publish","hentry"],"yoast_head":"<!-- This site is optimized with the Yoast SEO plugin v18.0 - https:\/\/yoast.com\/wordpress\/plugins\/seo\/ -->\n<title>\u00dcber uns - brand your glass<\/title>\n<meta name=\"robots\" content=\"index, follow, max-snippet:-1, max-image-preview:large, max-video-preview:-1\" \/>\n<link rel=\"canonical\" href=\"https:\/\/www.brandyourglass.eu\/de\/ueber-uns\/\" \/>\n<meta property=\"og:locale\" content=\"de_DE\" \/>\n<meta property=\"og:type\" content=\"article\" \/>\n<meta property=\"og:title\" content=\"\u00dcber uns - brand your glass\" \/>\n<meta property=\"og:description\" content=\"[vc_row wrap_container=&#8221;yes&#8221; css=&#8221;.vc_custom_1519804692056{padding-top: 30px !important;padding-bottom: 30px !important;}&#8221;][vc_column][vc_column_text]Dank der konsolidierten direkten Beziehungen zu Herstellern und Branchenf\u00fchrern bietet Doimoflair eine hervorragende Auswahl an Produkten Jahr 2004: Auf Anfrage wurde der \u201eDoimoflair\u201c geboren, der sich seitdem mit Entschlossenheit und Begeisterung um jedes Produkt k\u00fcmmert und das Bewusstsein in der Branche sch\u00e4rft. Exzellenz kommt dank des unschlagbaren Preis-Leistungs-Verh\u00e4ltnisses und [&hellip;]\" \/>\n<meta property=\"og:url\" content=\"https:\/\/www.brandyourglass.eu\/de\/ueber-uns\/\" \/>\n<meta property=\"og:site_name\" content=\"brand your glass\" \/>\n<meta property=\"article:modified_time\" content=\"2021-02-19T16:24:53+00:00\" \/>\n<meta name=\"twitter:card\" content=\"summary_large_image\" \/>\n<meta name=\"twitter:label1\" content=\"Gesch\u00e4tzte Lesezeit\" \/>\n\t<meta name=\"twitter:data1\" content=\"2\u00a0Minuten\" \/>\n<script type=\"application\/ld+json\" class=\"yoast-schema-graph\">{\"@context\":\"https:\/\/schema.org\",\"@graph\":[{\"@type\":\"Organization\",\"@id\":\"https:\/\/www.brandyourglass.eu\/de\/#organization\",\"name\":\"DoimoFlair\",\"url\":\"https:\/\/www.brandyourglass.eu\/de\/\",\"sameAs\":[],\"logo\":{\"@type\":\"ImageObject\",\"@id\":\"https:\/\/www.brandyourglass.eu\/de\/#logo\",\"inLanguage\":\"de\",\"url\":\"https:\/\/www.brandyourglass.eu\/wp-content\/uploads\/2020\/07\/doimo-logo-email.png\",\"contentUrl\":\"https:\/\/www.brandyourglass.eu\/wp-content\/uploads\/2020\/07\/doimo-logo-email.png\",\"width\":200,\"height\":140,\"caption\":\"DoimoFlair\"},\"image\":{\"@id\":\"https:\/\/www.brandyourglass.eu\/de\/#logo\"}},{\"@type\":\"WebSite\",\"@id\":\"https:\/\/www.brandyourglass.eu\/de\/#website\",\"url\":\"https:\/\/www.brandyourglass.eu\/de\/\",\"name\":\"brand your glass\",\"description\":\"customize glasses with your logo\",\"publisher\":{\"@id\":\"https:\/\/www.brandyourglass.eu\/de\/#organization\"},\"potentialAction\":[{\"@type\":\"SearchAction\",\"target\":{\"@type\":\"EntryPoint\",\"urlTemplate\":\"https:\/\/www.brandyourglass.eu\/de\/?s={search_term_string}\"},\"query-input\":\"required name=search_term_string\"}],\"inLanguage\":\"de\"},{\"@type\":\"WebPage\",\"@id\":\"https:\/\/www.brandyourglass.eu\/de\/ueber-uns\/#webpage\",\"url\":\"https:\/\/www.brandyourglass.eu\/de\/ueber-uns\/\",\"name\":\"\u00dcber uns - brand your glass\",\"isPartOf\":{\"@id\":\"https:\/\/www.brandyourglass.eu\/de\/#website\"},\"datePublished\":\"2016-06-13T15:48:45+00:00\",\"dateModified\":\"2021-02-19T16:24:53+00:00\",\"breadcrumb\":{\"@id\":\"https:\/\/www.brandyourglass.eu\/de\/ueber-uns\/#breadcrumb\"},\"inLanguage\":\"de\",\"potentialAction\":[{\"@type\":\"ReadAction\",\"target\":[\"https:\/\/www.brandyourglass.eu\/de\/ueber-uns\/\"]}]},{\"@type\":\"BreadcrumbList\",\"@id\":\"https:\/\/www.brandyourglass.eu\/de\/ueber-uns\/#breadcrumb\",\"itemListElement\":[{\"@type\":\"ListItem\",\"position\":1,\"name\":\"Home\",\"item\":\"https:\/\/www.brandyourglass.eu\/de\/\"},{\"@type\":\"ListItem\",\"position\":2,\"name\":\"\u00dcber uns\"}]}]}<\/script>\n<!-- \/ Yoast SEO plugin. -->","yoast_head_json":{"title":"\u00dcber uns - brand your glass","robots":{"index":"index","follow":"follow","max-snippet":"max-snippet:-1","max-image-preview":"max-image-preview:large","max-video-preview":"max-video-preview:-1"},"canonical":"https:\/\/www.brandyourglass.eu\/de\/ueber-uns\/","og_locale":"de_DE","og_type":"article","og_title":"\u00dcber uns - brand your glass","og_description":"[vc_row wrap_container=&#8221;yes&#8221; css=&#8221;.vc_custom_1519804692056{padding-top: 30px !important;padding-bottom: 30px !important;}&#8221;][vc_column][vc_column_text]Dank der konsolidierten direkten Beziehungen zu Herstellern und Branchenf\u00fchrern bietet Doimoflair eine hervorragende Auswahl an Produkten Jahr 2004: Auf Anfrage wurde der \u201eDoimoflair\u201c geboren, der sich seitdem mit Entschlossenheit und Begeisterung um jedes Produkt k\u00fcmmert und das Bewusstsein in der Branche sch\u00e4rft. Exzellenz kommt dank des unschlagbaren Preis-Leistungs-Verh\u00e4ltnisses und [&hellip;]","og_url":"https:\/\/www.brandyourglass.eu\/de\/ueber-uns\/","og_site_name":"brand your glass","article_modified_time":"2021-02-19T16:24:53+00:00","twitter_card":"summary_large_image","twitter_misc":{"Gesch\u00e4tzte Lesezeit":"2\u00a0Minuten"},"schema":{"@context":"https:\/\/schema.org","@graph":[{"@type":"Organization","@id":"https:\/\/www.brandyourglass.eu\/de\/#organization","name":"DoimoFlair","url":"https:\/\/www.brandyourglass.eu\/de\/","sameAs":[],"logo":{"@type":"ImageObject","@id":"https:\/\/www.brandyourglass.eu\/de\/#logo","inLanguage":"de","url":"https:\/\/www.brandyourglass.eu\/wp-content\/uploads\/2020\/07\/doimo-logo-email.png","contentUrl":"https:\/\/www.brandyourglass.eu\/wp-content\/uploads\/2020\/07\/doimo-logo-email.png","width":200,"height":140,"caption":"DoimoFlair"},"image":{"@id":"https:\/\/www.brandyourglass.eu\/de\/#logo"}},{"@type":"WebSite","@id":"https:\/\/www.brandyourglass.eu\/de\/#website","url":"https:\/\/www.brandyourglass.eu\/de\/","name":"brand your glass","description":"customize glasses with your logo","publisher":{"@id":"https:\/\/www.brandyourglass.eu\/de\/#organization"},"potentialAction":[{"@type":"SearchAction","target":{"@type":"EntryPoint","urlTemplate":"https:\/\/www.brandyourglass.eu\/de\/?s={search_term_string}"},"query-input":"required name=search_term_string"}],"inLanguage":"de"},{"@type":"WebPage","@id":"https:\/\/www.brandyourglass.eu\/de\/ueber-uns\/#webpage","url":"https:\/\/www.brandyourglass.eu\/de\/ueber-uns\/","name":"\u00dcber uns - brand your glass","isPartOf":{"@id":"https:\/\/www.brandyourglass.eu\/de\/#website"},"datePublished":"2016-06-13T15:48:45+00:00","dateModified":"2021-02-19T16:24:53+00:00","breadcrumb":{"@id":"https:\/\/www.brandyourglass.eu\/de\/ueber-uns\/#breadcrumb"},"inLanguage":"de","potentialAction":[{"@type":"ReadAction","target":["https:\/\/www.brandyourglass.eu\/de\/ueber-uns\/"]}]},{"@type":"BreadcrumbList","@id":"https:\/\/www.brandyourglass.eu\/de\/ueber-uns\/#breadcrumb","itemListElement":[{"@type":"ListItem","position":1,"name":"Home","item":"https:\/\/www.brandyourglass.eu\/de\/"},{"@type":"ListItem","position":2,"name":"\u00dcber uns"}]}]}},"_links":{"self":[{"href":"https:\/\/www.brandyourglass.eu\/de\/wp-json\/wp\/v2\/pages\/5229","targetHints":{"allow":["GET"]}}],"collection":[{"href":"https:\/\/www.brandyourglass.eu\/de\/wp-json\/wp\/v2\/pages"}],"about":[{"href":"https:\/\/www.brandyourglass.eu\/de\/wp-json\/wp\/v2\/types\/page"}],"author":[{"embeddable":true,"href":"https:\/\/www.brandyourglass.eu\/de\/wp-json\/wp\/v2\/users\/1"}],"replies":[{"embeddable":true,"href":"https:\/\/www.brandyourglass.eu\/de\/wp-json\/wp\/v2\/comments?post=5229"}],"version-history":[{"count":2,"href":"https:\/\/www.brandyourglass.eu\/de\/wp-json\/wp\/v2\/pages\/5229\/revisions"}],"predecessor-version":[{"id":5232,"href":"https:\/\/www.brandyourglass.eu\/de\/wp-json\/wp\/v2\/pages\/5229\/revisions\/5232"}],"wp:attachment":[{"href":"https:\/\/www.brandyourglass.eu\/de\/wp-json\/wp\/v2\/media?parent=5229"}],"curies":[{"name":"wp","href":"https:\/\/api.w.org\/{rel}","templated":true}]}}