{"id":4982,"date":"2020-02-27T11:17:50","date_gmt":"2020-02-27T10:17:50","guid":{"rendered":"https:\/\/www.brandyourglass.eu\/product\/water-tt-390cc\/"},"modified":"2024-01-19T17:35:32","modified_gmt":"2024-01-19T16:35:32","slug":"trinkglaeser-wasser-tt-390cc-durchsichtig","status":"publish","type":"product","link":"https:\/\/www.brandyourglass.eu\/de\/produkt\/trinkglaeser-wasser-tt-390cc-durchsichtig\/","title":{"rendered":"Water TT 390cc. -Durchsichtig"},"content":{"rendered":"<p>[vc_row el_class=&#8221;m-b-md&#8221;][vc_column][vc_column_text]<\/p>\n<h2>Trinkglaeser Wasser aus starrem Plastik, personalisierbar mit Ihrem eigenen Logo oder Grafiken<\/h2>\n<p>Unzerbrechliches Trinkglaeser Wasser,<\/p>\n<p>Vorbildlich die Evolution in der Lebensmittel- und Getr\u00e4nkeindustrie, mit \u00f6kologischen Produktionsmethoden und der Schaffung intelligenter Produkte, die Gl\u00e4ser mit perfekten Proportionen schaffen, aus edlem Kunststoff, mit Liebe zum Detail verarbeitet und von au\u00dfergew\u00f6hnlicher Qualit\u00e4t, daher spiegeln sie die Brillanz und Transparenz des Glases wider verbunden mit seiner langen Lebensdauer, Best\u00e4ndigkeit gegen h\u00e4ufiges Waschen und folglich Unzerst\u00f6rbarkeit.<\/p>\n<p>Hervorragende Alternative, wenn Glas aufgrund von Gesetzen oder Serviceanforderungen nicht verwendet werden kann.<\/p>\n<p>In Tritan brillante Werke, die sich biegen, aber nicht brechen<\/p>\n<h3>Es ist leicht, vielseitig und ideal f\u00fcr den Au\u00dfenbereich, da es unzerbrechlich, sto\u00dffest und sp\u00fclmaschinenfest ist.<\/h3>\n<p>Dieser Trinkglaeser Wasser ist in Italien hergestellt und zertifiziert<\/p>\n<p>&#8211; Innovativ<\/p>\n<p>&#8211; Stabil<\/p>\n<p>&#8211; Originell<\/p>\n<p>&#8211; Einfach zu handhaben und vor allem <strong>anpassbar<\/strong><\/p>\n<p>Das Trinkglaeser Wasser passt sich der zeitgen\u00f6ssischen Welt mit dem richtigen hintergr\u00fcndigen Mehrwert an. Definitiv der meistgenutzte Trinkglaeser Wasser, der die stilistischen Anforderungen einer 360\u00b0-Nutzung perfekt erf\u00fcllt.<br \/>\nDerzeit nur in transparent erh\u00e4ltlich.<\/p>\n<h4>Logo-Personalisierung ist auf Anfrage erh\u00e4ltlich, von einer bis maximal 2 Farben bei einer Mindestbestellmenge von 120 St\u00fcck.<\/h4>\n<p>Im Jahr 2010 bringt eine neue Generation von Harzen die hervorragenden und bekannten Eigenschaften von Copolyestern mit W\u00e4rmebest\u00e4ndigkeit in Einklang und schafft eine erfolgreiche Kombination, die Tritan&#x2122; (TT) Leben einhaucht.<\/p>\n<p>Eine ausgekl\u00fcgelte L\u00f6sung, die sich durch hervorragende Sto\u00dffestigkeit, dauerhafte Transparenz und au\u00dfergew\u00f6hnliche Oberfl\u00e4chenbrillanz auszeichnet, das Fehlen von Bisphenol-A und die Best\u00e4ndigkeit gegen hohe Temperaturen garantieren, dass dieser Trinkglaeser Wasser den europ\u00e4ischen, amerikanischen und japanischen Lebensmitteln entspricht.<\/p>\n<p>TRITAN, die neue Generation von Copolyestern, die sowohl im Lebensmittel- als auch im medizinischen Bereich erfolgreich eingesetzt wird, macht das Ballon-Bierglas daher zu einem perfekten Werkzeug f\u00fcr die Personalisierung mit Ihrem eigenen Logo oder Grafiken, geeignet f\u00fcr Veranstaltungen, Partys, Messen, Zeremonien und alle Veranstaltungen, bei denen Glas nicht ist aufgrund m\u00f6glicher Br\u00fcche willkommener und somit gef\u00e4hrlich f\u00fcr die Sicherheit Ihrer G\u00e4ste.<\/p>\n<p>Derzeit in <a href=\"https:\/\/www.brandyourglass.eu\/de\/produkt\/verkostungsglas-tritan-durchsichtig-inao-225cc\/\">transparent<\/a> oder in einem anderen schlankeren Modell in <a href=\"https:\/\/www.brandyourglass.eu\/de\/produkt\/weinglaeser-plastik-polycarbonat-dursichtig-wein-340cc\/\">klein<\/a> oder <a href=\"https:\/\/www.brandyourglass.eu\/de\/produkt\/plastik-weinglaeser-tritan-redone-schwarz-510cc\/\">gro\u00df<\/a> erh\u00e4ltlich<\/p>\n<p>Anpassbarer Trinkglaeser Wasser in TRITAN mit Ihrem eigenen Logo oder Ihrer eigenen Grafik und Sie k\u00f6nnen sich auf eine fantastische Veranstaltung verlassen, m\u00f6glicherweise ist ein anderer Typ eines \u00e4hnlichen <a href=\"https:\/\/www.brandyourglass.eu\/de\/produkt\/plastik-weinglaeser-tritan-transparent-wine-cocktail-470cc\/\">Modells<\/a> erh\u00e4ltlich oder eine <a href=\"https:\/\/www.brandyourglass.eu\/de\/produkt\/weinglas-plastik-polycarbonat-dursichtig-piscine-480cc\/\">gr\u00f6\u00dfere<\/a>.<\/p>\n<p>Fazit: Es ist die ideale Alternative zu Glasgl\u00e4sern. Wiederverwendbar und praktisch. Extrem vielseitig, perfekt f\u00fcr Gartenpartys und elegante Empf\u00e4nge, ideal f\u00fcr jede Party oder jeden Anlass.<\/p>\n<p>Unsere <a href=\"https:\/\/www.doimoflair.com\/de\/mehrweg-glaeser\/verkostungsglaeser\/\">Seite<\/a> k\u00f6nnte Sie auch interessieren<\/p>\n<p>[\/vc_column_text][\/vc_column][\/vc_row][vc_row][vc_column width=&#8221;1\/2&#8243;][vc_column_text]Abmessungen des einzelnen Glases<\/p>\n<p>[\/vc_column_text][vc_column_text]<\/p>\n<table class=\"sizes-table\">\n<tbody>\n<tr>\n<th style=\"text-align: left;\">Oberer Durchmesser<\/th>\n<td>65 mm<\/td>\n<\/tr>\n<tr>\n<th style=\"text-align: left;\">H\u00f6he<\/th>\n<td>99 mm<\/td>\n<\/tr>\n<tr>\n<th style=\"text-align: left;\">Dicke<\/th>\n<td>circa 2\u00a0 mm<\/td>\n<\/tr>\n<tr>\n<th style=\"text-align: left;\">Gewicht<\/th>\n<td>\u00a047 gr<\/td>\n<\/tr>\n<tr>\n<th style=\"text-align: left;\">Kapazit\u00e4t am Rand<\/th>\n<td>390 cc<\/td>\n<\/tr>\n<\/tbody>\n<\/table>\n<p>[\/vc_column_text][\/vc_column][vc_column width=&#8221;1\/2&#8243;][\/vc_column][\/vc_row]<\/p>\n","protected":false},"excerpt":{"rendered":"<p>Aus Tritan f\u00fcr h\u00f6chsten Glanz in Produkten, die sich biegen, ohne zu brechen. Leicht, vielseitig, ideal f\u00fcr die Verwendung im Au\u00dfenbereich, unzerbrechlich und sto\u00dffest, sp\u00fclmaschinenfest, zertifiziert und Made in Italy.<\/p>\n<p><img loading=\"lazy\" decoding=\"async\" class=\"wp-image-3193 alignnone\" src=\"https:\/\/www.brandyourglass.eu\/wp-content\/uploads\/2020\/02\/Icone-BPA-free.png\" alt=\"\" width=\"103\" height=\"89\" \/><img loading=\"lazy\" decoding=\"async\" class=\"alignnone wp-image-3192\" src=\"https:\/\/www.brandyourglass.eu\/wp-content\/uploads\/2020\/02\/Icone-diamond-transparency.png\" alt=\"\" width=\"103\" height=\"89\" \/>\u00a0 \u00a0 <img loading=\"lazy\" decoding=\"async\" class=\"alignnone wp-image-3180\" src=\"https:\/\/www.brandyourglass.eu\/wp-content\/uploads\/2020\/05\/icon-recycle.png\" alt=\"\" width=\"83\" height=\"83\" \/>\u00a0 \u00a0 <img loading=\"lazy\" decoding=\"async\" class=\"alignnone wp-image-3181\" src=\"https:\/\/www.brandyourglass.eu\/wp-content\/uploads\/2020\/05\/icon-unbreakable.png\" alt=\"\" width=\"83\" height=\"83\" \/><\/p>\n<p><strong><span style=\"font-size: 19px;\">MINDESTBESTELLUNG <span style=\"font-size: 25px;\">6<\/span> ST\u00dcCK<span style=\"font-size: 16px;\"> Ohne Logo &#8211; <em><span style=\"color: #ff6600;\">KOSTENLOSE<\/span><\/em> LIEFERUNG &#8211; <em><span style=\"color: #ff6600;\">KOSTENLOSE<\/span><\/em> DRUCKDATEN<\/span><\/span><\/strong><br \/>\n<span style=\"font-size: 18px;\">Die Mindestbestellmenge f\u00fcr dieses Glas betr\u00e4gt <strong>1<\/strong> Karton mit <strong>6<\/strong> einzeln verpackten Gl\u00e4sern, insgesamt <strong>6 St\u00fcck.<\/strong><\/span><\/p>\n<p><span style=\"font-size: 18px;\"><strong><span style=\"font-size: 19px;\">Fordern Sie ein individuelles <span style=\"color: #ff6600;\"><a style=\"color: #ff6600;\" href=\"https:\/\/www.brandyourglass.eu\/de\/kontakte\/\">Angebot<\/a><\/span> mit digitaler Vorschau an.<\/span><\/strong><\/span><\/p>\n","protected":false},"featured_media":4503,"template":"","meta":[],"product_cat":[244],"product_tag":[],"class_list":["post-4982","product","type-product","status-publish","has-post-thumbnail","hentry","product_cat-glaeser-aus-kunststoff","product_shipping_class-water-tt-390cc-conf-6-de","pa_scegli-tampografia-1-farbe","pa_scegli-tampografia-2-farben","pa_scegli-tampografia-keine-farbe","tm-has-styled-variations","tm-no-options-pxq"],"yoast_head":"<!-- This site is optimized with the Yoast SEO plugin v18.0 - https:\/\/yoast.com\/wordpress\/plugins\/seo\/ -->\n<title>Trinkglaeser Wasser f\u00fcr alle zwecke geeignet, f\u00fcr Saft Cocktail und more<\/title>\n<meta name=\"description\" content=\"Trinkglaeser geeignet f\u00fcr die Profis des Beverage, bietet sich f\u00fcr jedes Getr\u00e4nk an: Wasser, Soft- und Long-Drinks, Whisky, Rum und more\" \/>\n<meta name=\"robots\" content=\"index, follow, max-snippet:-1, max-image-preview:large, max-video-preview:-1\" \/>\n<link rel=\"canonical\" href=\"https:\/\/www.brandyourglass.eu\/de\/produkt\/trinkglaeser-wasser-tt-390cc-durchsichtig\/\" \/>\n<meta property=\"og:locale\" content=\"de_DE\" \/>\n<meta property=\"og:type\" content=\"article\" \/>\n<meta property=\"og:title\" content=\"Trinkglaeser Wasser f\u00fcr alle zwecke geeignet, f\u00fcr Saft Cocktail und more\" \/>\n<meta property=\"og:description\" content=\"Trinkglaeser geeignet f\u00fcr die Profis des Beverage, bietet sich f\u00fcr jedes Getr\u00e4nk an: Wasser, Soft- und Long-Drinks, Whisky, Rum und more\" \/>\n<meta property=\"og:url\" content=\"https:\/\/www.brandyourglass.eu\/de\/produkt\/trinkglaeser-wasser-tt-390cc-durchsichtig\/\" \/>\n<meta property=\"og:site_name\" content=\"brand your glass\" \/>\n<meta property=\"article:modified_time\" content=\"2024-01-19T16:35:32+00:00\" \/>\n<meta property=\"og:image\" content=\"https:\/\/www.brandyourglass.eu\/wp-content\/uploads\/2020\/02\/5003-21-1.jpg\" \/>\n\t<meta property=\"og:image:width\" content=\"1200\" \/>\n\t<meta property=\"og:image:height\" content=\"1500\" \/>\n\t<meta property=\"og:image:type\" content=\"image\/jpeg\" \/>\n<meta name=\"twitter:card\" content=\"summary_large_image\" \/>\n<meta name=\"twitter:label1\" content=\"Gesch\u00e4tzte Lesezeit\" \/>\n\t<meta name=\"twitter:data1\" content=\"3\u00a0Minuten\" \/>\n<script type=\"application\/ld+json\" class=\"yoast-schema-graph\">{\"@context\":\"https:\/\/schema.org\",\"@graph\":[{\"@type\":\"Organization\",\"@id\":\"https:\/\/www.brandyourglass.eu\/de\/#organization\",\"name\":\"DoimoFlair\",\"url\":\"https:\/\/www.brandyourglass.eu\/de\/\",\"sameAs\":[],\"logo\":{\"@type\":\"ImageObject\",\"@id\":\"https:\/\/www.brandyourglass.eu\/de\/#logo\",\"inLanguage\":\"de\",\"url\":\"https:\/\/www.brandyourglass.eu\/wp-content\/uploads\/2020\/07\/doimo-logo-email.png\",\"contentUrl\":\"https:\/\/www.brandyourglass.eu\/wp-content\/uploads\/2020\/07\/doimo-logo-email.png\",\"width\":200,\"height\":140,\"caption\":\"DoimoFlair\"},\"image\":{\"@id\":\"https:\/\/www.brandyourglass.eu\/de\/#logo\"}},{\"@type\":\"WebSite\",\"@id\":\"https:\/\/www.brandyourglass.eu\/de\/#website\",\"url\":\"https:\/\/www.brandyourglass.eu\/de\/\",\"name\":\"brand your glass\",\"description\":\"customize glasses with your logo\",\"publisher\":{\"@id\":\"https:\/\/www.brandyourglass.eu\/de\/#organization\"},\"potentialAction\":[{\"@type\":\"SearchAction\",\"target\":{\"@type\":\"EntryPoint\",\"urlTemplate\":\"https:\/\/www.brandyourglass.eu\/de\/?s={search_term_string}\"},\"query-input\":\"required name=search_term_string\"}],\"inLanguage\":\"de\"},{\"@type\":\"ImageObject\",\"@id\":\"https:\/\/www.brandyourglass.eu\/de\/produkt\/trinkglaeser-wasser-tt-390cc-durchsichtig\/#primaryimage\",\"inLanguage\":\"de\",\"url\":\"https:\/\/www.brandyourglass.eu\/wp-content\/uploads\/2020\/02\/5003-21-1.jpg\",\"contentUrl\":\"https:\/\/www.brandyourglass.eu\/wp-content\/uploads\/2020\/02\/5003-21-1.jpg\",\"width\":1200,\"height\":1500,\"caption\":\"Wassergl\u00e4ser personalisierbar mit Text und Logo Wasserglas - Water TT 390cc. aus unzerbrechlichem Kunststoff\"},{\"@type\":\"WebPage\",\"@id\":\"https:\/\/www.brandyourglass.eu\/de\/produkt\/trinkglaeser-wasser-tt-390cc-durchsichtig\/#webpage\",\"url\":\"https:\/\/www.brandyourglass.eu\/de\/produkt\/trinkglaeser-wasser-tt-390cc-durchsichtig\/\",\"name\":\"Trinkglaeser Wasser f\u00fcr alle zwecke geeignet, f\u00fcr Saft Cocktail und more\",\"isPartOf\":{\"@id\":\"https:\/\/www.brandyourglass.eu\/de\/#website\"},\"primaryImageOfPage\":{\"@id\":\"https:\/\/www.brandyourglass.eu\/de\/produkt\/trinkglaeser-wasser-tt-390cc-durchsichtig\/#primaryimage\"},\"datePublished\":\"2020-02-27T10:17:50+00:00\",\"dateModified\":\"2024-01-19T16:35:32+00:00\",\"description\":\"Trinkglaeser geeignet f\u00fcr die Profis des Beverage, bietet sich f\u00fcr jedes Getr\u00e4nk an: Wasser, Soft- und Long-Drinks, Whisky, Rum und more\",\"breadcrumb\":{\"@id\":\"https:\/\/www.brandyourglass.eu\/de\/produkt\/trinkglaeser-wasser-tt-390cc-durchsichtig\/#breadcrumb\"},\"inLanguage\":\"de\",\"potentialAction\":[{\"@type\":\"ReadAction\",\"target\":[\"https:\/\/www.brandyourglass.eu\/de\/produkt\/trinkglaeser-wasser-tt-390cc-durchsichtig\/\"]}]},{\"@type\":\"BreadcrumbList\",\"@id\":\"https:\/\/www.brandyourglass.eu\/de\/produkt\/trinkglaeser-wasser-tt-390cc-durchsichtig\/#breadcrumb\",\"itemListElement\":[{\"@type\":\"ListItem\",\"position\":1,\"name\":\"Home\",\"item\":\"https:\/\/www.brandyourglass.eu\/de\/\"},{\"@type\":\"ListItem\",\"position\":2,\"name\":\"Shop\",\"item\":\"https:\/\/www.brandyourglass.eu\/shop-2\/\"},{\"@type\":\"ListItem\",\"position\":3,\"name\":\"Water TT 390cc. -Durchsichtig\"}]}]}<\/script>\n<!-- \/ Yoast SEO plugin. -->","yoast_head_json":{"title":"Trinkglaeser Wasser f\u00fcr alle zwecke geeignet, f\u00fcr Saft Cocktail und more","description":"Trinkglaeser geeignet f\u00fcr die Profis des Beverage, bietet sich f\u00fcr jedes Getr\u00e4nk an: Wasser, Soft- und Long-Drinks, Whisky, Rum und more","robots":{"index":"index","follow":"follow","max-snippet":"max-snippet:-1","max-image-preview":"max-image-preview:large","max-video-preview":"max-video-preview:-1"},"canonical":"https:\/\/www.brandyourglass.eu\/de\/produkt\/trinkglaeser-wasser-tt-390cc-durchsichtig\/","og_locale":"de_DE","og_type":"article","og_title":"Trinkglaeser Wasser f\u00fcr alle zwecke geeignet, f\u00fcr Saft Cocktail und more","og_description":"Trinkglaeser geeignet f\u00fcr die Profis des Beverage, bietet sich f\u00fcr jedes Getr\u00e4nk an: Wasser, Soft- und Long-Drinks, Whisky, Rum und more","og_url":"https:\/\/www.brandyourglass.eu\/de\/produkt\/trinkglaeser-wasser-tt-390cc-durchsichtig\/","og_site_name":"brand your glass","article_modified_time":"2024-01-19T16:35:32+00:00","og_image":[{"width":1200,"height":1500,"url":"https:\/\/www.brandyourglass.eu\/wp-content\/uploads\/2020\/02\/5003-21-1.jpg","type":"image\/jpeg"}],"twitter_card":"summary_large_image","twitter_misc":{"Gesch\u00e4tzte Lesezeit":"3\u00a0Minuten"},"schema":{"@context":"https:\/\/schema.org","@graph":[{"@type":"Organization","@id":"https:\/\/www.brandyourglass.eu\/de\/#organization","name":"DoimoFlair","url":"https:\/\/www.brandyourglass.eu\/de\/","sameAs":[],"logo":{"@type":"ImageObject","@id":"https:\/\/www.brandyourglass.eu\/de\/#logo","inLanguage":"de","url":"https:\/\/www.brandyourglass.eu\/wp-content\/uploads\/2020\/07\/doimo-logo-email.png","contentUrl":"https:\/\/www.brandyourglass.eu\/wp-content\/uploads\/2020\/07\/doimo-logo-email.png","width":200,"height":140,"caption":"DoimoFlair"},"image":{"@id":"https:\/\/www.brandyourglass.eu\/de\/#logo"}},{"@type":"WebSite","@id":"https:\/\/www.brandyourglass.eu\/de\/#website","url":"https:\/\/www.brandyourglass.eu\/de\/","name":"brand your glass","description":"customize glasses with your logo","publisher":{"@id":"https:\/\/www.brandyourglass.eu\/de\/#organization"},"potentialAction":[{"@type":"SearchAction","target":{"@type":"EntryPoint","urlTemplate":"https:\/\/www.brandyourglass.eu\/de\/?s={search_term_string}"},"query-input":"required name=search_term_string"}],"inLanguage":"de"},{"@type":"ImageObject","@id":"https:\/\/www.brandyourglass.eu\/de\/produkt\/trinkglaeser-wasser-tt-390cc-durchsichtig\/#primaryimage","inLanguage":"de","url":"https:\/\/www.brandyourglass.eu\/wp-content\/uploads\/2020\/02\/5003-21-1.jpg","contentUrl":"https:\/\/www.brandyourglass.eu\/wp-content\/uploads\/2020\/02\/5003-21-1.jpg","width":1200,"height":1500,"caption":"Wassergl\u00e4ser personalisierbar mit Text und Logo Wasserglas - Water TT 390cc. aus unzerbrechlichem Kunststoff"},{"@type":"WebPage","@id":"https:\/\/www.brandyourglass.eu\/de\/produkt\/trinkglaeser-wasser-tt-390cc-durchsichtig\/#webpage","url":"https:\/\/www.brandyourglass.eu\/de\/produkt\/trinkglaeser-wasser-tt-390cc-durchsichtig\/","name":"Trinkglaeser Wasser f\u00fcr alle zwecke geeignet, f\u00fcr Saft Cocktail und more","isPartOf":{"@id":"https:\/\/www.brandyourglass.eu\/de\/#website"},"primaryImageOfPage":{"@id":"https:\/\/www.brandyourglass.eu\/de\/produkt\/trinkglaeser-wasser-tt-390cc-durchsichtig\/#primaryimage"},"datePublished":"2020-02-27T10:17:50+00:00","dateModified":"2024-01-19T16:35:32+00:00","description":"Trinkglaeser geeignet f\u00fcr die Profis des Beverage, bietet sich f\u00fcr jedes Getr\u00e4nk an: Wasser, Soft- und Long-Drinks, Whisky, Rum und more","breadcrumb":{"@id":"https:\/\/www.brandyourglass.eu\/de\/produkt\/trinkglaeser-wasser-tt-390cc-durchsichtig\/#breadcrumb"},"inLanguage":"de","potentialAction":[{"@type":"ReadAction","target":["https:\/\/www.brandyourglass.eu\/de\/produkt\/trinkglaeser-wasser-tt-390cc-durchsichtig\/"]}]},{"@type":"BreadcrumbList","@id":"https:\/\/www.brandyourglass.eu\/de\/produkt\/trinkglaeser-wasser-tt-390cc-durchsichtig\/#breadcrumb","itemListElement":[{"@type":"ListItem","position":1,"name":"Home","item":"https:\/\/www.brandyourglass.eu\/de\/"},{"@type":"ListItem","position":2,"name":"Shop","item":"https:\/\/www.brandyourglass.eu\/shop-2\/"},{"@type":"ListItem","position":3,"name":"Water TT 390cc. -Durchsichtig"}]}]}},"_links":{"self":[{"href":"https:\/\/www.brandyourglass.eu\/de\/wp-json\/wp\/v2\/product\/4982","targetHints":{"allow":["GET"]}}],"collection":[{"href":"https:\/\/www.brandyourglass.eu\/de\/wp-json\/wp\/v2\/product"}],"about":[{"href":"https:\/\/www.brandyourglass.eu\/de\/wp-json\/wp\/v2\/types\/product"}],"wp:featuredmedia":[{"embeddable":true,"href":"https:\/\/www.brandyourglass.eu\/de\/wp-json\/wp\/v2\/media\/4503"}],"wp:attachment":[{"href":"https:\/\/www.brandyourglass.eu\/de\/wp-json\/wp\/v2\/media?parent=4982"}],"wp:term":[{"taxonomy":"product_cat","embeddable":true,"href":"https:\/\/www.brandyourglass.eu\/de\/wp-json\/wp\/v2\/product_cat?post=4982"},{"taxonomy":"product_tag","embeddable":true,"href":"https:\/\/www.brandyourglass.eu\/de\/wp-json\/wp\/v2\/product_tag?post=4982"}],"curies":[{"name":"wp","href":"https:\/\/api.w.org\/{rel}","templated":true}]}}