{"id":5005,"date":"2020-02-27T11:13:13","date_gmt":"2020-02-27T10:13:13","guid":{"rendered":"https:\/\/www.brandyourglass.eu\/product\/flute-pc-170cc-weis\/"},"modified":"2024-01-19T17:55:08","modified_gmt":"2024-01-19T16:55:08","slug":"champagne-glas-polycarbonat-weiss-flute-170cc","status":"publish","type":"product","link":"https:\/\/www.brandyourglass.eu\/de\/produkt\/champagne-glas-polycarbonat-weiss-flute-170cc\/","title":{"rendered":"Flute PC 170cc. -Wei\u00df"},"content":{"rendered":"<p>[vc_row el_class=&#8221;m-b-md&#8221;][vc_column][vc_column_text]<\/p>\n<h2>Personalisierte Champagne Glas aus Polycarbonat mit Ihrem eigenen Logo oder Ihrer eigenen Grafik<\/h2>\n<p>Diese schwarze personalisierte Champagne Glas aus edlem Kunststoff und mit elegantem Design ist unzerbrechlich und somit perfekt f\u00fcr jede Situation zu Hause und drau\u00dfen.<\/p>\n<p>Hervorragende Alternative, wenn Glas aus praktischen oder dienstlichen Gr\u00fcnden nicht verwendet werden kann, daher perfekt f\u00fcr jeden Anlass.<\/p>\n<p>Beispielhafte Evolution in der Lebensmittel- und Getr\u00e4nkeindustrie, mit \u00f6kologischen Produktionsmethoden und der Schaffung intelligenter Produkte, die Gl\u00e4ser mit perfekten Proportionen schaffen, die mit Liebe zum Detail und au\u00dfergew\u00f6hnlicher Qualit\u00e4t behandelt werden.<\/p>\n<p>In gleicher Weise spiegeln die personalisierten Champagne Glas die Brillanz des Glases wider und verbinden es mit seiner langen Lebensdauer, der Best\u00e4ndigkeit gegen h\u00e4ufiges Waschen und damit der Unzerst\u00f6rbarkeit.<\/p>\n<h3>Unzerst\u00f6rbare und anpassbare Kreationen aus Polycarbonat<\/h3>\n<p>Multifunktionalit\u00e4t und faszinierende Sch\u00f6nheit machen die personalisierten Champagne Glas aus Polycarbonat zu einem wahren Meisterwerk in der Welt des Designs.<\/p>\n<p>vor allem die au\u00dfergew\u00f6hnlichen optischen Eigenschaften und die \u00fcberlegenen mechanischen und thermischen Eigenschaften ordnen ihn in die Reihe der \u201etechnologischen\u201c Kunststoffe ein.<\/p>\n<p>Die Haupteigenschaften der Champagne Glas aus Polycarbonat sind Funktionalit\u00e4t und Sch\u00f6nheit, die wir erg\u00e4nzen<\/p>\n<p>die vielen physikalischen Eigenschaften, wie zum Beispiel:<\/p>\n<p>&#8211; Unzerbrechlichkeit,<\/p>\n<p>&#8211; Widerstand,<\/p>\n<p>&#8211; Essen,<\/p>\n<p>&#8211; Praktisch und vor allem leicht <strong>anpassbar<\/strong>.<\/p>\n<p>Die kundenspezifischen Champagne Glas aus Polycarbonat sind extrem sto\u00dffest und sp\u00fclmaschinenfest.<\/p>\n<h4>Sie sind aus gesundheitlich unbedenklichem Material hergestellt, zertifiziert, umweltfreundlich und bei individueller Anpassung ist das Siegel des Logos garantiert.<\/h4>\n<p>Die personalisierte Champagne Glas passt sich der modernen Welt mit dem richtigen r\u00e4tselhaften Mehrwert an.<\/p>\n<p>Definitiv die meistgenutzte\u00a0glas, die die stilistischen Anforderungen einer 360\u00b0-Nutzung perfekt erf\u00fcllt.<\/p>\n<p>Derzeit in <a href=\"https:\/\/www.brandyourglass.eu\/de\/produkt\/sektglaeser-kunststoff-polycarbonat-durchsichtig-flute-170cc\/\">transparent<\/a>, <a href=\"https:\/\/www.brandyourglass.eu\/de\/produkt\/champagne-glas-polycarbonat-weiss-flute-170cc\/\">wei\u00df<\/a> und <a href=\"https:\/\/www.brandyourglass.eu\/de\/produkt\/sektglas-kunststoff-polycarbonat-schwarz-flute-170cc\/\">schwarz<\/a> erh\u00e4ltlich<\/p>\n<p>Personalisierte\u00a0glas aus Polycarbonat mit Ihrem eigenen Logo oder Ihrer eigenen Grafik und Sie k\u00f6nnen sich auf eine fantastische Veranstaltung verlassen, m\u00f6glicherweise ist ein anderer Typ eines \u00e4hnlichen <a href=\"https:\/\/www.brandyourglass.eu\/de\/produkt\/plastik-champagnerglaeser-tritan-durchsichtig-perlage-240cc\/\">Modells<\/a> erh\u00e4ltlich. oder etwas <a href=\"https:\/\/www.brandyourglass.eu\/de\/produkt\/sektkelche-kunststoff-san-durchsichtig-flute-150cc\/\">kleiner<\/a>.<\/p>\n<p>Fazit: Es ist die ideale Alternative zu Glaskelchen. Wiederverwendbar und praktisch. Extrem vielseitig, perfekt f\u00fcr Gartenpartys und elegante Empf\u00e4nge, ideal f\u00fcr jede Party oder jeden Anlass.<\/p>\n<p>Unsere <a href=\"https:\/\/www.doimoflair.com\/de\/mehrweg-glaeser\/sektglaeser\/\">Seite<\/a> k\u00f6nnte Sie auch interessieren<\/p>\n<p>[\/vc_column_text][\/vc_column][\/vc_row][vc_row][vc_column width=&#8221;1\/2&#8243;][vc_column_text]Abmessungen des einzelnen Glases<\/p>\n<p>[\/vc_column_text][vc_column_text]<\/p>\n<table class=\"sizes-table\">\n<tbody>\n<tr>\n<th style=\"text-align: left;\">Oberer Durchmesser<\/th>\n<td>58 mm<\/td>\n<\/tr>\n<tr>\n<th style=\"text-align: left;\">H\u00f6he<\/th>\n<td>207 mm<\/td>\n<\/tr>\n<tr>\n<th style=\"text-align: left;\">Dicke<\/th>\n<td>circa 2-6 mm<\/td>\n<\/tr>\n<tr>\n<th style=\"text-align: left;\">Gewicht<\/th>\n<td>99 gr<\/td>\n<\/tr>\n<tr>\n<th style=\"text-align: left;\">Kapazit\u00e4t am Rand<\/th>\n<td>170 cc<\/td>\n<\/tr>\n<\/tbody>\n<\/table>\n<p>[\/vc_column_text][\/vc_column][vc_column width=&#8221;1\/2&#8243;][\/vc_column][\/vc_row]<\/p>\n","protected":false},"excerpt":{"rendered":"<p class=\"p1\">Aus Polykarbonat f\u00fcr unverw\u00fcstliche Kreationen. Leicht, vielseitig, ideal f\u00fcr die Verwendung im Au\u00dfenbereich, unzerbrechlich und sto\u00dffest, sp\u00fclmaschinenfest, zertifiziert und Made in Italy. Verf\u00fcgbar in Transparent oder Wei\u00df und Schwarz.<\/p>\n<p><img loading=\"lazy\" decoding=\"async\" class=\"alignnone wp-image-3180\" src=\"https:\/\/www.brandyourglass.eu\/wp-content\/uploads\/2020\/05\/icon-recycle.png\" alt=\"\" width=\"83\" height=\"83\" \/> <img loading=\"lazy\" decoding=\"async\" class=\"alignnone wp-image-3181\" src=\"https:\/\/www.brandyourglass.eu\/wp-content\/uploads\/2020\/05\/icon-unbreakable.png\" alt=\"\" width=\"83\" height=\"83\" \/> <img loading=\"lazy\" decoding=\"async\" class=\"alignnone wp-image-3182\" src=\"https:\/\/www.brandyourglass.eu\/wp-content\/uploads\/2020\/05\/icon-lightness1.png\" alt=\"\" width=\"83\" height=\"83\" \/><\/p>\n<p><span style=\"font-size: 19px;\"><strong>MINDESTBESTELLUNG <span style=\"font-size: 25px;\">24<\/span>\u00a0ST\u00dcCK<span style=\"font-size: 16px;\"> Ohne Logo &#8211; <em><span style=\"color: #ff6600;\">KOSTENLOSE<\/span><\/em> LIEFERUNG &#8211; <em><span style=\"color: #ff6600;\">KOSTENLOSE<\/span><\/em> DRUCKDATEN<\/span><\/strong><\/span><br \/>\n<span style=\"font-size: 18px;\">Die Mindestbestellmenge f\u00fcr dieses Glas betr\u00e4gt <strong>1<\/strong> Kartons mit <strong>24<\/strong> einzeln verpackten Gl\u00e4sern, insgesamt <strong>24 St\u00fcck.<\/strong><\/span><\/p>\n<p style=\"text-align: left;\"><strong><span style=\"font-size: 19px;\">Fordern Sie ein individuelles <span style=\"color: #ff6600;\"><a style=\"color: #ff6600;\" href=\"https:\/\/www.brandyourglass.eu\/de\/kontakte\/\">Angebot<\/a><\/span> mit digitaler Vorschau an.<\/span><\/strong><\/p>\n","protected":false},"featured_media":4373,"template":"","meta":[],"product_cat":[241],"product_tag":[],"class_list":["post-5005","product","type-product","status-publish","has-post-thumbnail","hentry","product_cat-sektglaeser-aus-plastik","product_shipping_class-flute-pc-170cc-conf-24-de","pa_scegli-tampografia-1-farbe","pa_scegli-tampografia-2-farben","pa_scegli-tampografia-keine-farbe","tm-has-styled-variations","tm-no-options-pxq"],"yoast_head":"<!-- This site is optimized with the Yoast SEO plugin v18.0 - https:\/\/yoast.com\/wordpress\/plugins\/seo\/ -->\n<title>Champagne Glas Weiss f\u00fcr besonderen anlass mit bedruktes Logo-Name<\/title>\n<meta name=\"description\" content=\"Dieses Champagne Glas ist f\u00fcr jedes besonderen anlass perfekt sch\u00f6nes Design und best\u00e4ndig, leicht sp\u00fclmaschinenfest und Druckar mit Logo\" \/>\n<meta name=\"robots\" content=\"index, follow, max-snippet:-1, max-image-preview:large, max-video-preview:-1\" \/>\n<link rel=\"canonical\" href=\"https:\/\/www.brandyourglass.eu\/de\/produkt\/champagne-glas-polycarbonat-weiss-flute-170cc\/\" \/>\n<meta property=\"og:locale\" content=\"de_DE\" \/>\n<meta property=\"og:type\" content=\"article\" \/>\n<meta property=\"og:title\" content=\"Champagne Glas Weiss f\u00fcr besonderen anlass mit bedruktes Logo-Name\" \/>\n<meta property=\"og:description\" content=\"Dieses Champagne Glas ist f\u00fcr jedes besonderen anlass perfekt sch\u00f6nes Design und best\u00e4ndig, leicht sp\u00fclmaschinenfest und Druckar mit Logo\" \/>\n<meta property=\"og:url\" content=\"https:\/\/www.brandyourglass.eu\/de\/produkt\/champagne-glas-polycarbonat-weiss-flute-170cc\/\" \/>\n<meta property=\"og:site_name\" content=\"brand your glass\" \/>\n<meta property=\"article:modified_time\" content=\"2024-01-19T16:55:08+00:00\" \/>\n<meta property=\"og:image\" content=\"https:\/\/www.brandyourglass.eu\/wp-content\/uploads\/2020\/03\/F17PC_W.jpg\" \/>\n\t<meta property=\"og:image:width\" content=\"1200\" \/>\n\t<meta property=\"og:image:height\" content=\"1500\" \/>\n\t<meta property=\"og:image:type\" content=\"image\/jpeg\" \/>\n<meta name=\"twitter:card\" content=\"summary_large_image\" \/>\n<meta name=\"twitter:label1\" content=\"Gesch\u00e4tzte Lesezeit\" \/>\n\t<meta name=\"twitter:data1\" content=\"2\u00a0Minuten\" \/>\n<script type=\"application\/ld+json\" class=\"yoast-schema-graph\">{\"@context\":\"https:\/\/schema.org\",\"@graph\":[{\"@type\":\"Organization\",\"@id\":\"https:\/\/www.brandyourglass.eu\/de\/#organization\",\"name\":\"DoimoFlair\",\"url\":\"https:\/\/www.brandyourglass.eu\/de\/\",\"sameAs\":[],\"logo\":{\"@type\":\"ImageObject\",\"@id\":\"https:\/\/www.brandyourglass.eu\/de\/#logo\",\"inLanguage\":\"de\",\"url\":\"https:\/\/www.brandyourglass.eu\/wp-content\/uploads\/2020\/07\/doimo-logo-email.png\",\"contentUrl\":\"https:\/\/www.brandyourglass.eu\/wp-content\/uploads\/2020\/07\/doimo-logo-email.png\",\"width\":200,\"height\":140,\"caption\":\"DoimoFlair\"},\"image\":{\"@id\":\"https:\/\/www.brandyourglass.eu\/de\/#logo\"}},{\"@type\":\"WebSite\",\"@id\":\"https:\/\/www.brandyourglass.eu\/de\/#website\",\"url\":\"https:\/\/www.brandyourglass.eu\/de\/\",\"name\":\"brand your glass\",\"description\":\"customize glasses with your logo\",\"publisher\":{\"@id\":\"https:\/\/www.brandyourglass.eu\/de\/#organization\"},\"potentialAction\":[{\"@type\":\"SearchAction\",\"target\":{\"@type\":\"EntryPoint\",\"urlTemplate\":\"https:\/\/www.brandyourglass.eu\/de\/?s={search_term_string}\"},\"query-input\":\"required name=search_term_string\"}],\"inLanguage\":\"de\"},{\"@type\":\"ImageObject\",\"@id\":\"https:\/\/www.brandyourglass.eu\/de\/produkt\/champagne-glas-polycarbonat-weiss-flute-170cc\/#primaryimage\",\"inLanguage\":\"de\",\"url\":\"https:\/\/www.brandyourglass.eu\/wp-content\/uploads\/2020\/03\/F17PC_W.jpg\",\"contentUrl\":\"https:\/\/www.brandyourglass.eu\/wp-content\/uploads\/2020\/03\/F17PC_W.jpg\",\"width\":1200,\"height\":1500,\"caption\":\"Sektgl\u00e4ser personalisierbar mit Texten und Logo Flute PC 170cc. - wei\u00df aus unzerbrechlichem Kunststoff\"},{\"@type\":\"WebPage\",\"@id\":\"https:\/\/www.brandyourglass.eu\/de\/produkt\/champagne-glas-polycarbonat-weiss-flute-170cc\/#webpage\",\"url\":\"https:\/\/www.brandyourglass.eu\/de\/produkt\/champagne-glas-polycarbonat-weiss-flute-170cc\/\",\"name\":\"Champagne Glas Weiss f\u00fcr besonderen anlass mit bedruktes Logo-Name\",\"isPartOf\":{\"@id\":\"https:\/\/www.brandyourglass.eu\/de\/#website\"},\"primaryImageOfPage\":{\"@id\":\"https:\/\/www.brandyourglass.eu\/de\/produkt\/champagne-glas-polycarbonat-weiss-flute-170cc\/#primaryimage\"},\"datePublished\":\"2020-02-27T10:13:13+00:00\",\"dateModified\":\"2024-01-19T16:55:08+00:00\",\"description\":\"Dieses Champagne Glas ist f\u00fcr jedes besonderen anlass perfekt sch\u00f6nes Design und best\u00e4ndig, leicht sp\u00fclmaschinenfest und Druckar mit Logo\",\"breadcrumb\":{\"@id\":\"https:\/\/www.brandyourglass.eu\/de\/produkt\/champagne-glas-polycarbonat-weiss-flute-170cc\/#breadcrumb\"},\"inLanguage\":\"de\",\"potentialAction\":[{\"@type\":\"ReadAction\",\"target\":[\"https:\/\/www.brandyourglass.eu\/de\/produkt\/champagne-glas-polycarbonat-weiss-flute-170cc\/\"]}]},{\"@type\":\"BreadcrumbList\",\"@id\":\"https:\/\/www.brandyourglass.eu\/de\/produkt\/champagne-glas-polycarbonat-weiss-flute-170cc\/#breadcrumb\",\"itemListElement\":[{\"@type\":\"ListItem\",\"position\":1,\"name\":\"Home\",\"item\":\"https:\/\/www.brandyourglass.eu\/de\/\"},{\"@type\":\"ListItem\",\"position\":2,\"name\":\"Shop\",\"item\":\"https:\/\/www.brandyourglass.eu\/shop-2\/\"},{\"@type\":\"ListItem\",\"position\":3,\"name\":\"Flute PC 170cc. -Wei\u00df\"}]}]}<\/script>\n<!-- \/ Yoast SEO plugin. -->","yoast_head_json":{"title":"Champagne Glas Weiss f\u00fcr besonderen anlass mit bedruktes Logo-Name","description":"Dieses Champagne Glas ist f\u00fcr jedes besonderen anlass perfekt sch\u00f6nes Design und best\u00e4ndig, leicht sp\u00fclmaschinenfest und Druckar mit Logo","robots":{"index":"index","follow":"follow","max-snippet":"max-snippet:-1","max-image-preview":"max-image-preview:large","max-video-preview":"max-video-preview:-1"},"canonical":"https:\/\/www.brandyourglass.eu\/de\/produkt\/champagne-glas-polycarbonat-weiss-flute-170cc\/","og_locale":"de_DE","og_type":"article","og_title":"Champagne Glas Weiss f\u00fcr besonderen anlass mit bedruktes Logo-Name","og_description":"Dieses Champagne Glas ist f\u00fcr jedes besonderen anlass perfekt sch\u00f6nes Design und best\u00e4ndig, leicht sp\u00fclmaschinenfest und Druckar mit Logo","og_url":"https:\/\/www.brandyourglass.eu\/de\/produkt\/champagne-glas-polycarbonat-weiss-flute-170cc\/","og_site_name":"brand your glass","article_modified_time":"2024-01-19T16:55:08+00:00","og_image":[{"width":1200,"height":1500,"url":"https:\/\/www.brandyourglass.eu\/wp-content\/uploads\/2020\/03\/F17PC_W.jpg","type":"image\/jpeg"}],"twitter_card":"summary_large_image","twitter_misc":{"Gesch\u00e4tzte Lesezeit":"2\u00a0Minuten"},"schema":{"@context":"https:\/\/schema.org","@graph":[{"@type":"Organization","@id":"https:\/\/www.brandyourglass.eu\/de\/#organization","name":"DoimoFlair","url":"https:\/\/www.brandyourglass.eu\/de\/","sameAs":[],"logo":{"@type":"ImageObject","@id":"https:\/\/www.brandyourglass.eu\/de\/#logo","inLanguage":"de","url":"https:\/\/www.brandyourglass.eu\/wp-content\/uploads\/2020\/07\/doimo-logo-email.png","contentUrl":"https:\/\/www.brandyourglass.eu\/wp-content\/uploads\/2020\/07\/doimo-logo-email.png","width":200,"height":140,"caption":"DoimoFlair"},"image":{"@id":"https:\/\/www.brandyourglass.eu\/de\/#logo"}},{"@type":"WebSite","@id":"https:\/\/www.brandyourglass.eu\/de\/#website","url":"https:\/\/www.brandyourglass.eu\/de\/","name":"brand your glass","description":"customize glasses with your logo","publisher":{"@id":"https:\/\/www.brandyourglass.eu\/de\/#organization"},"potentialAction":[{"@type":"SearchAction","target":{"@type":"EntryPoint","urlTemplate":"https:\/\/www.brandyourglass.eu\/de\/?s={search_term_string}"},"query-input":"required name=search_term_string"}],"inLanguage":"de"},{"@type":"ImageObject","@id":"https:\/\/www.brandyourglass.eu\/de\/produkt\/champagne-glas-polycarbonat-weiss-flute-170cc\/#primaryimage","inLanguage":"de","url":"https:\/\/www.brandyourglass.eu\/wp-content\/uploads\/2020\/03\/F17PC_W.jpg","contentUrl":"https:\/\/www.brandyourglass.eu\/wp-content\/uploads\/2020\/03\/F17PC_W.jpg","width":1200,"height":1500,"caption":"Sektgl\u00e4ser personalisierbar mit Texten und Logo Flute PC 170cc. - wei\u00df aus unzerbrechlichem Kunststoff"},{"@type":"WebPage","@id":"https:\/\/www.brandyourglass.eu\/de\/produkt\/champagne-glas-polycarbonat-weiss-flute-170cc\/#webpage","url":"https:\/\/www.brandyourglass.eu\/de\/produkt\/champagne-glas-polycarbonat-weiss-flute-170cc\/","name":"Champagne Glas Weiss f\u00fcr besonderen anlass mit bedruktes Logo-Name","isPartOf":{"@id":"https:\/\/www.brandyourglass.eu\/de\/#website"},"primaryImageOfPage":{"@id":"https:\/\/www.brandyourglass.eu\/de\/produkt\/champagne-glas-polycarbonat-weiss-flute-170cc\/#primaryimage"},"datePublished":"2020-02-27T10:13:13+00:00","dateModified":"2024-01-19T16:55:08+00:00","description":"Dieses Champagne Glas ist f\u00fcr jedes besonderen anlass perfekt sch\u00f6nes Design und best\u00e4ndig, leicht sp\u00fclmaschinenfest und Druckar mit Logo","breadcrumb":{"@id":"https:\/\/www.brandyourglass.eu\/de\/produkt\/champagne-glas-polycarbonat-weiss-flute-170cc\/#breadcrumb"},"inLanguage":"de","potentialAction":[{"@type":"ReadAction","target":["https:\/\/www.brandyourglass.eu\/de\/produkt\/champagne-glas-polycarbonat-weiss-flute-170cc\/"]}]},{"@type":"BreadcrumbList","@id":"https:\/\/www.brandyourglass.eu\/de\/produkt\/champagne-glas-polycarbonat-weiss-flute-170cc\/#breadcrumb","itemListElement":[{"@type":"ListItem","position":1,"name":"Home","item":"https:\/\/www.brandyourglass.eu\/de\/"},{"@type":"ListItem","position":2,"name":"Shop","item":"https:\/\/www.brandyourglass.eu\/shop-2\/"},{"@type":"ListItem","position":3,"name":"Flute PC 170cc. -Wei\u00df"}]}]}},"_links":{"self":[{"href":"https:\/\/www.brandyourglass.eu\/de\/wp-json\/wp\/v2\/product\/5005","targetHints":{"allow":["GET"]}}],"collection":[{"href":"https:\/\/www.brandyourglass.eu\/de\/wp-json\/wp\/v2\/product"}],"about":[{"href":"https:\/\/www.brandyourglass.eu\/de\/wp-json\/wp\/v2\/types\/product"}],"wp:featuredmedia":[{"embeddable":true,"href":"https:\/\/www.brandyourglass.eu\/de\/wp-json\/wp\/v2\/media\/4373"}],"wp:attachment":[{"href":"https:\/\/www.brandyourglass.eu\/de\/wp-json\/wp\/v2\/media?parent=5005"}],"wp:term":[{"taxonomy":"product_cat","embeddable":true,"href":"https:\/\/www.brandyourglass.eu\/de\/wp-json\/wp\/v2\/product_cat?post=5005"},{"taxonomy":"product_tag","embeddable":true,"href":"https:\/\/www.brandyourglass.eu\/de\/wp-json\/wp\/v2\/product_tag?post=5005"}],"curies":[{"name":"wp","href":"https:\/\/api.w.org\/{rel}","templated":true}]}}