{"id":5035,"date":"2020-02-27T11:05:23","date_gmt":"2020-02-27T10:05:23","guid":{"rendered":"https:\/\/www.brandyourglass.eu\/product\/petit-perlage-tt-160cc-trasparent\/"},"modified":"2024-01-19T18:14:49","modified_gmt":"2024-01-19T17:14:49","slug":"sektkelche-plastik-tritan-durchsichtig-petit-perlage-160cc","status":"publish","type":"product","link":"https:\/\/www.brandyourglass.eu\/de\/produkt\/sektkelche-plastik-tritan-durchsichtig-petit-perlage-160cc\/","title":{"rendered":"Petit Perlage TT 160cc. -Durchsichtig"},"content":{"rendered":"<p>[vc_row el_class=&#8221;m-b-md&#8221;][vc_column][vc_column_text]<\/p>\n<h2>Sektkelche Plastik aus starrem Kunststoff, personalisierbar mit Ihrem eigenen Logo oder Grafiken<\/h2>\n<p>Dieses transparente Sektkelche Plastik aus edlem Kunststoff und in elegantem Design ist bruchfest und somit perfekt f\u00fcr jede Situation zuhause und drau\u00dfen.<\/p>\n<p>Hervorragende Alternative, wenn Glas aus praktischen oder dienstlichen Gr\u00fcnden nicht verwendet werden kann, daher perfekt f\u00fcr jeden Anlass.<\/p>\n<p>Beispielhafte Evolution in der Lebensmittel- und Getr\u00e4nkeindustrie, mit \u00f6kologischen Produktionsmethoden und der Schaffung intelligenter Produkte, die Gl\u00e4ser mit perfekten Proportionen schaffen, die mit Liebe zum Detail und au\u00dfergew\u00f6hnlicher Qualit\u00e4t behandelt werden.<\/p>\n<p>Ebenso spiegeln die Sektkelche Plastik das Glas in Brillanz und Transparenz wieder und verbinden dessen Langlebigkeit, Best\u00e4ndigkeit gegen h\u00e4ufiges Waschen und damit Unverw\u00fcstlichkeit.<\/p>\n<p>In Tritan brillante Werke, die sich biegen, aber nicht brechen<\/p>\n<h3>Es ist leicht, vielseitig und ideal f\u00fcr den Au\u00dfenbereich, da es unzerbrechlich, sto\u00dffest und sp\u00fclmaschinenfest ist.<\/h3>\n<p>Dieser Sektkelche Plastik ist in Italien hergestellt und zertifiziert<\/p>\n<p>&#8211; Innovativ<\/p>\n<p>&#8211; Stabil<\/p>\n<p>&#8211; Originell<\/p>\n<p>&#8211; Einfach zu handhaben und vor allem <strong>anpassbar<\/strong><\/p>\n<p>Das Sektkelche Plastik passt sich der Zeitgenossen mit dem richtigen hintergr\u00fcndigen Mehrwert an. Definitiv das am h\u00e4ufigsten verwendete Champagnerglas, das perfekt auf die stilistischen Anforderungen einer 360\u00b0-Nutzung eingeht.<br \/>\nDerzeit nur in transparent erh\u00e4ltlich.<\/p>\n<h4>Logo-Personalisierung ist auf Anfrage erh\u00e4ltlich, von einer bis maximal 2 Farben bei einer Mindestbestellmenge von 120 St\u00fcck.<\/h4>\n<p>Im Jahr 2010 bringt eine neue Generation von Harzen die hervorragenden und bekannten Eigenschaften von Copolyestern mit W\u00e4rmebest\u00e4ndigkeit in Einklang und schafft eine erfolgreiche Kombination, die Tritan&#x2122; (TT) Leben einhaucht.<\/p>\n<p>Eine ausgekl\u00fcgelte L\u00f6sung, die sich durch hervorragende Sto\u00dffestigkeit, dauerhafte Transparenz und au\u00dfergew\u00f6hnliche Oberfl\u00e4chenbrillanz auszeichnet, das Fehlen von Bisphenol-A und die Best\u00e4ndigkeit gegen hohe Temperaturen garantieren, dass dieser Kelch den europ\u00e4ischen, amerikanischen und japanischen Lebensmitteln entspricht.<\/p>\n<p>TRITAN, die neue Generation von Copolyestern, die sowohl im Lebensmittel- als auch im Medizinbereich erfolgreich eingesetzt wird, macht den Sektkelch daher zu einem perfekten Werkzeug f\u00fcr die Personalisierung mit Ihrem eigenen Logo oder Grafiken, geeignet f\u00fcr Veranstaltungen, Partys, Messen, Zeremonien und alle Veranstaltungen, bei denen Glas nicht der Fall ist aufgrund m\u00f6glicher Br\u00fcche willkommener und somit gef\u00e4hrlich f\u00fcr die Sicherheit Ihrer G\u00e4ste.<\/p>\n<p>Vor\u00fcbergehend in <a href=\"https:\/\/www.brandyourglass.eu\/de\/produkt\/sektkelche-kunststoff-san-durchsichtig-flute-150cc\/\">transparent<\/a> oder in einem anderen Modelltyp in <a href=\"https:\/\/www.brandyourglass.eu\/de\/produkt\/sektglas-kunststoff-polycarbonat-schwarz-flute-170cc\/\">Schwarz<\/a> und <a href=\"https:\/\/www.brandyourglass.eu\/de\/produkt\/champagne-glas-polycarbonat-weiss-flute-170cc\/\">Wei\u00df<\/a> erh\u00e4ltlich<\/p>\n<p>Personalisiertes Sektkelche Plastik aus Tritan mit Ihrem eigenen Logo oder Grafiken und Sie k\u00f6nnen sich auf ein fantastisches Event verlassen, m\u00f6glicherweise ist ein anderer Typ eines \u00e4hnlichen <a href=\"https:\/\/www.brandyourglass.eu\/de\/produkt\/plastik-champagnerglaeser-tritan-durchsichtig-perlage-240cc\/\">Modells<\/a> erh\u00e4ltlich oder etwas <a href=\"https:\/\/www.brandyourglass.eu\/de\/produkt\/champagnertulpen-polycarbonat-durchsichtig-premium-flute-190cc\/\">gr\u00f6\u00dfer<\/a>.<\/p>\n<p>Fazit: Es ist die ideale Alternative zu Glaskelchen. Wiederverwendbar und praktisch. Extrem vielseitig, perfekt f\u00fcr Gartenpartys und elegante Empf\u00e4nge, ideal f\u00fcr jede Party oder jeden Anlass.<\/p>\n<p>Unsere <a href=\"https:\/\/www.doimoflair.com\/de\/mehrweg-glaeser\/sektglaeser\/\">Seite<\/a> k\u00f6nnte Sie auch interessieren<\/p>\n<p>[\/vc_column_text][\/vc_column][\/vc_row][vc_row][vc_column width=&#8221;1\/2&#8243;][vc_column_text]Abmessungen des einzelnen Glases<\/p>\n<p>[\/vc_column_text][vc_column_text]<\/p>\n<table class=\"sizes-table\">\n<tbody>\n<tr>\n<th style=\"text-align: left;\">Oberer Durchmesser<\/th>\n<td>47 mm<\/td>\n<\/tr>\n<tr>\n<th style=\"text-align: left;\">H\u00f6he<\/th>\n<td>192 mm<\/td>\n<\/tr>\n<tr>\n<th style=\"text-align: left;\">Dicke<\/th>\n<td>circa 2 mm<\/td>\n<\/tr>\n<tr>\n<th style=\"text-align: left;\">Gewicht<\/th>\n<td>45 gr<\/td>\n<\/tr>\n<tr>\n<th style=\"text-align: left;\">Kapazit\u00e4t am Rand<\/th>\n<td>160 cc<\/td>\n<\/tr>\n<\/tbody>\n<\/table>\n<p>[\/vc_column_text][\/vc_column][vc_column width=&#8221;1\/2&#8243;][\/vc_column][\/vc_row]<\/p>\n","protected":false},"excerpt":{"rendered":"<p>Aus Tritan f\u00fcr h\u00f6chsten Glanz in Produkten, die sich biegen, ohne zu brechen. Leicht, vielseitig, ideal f\u00fcr die Verwendung im Au\u00dfenbereich, unzerbrechlich und sto\u00dffest, sp\u00fclmaschinenfest, zertifiziert und Made in Italy.<\/p>\n<p><img loading=\"lazy\" decoding=\"async\" class=\"wp-image-3193 alignnone\" src=\"https:\/\/www.brandyourglass.eu\/wp-content\/uploads\/2020\/02\/Icone-BPA-free.png\" alt=\"\" width=\"103\" height=\"89\" \/><img loading=\"lazy\" decoding=\"async\" class=\"alignnone wp-image-3192\" src=\"https:\/\/www.brandyourglass.eu\/wp-content\/uploads\/2020\/02\/Icone-diamond-transparency.png\" alt=\"\" width=\"103\" height=\"89\" \/>\u00a0 \u00a0 <img loading=\"lazy\" decoding=\"async\" class=\"alignnone wp-image-3180\" src=\"https:\/\/www.brandyourglass.eu\/wp-content\/uploads\/2020\/05\/icon-recycle.png\" alt=\"\" width=\"83\" height=\"83\" \/>\u00a0 \u00a0 <img loading=\"lazy\" decoding=\"async\" class=\"alignnone wp-image-3181\" src=\"https:\/\/www.brandyourglass.eu\/wp-content\/uploads\/2020\/05\/icon-unbreakable.png\" alt=\"\" width=\"83\" height=\"83\" \/><\/p>\n<p><strong><span style=\"font-size: 19px;\">MINDESTBESTELLUNG <span style=\"font-size: 25px;\">120<\/span> ST\u00dcCK<span style=\"font-size: 16px;\"> &#8211; <em><span style=\"color: #ff6600;\">KOSTENLOSE<\/span><\/em> LIEFERUNG &#8211; <em><span style=\"color: #ff6600;\">KOSTENLOSE<\/span><\/em> DRUCKDATEN<\/span><\/span><\/strong><br \/>\n<span style=\"font-size: 18px;\">Die Mindestbestellmenge f\u00fcr dieses Glas betr\u00e4gt <strong>20<\/strong> Kartons mit <strong>6<\/strong> einzeln verpackten Gl\u00e4sern, insgesamt <strong>120 St\u00fcck.<\/strong><\/span><\/p>\n<p><span style=\"font-size: 18px;\"><strong><span style=\"font-size: 19px;\">Fordern Sie ein individuelles <span style=\"color: #ff6600;\"><a style=\"color: #ff6600;\" href=\"https:\/\/www.brandyourglass.eu\/de\/kontakte\/\">Angebot<\/a><\/span> mit digitaler Vorschau an.<\/span><\/strong><\/span><\/p>\n","protected":false},"featured_media":4358,"template":"","meta":[],"product_cat":[241],"product_tag":[],"class_list":["post-5035","product","type-product","status-publish","has-post-thumbnail","hentry","product_cat-sektglaeser-aus-plastik","product_shipping_class-petit-perlage-tt-160cc-conf-6-de","pa_scegli-tampografia-1-farbe","pa_scegli-tampografia-2-farben","pa_scegli-tampografia-keine-farbe","tm-has-styled-variations","tm-no-options-pxq"],"yoast_head":"<!-- This site is optimized with the Yoast SEO plugin v18.0 - https:\/\/yoast.com\/wordpress\/plugins\/seo\/ -->\n<title>Sektkelche plastik personaliesiert mit eigenem Logo oder name des Lokal<\/title>\n<meta name=\"description\" content=\"Sektkelche plastik ein Glas aus hochwertigem Tritankunststoff, mit guter Wandst\u00e4rke, um die \u00c4hnlichkeit in Aussehen mit Glas mit Logo\" \/>\n<meta name=\"robots\" content=\"index, follow, max-snippet:-1, max-image-preview:large, max-video-preview:-1\" \/>\n<link rel=\"canonical\" href=\"https:\/\/www.brandyourglass.eu\/de\/produkt\/sektkelche-plastik-tritan-durchsichtig-petit-perlage-160cc\/\" \/>\n<meta property=\"og:locale\" content=\"de_DE\" \/>\n<meta property=\"og:type\" content=\"article\" \/>\n<meta property=\"og:title\" content=\"Sektkelche plastik personaliesiert mit eigenem Logo oder name des Lokal\" \/>\n<meta property=\"og:description\" content=\"Sektkelche plastik ein Glas aus hochwertigem Tritankunststoff, mit guter Wandst\u00e4rke, um die \u00c4hnlichkeit in Aussehen mit Glas mit Logo\" \/>\n<meta property=\"og:url\" content=\"https:\/\/www.brandyourglass.eu\/de\/produkt\/sektkelche-plastik-tritan-durchsichtig-petit-perlage-160cc\/\" \/>\n<meta property=\"og:site_name\" content=\"brand your glass\" \/>\n<meta property=\"article:modified_time\" content=\"2024-01-19T17:14:49+00:00\" \/>\n<meta property=\"og:image\" content=\"https:\/\/www.brandyourglass.eu\/wp-content\/uploads\/2020\/02\/5021.jpg\" \/>\n\t<meta property=\"og:image:width\" content=\"1200\" \/>\n\t<meta property=\"og:image:height\" content=\"1500\" \/>\n\t<meta property=\"og:image:type\" content=\"image\/jpeg\" \/>\n<meta name=\"twitter:card\" content=\"summary_large_image\" \/>\n<meta name=\"twitter:label1\" content=\"Gesch\u00e4tzte Lesezeit\" \/>\n\t<meta name=\"twitter:data1\" content=\"3\u00a0Minuten\" \/>\n<script type=\"application\/ld+json\" class=\"yoast-schema-graph\">{\"@context\":\"https:\/\/schema.org\",\"@graph\":[{\"@type\":\"Organization\",\"@id\":\"https:\/\/www.brandyourglass.eu\/de\/#organization\",\"name\":\"DoimoFlair\",\"url\":\"https:\/\/www.brandyourglass.eu\/de\/\",\"sameAs\":[],\"logo\":{\"@type\":\"ImageObject\",\"@id\":\"https:\/\/www.brandyourglass.eu\/de\/#logo\",\"inLanguage\":\"de\",\"url\":\"https:\/\/www.brandyourglass.eu\/wp-content\/uploads\/2020\/07\/doimo-logo-email.png\",\"contentUrl\":\"https:\/\/www.brandyourglass.eu\/wp-content\/uploads\/2020\/07\/doimo-logo-email.png\",\"width\":200,\"height\":140,\"caption\":\"DoimoFlair\"},\"image\":{\"@id\":\"https:\/\/www.brandyourglass.eu\/de\/#logo\"}},{\"@type\":\"WebSite\",\"@id\":\"https:\/\/www.brandyourglass.eu\/de\/#website\",\"url\":\"https:\/\/www.brandyourglass.eu\/de\/\",\"name\":\"brand your glass\",\"description\":\"customize glasses with your logo\",\"publisher\":{\"@id\":\"https:\/\/www.brandyourglass.eu\/de\/#organization\"},\"potentialAction\":[{\"@type\":\"SearchAction\",\"target\":{\"@type\":\"EntryPoint\",\"urlTemplate\":\"https:\/\/www.brandyourglass.eu\/de\/?s={search_term_string}\"},\"query-input\":\"required name=search_term_string\"}],\"inLanguage\":\"de\"},{\"@type\":\"ImageObject\",\"@id\":\"https:\/\/www.brandyourglass.eu\/de\/produkt\/sektkelche-plastik-tritan-durchsichtig-petit-perlage-160cc\/#primaryimage\",\"inLanguage\":\"de\",\"url\":\"https:\/\/www.brandyourglass.eu\/wp-content\/uploads\/2020\/02\/5021.jpg\",\"contentUrl\":\"https:\/\/www.brandyourglass.eu\/wp-content\/uploads\/2020\/02\/5021.jpg\",\"width\":1200,\"height\":1500,\"caption\":\"Sektgl\u00e4ser personalisierbar mit Texten und Logo Petit Perlage TT 160cc. -Transparent aus unzerbrechlichem Kunststoff\"},{\"@type\":\"WebPage\",\"@id\":\"https:\/\/www.brandyourglass.eu\/de\/produkt\/sektkelche-plastik-tritan-durchsichtig-petit-perlage-160cc\/#webpage\",\"url\":\"https:\/\/www.brandyourglass.eu\/de\/produkt\/sektkelche-plastik-tritan-durchsichtig-petit-perlage-160cc\/\",\"name\":\"Sektkelche plastik personaliesiert mit eigenem Logo oder name des Lokal\",\"isPartOf\":{\"@id\":\"https:\/\/www.brandyourglass.eu\/de\/#website\"},\"primaryImageOfPage\":{\"@id\":\"https:\/\/www.brandyourglass.eu\/de\/produkt\/sektkelche-plastik-tritan-durchsichtig-petit-perlage-160cc\/#primaryimage\"},\"datePublished\":\"2020-02-27T10:05:23+00:00\",\"dateModified\":\"2024-01-19T17:14:49+00:00\",\"description\":\"Sektkelche plastik ein Glas aus hochwertigem Tritankunststoff, mit guter Wandst\u00e4rke, um die \u00c4hnlichkeit in Aussehen mit Glas mit Logo\",\"breadcrumb\":{\"@id\":\"https:\/\/www.brandyourglass.eu\/de\/produkt\/sektkelche-plastik-tritan-durchsichtig-petit-perlage-160cc\/#breadcrumb\"},\"inLanguage\":\"de\",\"potentialAction\":[{\"@type\":\"ReadAction\",\"target\":[\"https:\/\/www.brandyourglass.eu\/de\/produkt\/sektkelche-plastik-tritan-durchsichtig-petit-perlage-160cc\/\"]}]},{\"@type\":\"BreadcrumbList\",\"@id\":\"https:\/\/www.brandyourglass.eu\/de\/produkt\/sektkelche-plastik-tritan-durchsichtig-petit-perlage-160cc\/#breadcrumb\",\"itemListElement\":[{\"@type\":\"ListItem\",\"position\":1,\"name\":\"Home\",\"item\":\"https:\/\/www.brandyourglass.eu\/de\/\"},{\"@type\":\"ListItem\",\"position\":2,\"name\":\"Shop\",\"item\":\"https:\/\/www.brandyourglass.eu\/shop-2\/\"},{\"@type\":\"ListItem\",\"position\":3,\"name\":\"Petit Perlage TT 160cc. -Durchsichtig\"}]}]}<\/script>\n<!-- \/ Yoast SEO plugin. -->","yoast_head_json":{"title":"Sektkelche plastik personaliesiert mit eigenem Logo oder name des Lokal","description":"Sektkelche plastik ein Glas aus hochwertigem Tritankunststoff, mit guter Wandst\u00e4rke, um die \u00c4hnlichkeit in Aussehen mit Glas mit Logo","robots":{"index":"index","follow":"follow","max-snippet":"max-snippet:-1","max-image-preview":"max-image-preview:large","max-video-preview":"max-video-preview:-1"},"canonical":"https:\/\/www.brandyourglass.eu\/de\/produkt\/sektkelche-plastik-tritan-durchsichtig-petit-perlage-160cc\/","og_locale":"de_DE","og_type":"article","og_title":"Sektkelche plastik personaliesiert mit eigenem Logo oder name des Lokal","og_description":"Sektkelche plastik ein Glas aus hochwertigem Tritankunststoff, mit guter Wandst\u00e4rke, um die \u00c4hnlichkeit in Aussehen mit Glas mit Logo","og_url":"https:\/\/www.brandyourglass.eu\/de\/produkt\/sektkelche-plastik-tritan-durchsichtig-petit-perlage-160cc\/","og_site_name":"brand your glass","article_modified_time":"2024-01-19T17:14:49+00:00","og_image":[{"width":1200,"height":1500,"url":"https:\/\/www.brandyourglass.eu\/wp-content\/uploads\/2020\/02\/5021.jpg","type":"image\/jpeg"}],"twitter_card":"summary_large_image","twitter_misc":{"Gesch\u00e4tzte Lesezeit":"3\u00a0Minuten"},"schema":{"@context":"https:\/\/schema.org","@graph":[{"@type":"Organization","@id":"https:\/\/www.brandyourglass.eu\/de\/#organization","name":"DoimoFlair","url":"https:\/\/www.brandyourglass.eu\/de\/","sameAs":[],"logo":{"@type":"ImageObject","@id":"https:\/\/www.brandyourglass.eu\/de\/#logo","inLanguage":"de","url":"https:\/\/www.brandyourglass.eu\/wp-content\/uploads\/2020\/07\/doimo-logo-email.png","contentUrl":"https:\/\/www.brandyourglass.eu\/wp-content\/uploads\/2020\/07\/doimo-logo-email.png","width":200,"height":140,"caption":"DoimoFlair"},"image":{"@id":"https:\/\/www.brandyourglass.eu\/de\/#logo"}},{"@type":"WebSite","@id":"https:\/\/www.brandyourglass.eu\/de\/#website","url":"https:\/\/www.brandyourglass.eu\/de\/","name":"brand your glass","description":"customize glasses with your logo","publisher":{"@id":"https:\/\/www.brandyourglass.eu\/de\/#organization"},"potentialAction":[{"@type":"SearchAction","target":{"@type":"EntryPoint","urlTemplate":"https:\/\/www.brandyourglass.eu\/de\/?s={search_term_string}"},"query-input":"required name=search_term_string"}],"inLanguage":"de"},{"@type":"ImageObject","@id":"https:\/\/www.brandyourglass.eu\/de\/produkt\/sektkelche-plastik-tritan-durchsichtig-petit-perlage-160cc\/#primaryimage","inLanguage":"de","url":"https:\/\/www.brandyourglass.eu\/wp-content\/uploads\/2020\/02\/5021.jpg","contentUrl":"https:\/\/www.brandyourglass.eu\/wp-content\/uploads\/2020\/02\/5021.jpg","width":1200,"height":1500,"caption":"Sektgl\u00e4ser personalisierbar mit Texten und Logo Petit Perlage TT 160cc. -Transparent aus unzerbrechlichem Kunststoff"},{"@type":"WebPage","@id":"https:\/\/www.brandyourglass.eu\/de\/produkt\/sektkelche-plastik-tritan-durchsichtig-petit-perlage-160cc\/#webpage","url":"https:\/\/www.brandyourglass.eu\/de\/produkt\/sektkelche-plastik-tritan-durchsichtig-petit-perlage-160cc\/","name":"Sektkelche plastik personaliesiert mit eigenem Logo oder name des Lokal","isPartOf":{"@id":"https:\/\/www.brandyourglass.eu\/de\/#website"},"primaryImageOfPage":{"@id":"https:\/\/www.brandyourglass.eu\/de\/produkt\/sektkelche-plastik-tritan-durchsichtig-petit-perlage-160cc\/#primaryimage"},"datePublished":"2020-02-27T10:05:23+00:00","dateModified":"2024-01-19T17:14:49+00:00","description":"Sektkelche plastik ein Glas aus hochwertigem Tritankunststoff, mit guter Wandst\u00e4rke, um die \u00c4hnlichkeit in Aussehen mit Glas mit Logo","breadcrumb":{"@id":"https:\/\/www.brandyourglass.eu\/de\/produkt\/sektkelche-plastik-tritan-durchsichtig-petit-perlage-160cc\/#breadcrumb"},"inLanguage":"de","potentialAction":[{"@type":"ReadAction","target":["https:\/\/www.brandyourglass.eu\/de\/produkt\/sektkelche-plastik-tritan-durchsichtig-petit-perlage-160cc\/"]}]},{"@type":"BreadcrumbList","@id":"https:\/\/www.brandyourglass.eu\/de\/produkt\/sektkelche-plastik-tritan-durchsichtig-petit-perlage-160cc\/#breadcrumb","itemListElement":[{"@type":"ListItem","position":1,"name":"Home","item":"https:\/\/www.brandyourglass.eu\/de\/"},{"@type":"ListItem","position":2,"name":"Shop","item":"https:\/\/www.brandyourglass.eu\/shop-2\/"},{"@type":"ListItem","position":3,"name":"Petit Perlage TT 160cc. -Durchsichtig"}]}]}},"_links":{"self":[{"href":"https:\/\/www.brandyourglass.eu\/de\/wp-json\/wp\/v2\/product\/5035","targetHints":{"allow":["GET"]}}],"collection":[{"href":"https:\/\/www.brandyourglass.eu\/de\/wp-json\/wp\/v2\/product"}],"about":[{"href":"https:\/\/www.brandyourglass.eu\/de\/wp-json\/wp\/v2\/types\/product"}],"wp:featuredmedia":[{"embeddable":true,"href":"https:\/\/www.brandyourglass.eu\/de\/wp-json\/wp\/v2\/media\/4358"}],"wp:attachment":[{"href":"https:\/\/www.brandyourglass.eu\/de\/wp-json\/wp\/v2\/media?parent=5035"}],"wp:term":[{"taxonomy":"product_cat","embeddable":true,"href":"https:\/\/www.brandyourglass.eu\/de\/wp-json\/wp\/v2\/product_cat?post=5035"},{"taxonomy":"product_tag","embeddable":true,"href":"https:\/\/www.brandyourglass.eu\/de\/wp-json\/wp\/v2\/product_tag?post=5035"}],"curies":[{"name":"wp","href":"https:\/\/api.w.org\/{rel}","templated":true}]}}