{"id":5053,"date":"2020-02-26T19:13:10","date_gmt":"2020-02-26T18:13:10","guid":{"rendered":"https:\/\/www.brandyourglass.eu\/product\/balloon-pc-400cc-weis\/"},"modified":"2024-01-19T18:57:13","modified_gmt":"2024-01-19T17:57:13","slug":"ballonglas-polycarbonat-weiss-balloon-400cc","status":"publish","type":"product","link":"https:\/\/www.brandyourglass.eu\/de\/produkt\/ballonglas-polycarbonat-weiss-balloon-400cc\/","title":{"rendered":"Balloon PC 400cc. -Wei\u00df"},"content":{"rendered":"<p>[vc_row el_class=&#8221;m-b-md&#8221;][vc_column][vc_column_text]<\/p>\n<h2>Ballonglas aus Polycarbonat mit Ihrem eigenen Logo oder Ihrer eigenen Grafik<\/h2>\n<p>Dieses personalisierte Ballonglas aus edlem Kunststoff und mit elegantem Design ist unzerbrechlich und somit perfekt f\u00fcr jede Situation zu Hause und drau\u00dfen.<\/p>\n<p>Hervorragende Alternative, wenn Glas aus praktischen oder dienstlichen Gr\u00fcnden nicht verwendet werden kann, daher perfekt f\u00fcr jeden Anlass.<\/p>\n<p>Beispielhafte Evolution in der Lebensmittel- und Getr\u00e4nkeindustrie, mit \u00f6kologischen Produktionsmethoden und der Schaffung intelligenter Produkte, die Gl\u00e4ser mit perfekten Proportionen schaffen, die mit Liebe zum Detail und au\u00dfergew\u00f6hnlicher Qualit\u00e4t behandelt werden.<\/p>\n<p>Ebenso spiegeln sie Glas in Brillanz und Transparenz wider und verbinden dessen Langlebigkeit, Best\u00e4ndigkeit gegen h\u00e4ufiges Waschen und damit Unverw\u00fcstlichkeit.<\/p>\n<h3>Unzerst\u00f6rbare und transparente Kreationen aus Polycarbonat<\/h3>\n<p>Multifunktionalit\u00e4t und bestechende Sch\u00f6nheit machen das Ballonglas aus Polycarbonat zu einem wahren Meisterwerk in der Welt des Designs,<\/p>\n<p>vor allem die au\u00dfergew\u00f6hnlichen optischen Eigenschaften und die \u00fcberlegenen mechanischen und thermischen Eigenschaften ordnen ihn in die Reihe der \u201etechnologischen\u201c Kunststoffe ein.<\/p>\n<p>Die Haupteigenschaften von Polycarbonatartikeln sind Funktionalit\u00e4t und Sch\u00f6nheit, die wir erg\u00e4nzen<\/p>\n<p>die vielen physikalischen Eigenschaften, wie zum Beispiel:<\/p>\n<p>&#8211; Unzerbrechlichkeit,<\/p>\n<p>&#8211; Widerstand,<\/p>\n<p>&#8211; Essen,<\/p>\n<p>&#8211; Praktisch und vor allem leicht <strong>anpassbar<\/strong>.<\/p>\n<p>Die Ballonglas aus Polycarbonat sind extrem sto\u00df- und sp\u00fclmaschinenfest.<\/p>\n<h4>Sie sind aus gesundheitlich unbedenklichem Material hergestellt, zertifiziert, umweltfreundlich und bei individueller Anpassung ist das Siegel des Logos garantiert.<\/h4>\n<p>Das personalisierte Ballonglas passt sich dem Zeitgeist mit dem richtigen hintergr\u00fcndigen Mehrwert an.<\/p>\n<p>Definitiv das am h\u00e4ufigsten verwendete Weinglas, das perfekt auf die stilistischen Anforderungen einer 360\u00b0-Nutzung eingeht.<\/p>\n<p>Derzeit in <a href=\"https:\/\/www.brandyourglass.eu\/de\/produkt\/ballonglas-gin-polycarbonat-durchsichtig-balloon-400cc\/\">transparent<\/a>, <a href=\"https:\/\/www.brandyourglass.eu\/de\/produkt\/ballonglas-polycarbonat-weiss-balloon-400cc\/\">wei\u00df<\/a> und <a href=\"https:\/\/www.brandyourglass.eu\/de\/produkt\/kunststoff-weinglaeser-polycarbonat-schwarz-balloon-400cc\/\">schwarz<\/a> erh\u00e4ltlich<\/p>\n<p>Personalisiertes Ballonglas aus Polycarbonat mit Ihrem eigenen Logo oder Ihrer eigenen Grafik und Sie k\u00f6nnen sich auf eine fantastische Veranstaltung verlassen, m\u00f6glicherweise ist ein anderer Typ eines \u00e4hnlichen <a href=\"https:\/\/www.brandyourglass.eu\/de\/produkt\/glas-gin-tonic-tritan-transparent-ballonglas-650cc\/\">Modells<\/a> erh\u00e4ltlich oder etwas <a href=\"https:\/\/www.brandyourglass.eu\/de\/produkt\/weinglaeser-aus-plastik-polycarbonat-schwarz-piscine-480cc\/\">gr\u00f6\u00dfer<\/a>.<\/p>\n<p>Fazit: Es ist die ideale Alternative zu Glaskelchen. Wiederverwendbar und praktisch. Extrem vielseitig, perfekt f\u00fcr Gartenpartys und elegante Empf\u00e4nge, ideal f\u00fcr jede Party oder jeden Anlass.<\/p>\n<p>Unsere <a href=\"https:\/\/www.doimoflair.com\/de\/mehrweg-glaeser\/gin-tonic-glaeser\/\">Seite<\/a> k\u00f6nnte Sie auch interessieren<\/p>\n<p>[\/vc_column_text][\/vc_column][\/vc_row][vc_row][vc_column width=&#8221;1\/2&#8243;][vc_column_text]Abmessungen des einzelnen Glases<\/p>\n<p>[\/vc_column_text][vc_column_text]<\/p>\n<table class=\"sizes-table\">\n<tbody>\n<tr>\n<th style=\"text-align: left;\">Oberer Durchmesser<\/th>\n<td>94 mm<\/td>\n<\/tr>\n<tr>\n<th style=\"text-align: left;\">H\u00f6he<\/th>\n<td>185 mm<\/td>\n<\/tr>\n<tr>\n<th style=\"text-align: left;\">Dicke<\/th>\n<td>circa 2-6mm<\/td>\n<\/tr>\n<tr>\n<th style=\"text-align: left;\">Gewicht<\/th>\n<td>120 gr<\/td>\n<\/tr>\n<tr>\n<th style=\"text-align: left;\">Kapazit\u00e4t am Rand<\/th>\n<td>400 cc<\/td>\n<\/tr>\n<\/tbody>\n<\/table>\n<p>[\/vc_column_text][\/vc_column][vc_column width=&#8221;1\/2&#8243;][\/vc_column][\/vc_row]<\/p>\n","protected":false},"excerpt":{"rendered":"<p class=\"p1\">Aus Polykarbonat f\u00fcr unverw\u00fcstliche Kreationen. Leicht, vielseitig, ideal f\u00fcr die Verwendung im Au\u00dfenbereich, unzerbrechlich und sto\u00dffest, sp\u00fclmaschinenfest, zertifiziert und Made in Italy. Verf\u00fcgbar in Transparent oder Wei\u00df und Schwarz.<\/p>\n<p><img loading=\"lazy\" decoding=\"async\" class=\"alignnone wp-image-3180\" src=\"https:\/\/www.brandyourglass.eu\/wp-content\/uploads\/2020\/05\/icon-recycle.png\" alt=\"\" width=\"83\" height=\"83\" \/> <img loading=\"lazy\" decoding=\"async\" class=\"alignnone wp-image-3181\" src=\"https:\/\/www.brandyourglass.eu\/wp-content\/uploads\/2020\/05\/icon-unbreakable.png\" alt=\"\" width=\"83\" height=\"83\" \/> <img loading=\"lazy\" decoding=\"async\" class=\"alignnone wp-image-3182\" src=\"https:\/\/www.brandyourglass.eu\/wp-content\/uploads\/2020\/05\/icon-lightness1.png\" alt=\"\" width=\"83\" height=\"83\" \/><\/p>\n<p><span style=\"font-size: 19px;\"><strong>MINDESTBESTELLUNG <span style=\"font-size: 25px;\">24<\/span>\u00a0ST\u00dcCK<span style=\"font-size: 16px;\"> Ohne Logo &#8211; <em><span style=\"color: #ff6600;\">KOSTENLOSE<\/span><\/em> LIEFERUNG &#8211; <em><span style=\"color: #ff6600;\">KOSTENLOSE<\/span><\/em> DRUCKDATEN<\/span><\/strong><\/span><br \/>\n<span style=\"font-size: 18px;\">Die Mindestbestellmenge f\u00fcr dieses Glas betr\u00e4gt <strong>1<\/strong> Karton mit <strong>24<\/strong> einzeln verpackten Gl\u00e4sern, insgesamt <strong>24 St\u00fcck.<\/strong><\/span><\/p>\n<p style=\"text-align: left;\"><strong><span style=\"font-size: 19px;\">Fordern Sie ein individuelles <span style=\"color: #ff6600;\"><a style=\"color: #ff6600;\" href=\"https:\/\/www.brandyourglass.eu\/de\/kontakte\/\">Angebot<\/a><\/span> mit digitaler Vorschau an.<\/span><\/strong><\/p>\n","protected":false},"featured_media":4412,"template":"","meta":[],"product_cat":[242],"product_tag":[],"class_list":["post-5053","product","type-product","status-publish","has-post-thumbnail","hentry","product_cat-weinglaeser-aus-kunststoff","product_shipping_class-balloon-pc-400cc-conf-24-de","pa_scegli-tampografia-1-farbe","pa_scegli-tampografia-2-farben","pa_scegli-tampografia-keine-farbe","tm-has-styled-variations","tm-no-options-pxq"],"yoast_head":"<!-- This site is optimized with the Yoast SEO plugin v18.0 - https:\/\/yoast.com\/wordpress\/plugins\/seo\/ -->\n<title>Ballonglas hergestellt im Wei\u00dfes Plastik sehr stabil und robust mit Logo<\/title>\n<meta name=\"description\" content=\"Diesen Weissen Ballonglas ist f\u00fcr alles geeignet Gin Tonic, Rotwein, Aperitiv oder Cocktails personaliesiert mit Logo sehr widerstandsf\u00e4hig\" \/>\n<meta name=\"robots\" content=\"index, follow, max-snippet:-1, max-image-preview:large, max-video-preview:-1\" \/>\n<link rel=\"canonical\" href=\"https:\/\/www.brandyourglass.eu\/de\/produkt\/ballonglas-polycarbonat-weiss-balloon-400cc\/\" \/>\n<meta property=\"og:locale\" content=\"de_DE\" \/>\n<meta property=\"og:type\" content=\"article\" \/>\n<meta property=\"og:title\" content=\"Ballonglas hergestellt im Wei\u00dfes Plastik sehr stabil und robust mit Logo\" \/>\n<meta property=\"og:description\" content=\"Diesen Weissen Ballonglas ist f\u00fcr alles geeignet Gin Tonic, Rotwein, Aperitiv oder Cocktails personaliesiert mit Logo sehr widerstandsf\u00e4hig\" \/>\n<meta property=\"og:url\" content=\"https:\/\/www.brandyourglass.eu\/de\/produkt\/ballonglas-polycarbonat-weiss-balloon-400cc\/\" \/>\n<meta property=\"og:site_name\" content=\"brand your glass\" \/>\n<meta property=\"article:modified_time\" content=\"2024-01-19T17:57:13+00:00\" \/>\n<meta property=\"og:image\" content=\"https:\/\/www.brandyourglass.eu\/wp-content\/uploads\/2020\/03\/B40PC_W.jpg\" \/>\n\t<meta property=\"og:image:width\" content=\"1200\" \/>\n\t<meta property=\"og:image:height\" content=\"1500\" \/>\n\t<meta property=\"og:image:type\" content=\"image\/jpeg\" \/>\n<meta name=\"twitter:card\" content=\"summary_large_image\" \/>\n<meta name=\"twitter:label1\" content=\"Gesch\u00e4tzte Lesezeit\" \/>\n\t<meta name=\"twitter:data1\" content=\"2\u00a0Minuten\" \/>\n<script type=\"application\/ld+json\" class=\"yoast-schema-graph\">{\"@context\":\"https:\/\/schema.org\",\"@graph\":[{\"@type\":\"Organization\",\"@id\":\"https:\/\/www.brandyourglass.eu\/de\/#organization\",\"name\":\"DoimoFlair\",\"url\":\"https:\/\/www.brandyourglass.eu\/de\/\",\"sameAs\":[],\"logo\":{\"@type\":\"ImageObject\",\"@id\":\"https:\/\/www.brandyourglass.eu\/de\/#logo\",\"inLanguage\":\"de\",\"url\":\"https:\/\/www.brandyourglass.eu\/wp-content\/uploads\/2020\/07\/doimo-logo-email.png\",\"contentUrl\":\"https:\/\/www.brandyourglass.eu\/wp-content\/uploads\/2020\/07\/doimo-logo-email.png\",\"width\":200,\"height\":140,\"caption\":\"DoimoFlair\"},\"image\":{\"@id\":\"https:\/\/www.brandyourglass.eu\/de\/#logo\"}},{\"@type\":\"WebSite\",\"@id\":\"https:\/\/www.brandyourglass.eu\/de\/#website\",\"url\":\"https:\/\/www.brandyourglass.eu\/de\/\",\"name\":\"brand your glass\",\"description\":\"customize glasses with your logo\",\"publisher\":{\"@id\":\"https:\/\/www.brandyourglass.eu\/de\/#organization\"},\"potentialAction\":[{\"@type\":\"SearchAction\",\"target\":{\"@type\":\"EntryPoint\",\"urlTemplate\":\"https:\/\/www.brandyourglass.eu\/de\/?s={search_term_string}\"},\"query-input\":\"required name=search_term_string\"}],\"inLanguage\":\"de\"},{\"@type\":\"ImageObject\",\"@id\":\"https:\/\/www.brandyourglass.eu\/de\/produkt\/ballonglas-polycarbonat-weiss-balloon-400cc\/#primaryimage\",\"inLanguage\":\"de\",\"url\":\"https:\/\/www.brandyourglass.eu\/wp-content\/uploads\/2020\/03\/B40PC_W.jpg\",\"contentUrl\":\"https:\/\/www.brandyourglass.eu\/wp-content\/uploads\/2020\/03\/B40PC_W.jpg\",\"width\":1200,\"height\":1500,\"caption\":\"Weingl\u00e4ser personalisierbar mit Texten und 400 cc Balloon PC-Logo. - wei\u00df aus unzerbrechlichem Kunststoff\"},{\"@type\":\"WebPage\",\"@id\":\"https:\/\/www.brandyourglass.eu\/de\/produkt\/ballonglas-polycarbonat-weiss-balloon-400cc\/#webpage\",\"url\":\"https:\/\/www.brandyourglass.eu\/de\/produkt\/ballonglas-polycarbonat-weiss-balloon-400cc\/\",\"name\":\"Ballonglas hergestellt im Wei\u00dfes Plastik sehr stabil und robust mit Logo\",\"isPartOf\":{\"@id\":\"https:\/\/www.brandyourglass.eu\/de\/#website\"},\"primaryImageOfPage\":{\"@id\":\"https:\/\/www.brandyourglass.eu\/de\/produkt\/ballonglas-polycarbonat-weiss-balloon-400cc\/#primaryimage\"},\"datePublished\":\"2020-02-26T18:13:10+00:00\",\"dateModified\":\"2024-01-19T17:57:13+00:00\",\"description\":\"Diesen Weissen Ballonglas ist f\u00fcr alles geeignet Gin Tonic, Rotwein, Aperitiv oder Cocktails personaliesiert mit Logo sehr widerstandsf\u00e4hig\",\"breadcrumb\":{\"@id\":\"https:\/\/www.brandyourglass.eu\/de\/produkt\/ballonglas-polycarbonat-weiss-balloon-400cc\/#breadcrumb\"},\"inLanguage\":\"de\",\"potentialAction\":[{\"@type\":\"ReadAction\",\"target\":[\"https:\/\/www.brandyourglass.eu\/de\/produkt\/ballonglas-polycarbonat-weiss-balloon-400cc\/\"]}]},{\"@type\":\"BreadcrumbList\",\"@id\":\"https:\/\/www.brandyourglass.eu\/de\/produkt\/ballonglas-polycarbonat-weiss-balloon-400cc\/#breadcrumb\",\"itemListElement\":[{\"@type\":\"ListItem\",\"position\":1,\"name\":\"Home\",\"item\":\"https:\/\/www.brandyourglass.eu\/de\/\"},{\"@type\":\"ListItem\",\"position\":2,\"name\":\"Shop\",\"item\":\"https:\/\/www.brandyourglass.eu\/shop-2\/\"},{\"@type\":\"ListItem\",\"position\":3,\"name\":\"Balloon PC 400cc. -Wei\u00df\"}]}]}<\/script>\n<!-- \/ Yoast SEO plugin. -->","yoast_head_json":{"title":"Ballonglas hergestellt im Wei\u00dfes Plastik sehr stabil und robust mit Logo","description":"Diesen Weissen Ballonglas ist f\u00fcr alles geeignet Gin Tonic, Rotwein, Aperitiv oder Cocktails personaliesiert mit Logo sehr widerstandsf\u00e4hig","robots":{"index":"index","follow":"follow","max-snippet":"max-snippet:-1","max-image-preview":"max-image-preview:large","max-video-preview":"max-video-preview:-1"},"canonical":"https:\/\/www.brandyourglass.eu\/de\/produkt\/ballonglas-polycarbonat-weiss-balloon-400cc\/","og_locale":"de_DE","og_type":"article","og_title":"Ballonglas hergestellt im Wei\u00dfes Plastik sehr stabil und robust mit Logo","og_description":"Diesen Weissen Ballonglas ist f\u00fcr alles geeignet Gin Tonic, Rotwein, Aperitiv oder Cocktails personaliesiert mit Logo sehr widerstandsf\u00e4hig","og_url":"https:\/\/www.brandyourglass.eu\/de\/produkt\/ballonglas-polycarbonat-weiss-balloon-400cc\/","og_site_name":"brand your glass","article_modified_time":"2024-01-19T17:57:13+00:00","og_image":[{"width":1200,"height":1500,"url":"https:\/\/www.brandyourglass.eu\/wp-content\/uploads\/2020\/03\/B40PC_W.jpg","type":"image\/jpeg"}],"twitter_card":"summary_large_image","twitter_misc":{"Gesch\u00e4tzte Lesezeit":"2\u00a0Minuten"},"schema":{"@context":"https:\/\/schema.org","@graph":[{"@type":"Organization","@id":"https:\/\/www.brandyourglass.eu\/de\/#organization","name":"DoimoFlair","url":"https:\/\/www.brandyourglass.eu\/de\/","sameAs":[],"logo":{"@type":"ImageObject","@id":"https:\/\/www.brandyourglass.eu\/de\/#logo","inLanguage":"de","url":"https:\/\/www.brandyourglass.eu\/wp-content\/uploads\/2020\/07\/doimo-logo-email.png","contentUrl":"https:\/\/www.brandyourglass.eu\/wp-content\/uploads\/2020\/07\/doimo-logo-email.png","width":200,"height":140,"caption":"DoimoFlair"},"image":{"@id":"https:\/\/www.brandyourglass.eu\/de\/#logo"}},{"@type":"WebSite","@id":"https:\/\/www.brandyourglass.eu\/de\/#website","url":"https:\/\/www.brandyourglass.eu\/de\/","name":"brand your glass","description":"customize glasses with your logo","publisher":{"@id":"https:\/\/www.brandyourglass.eu\/de\/#organization"},"potentialAction":[{"@type":"SearchAction","target":{"@type":"EntryPoint","urlTemplate":"https:\/\/www.brandyourglass.eu\/de\/?s={search_term_string}"},"query-input":"required name=search_term_string"}],"inLanguage":"de"},{"@type":"ImageObject","@id":"https:\/\/www.brandyourglass.eu\/de\/produkt\/ballonglas-polycarbonat-weiss-balloon-400cc\/#primaryimage","inLanguage":"de","url":"https:\/\/www.brandyourglass.eu\/wp-content\/uploads\/2020\/03\/B40PC_W.jpg","contentUrl":"https:\/\/www.brandyourglass.eu\/wp-content\/uploads\/2020\/03\/B40PC_W.jpg","width":1200,"height":1500,"caption":"Weingl\u00e4ser personalisierbar mit Texten und 400 cc Balloon PC-Logo. - wei\u00df aus unzerbrechlichem Kunststoff"},{"@type":"WebPage","@id":"https:\/\/www.brandyourglass.eu\/de\/produkt\/ballonglas-polycarbonat-weiss-balloon-400cc\/#webpage","url":"https:\/\/www.brandyourglass.eu\/de\/produkt\/ballonglas-polycarbonat-weiss-balloon-400cc\/","name":"Ballonglas hergestellt im Wei\u00dfes Plastik sehr stabil und robust mit Logo","isPartOf":{"@id":"https:\/\/www.brandyourglass.eu\/de\/#website"},"primaryImageOfPage":{"@id":"https:\/\/www.brandyourglass.eu\/de\/produkt\/ballonglas-polycarbonat-weiss-balloon-400cc\/#primaryimage"},"datePublished":"2020-02-26T18:13:10+00:00","dateModified":"2024-01-19T17:57:13+00:00","description":"Diesen Weissen Ballonglas ist f\u00fcr alles geeignet Gin Tonic, Rotwein, Aperitiv oder Cocktails personaliesiert mit Logo sehr widerstandsf\u00e4hig","breadcrumb":{"@id":"https:\/\/www.brandyourglass.eu\/de\/produkt\/ballonglas-polycarbonat-weiss-balloon-400cc\/#breadcrumb"},"inLanguage":"de","potentialAction":[{"@type":"ReadAction","target":["https:\/\/www.brandyourglass.eu\/de\/produkt\/ballonglas-polycarbonat-weiss-balloon-400cc\/"]}]},{"@type":"BreadcrumbList","@id":"https:\/\/www.brandyourglass.eu\/de\/produkt\/ballonglas-polycarbonat-weiss-balloon-400cc\/#breadcrumb","itemListElement":[{"@type":"ListItem","position":1,"name":"Home","item":"https:\/\/www.brandyourglass.eu\/de\/"},{"@type":"ListItem","position":2,"name":"Shop","item":"https:\/\/www.brandyourglass.eu\/shop-2\/"},{"@type":"ListItem","position":3,"name":"Balloon PC 400cc. -Wei\u00df"}]}]}},"_links":{"self":[{"href":"https:\/\/www.brandyourglass.eu\/de\/wp-json\/wp\/v2\/product\/5053","targetHints":{"allow":["GET"]}}],"collection":[{"href":"https:\/\/www.brandyourglass.eu\/de\/wp-json\/wp\/v2\/product"}],"about":[{"href":"https:\/\/www.brandyourglass.eu\/de\/wp-json\/wp\/v2\/types\/product"}],"wp:featuredmedia":[{"embeddable":true,"href":"https:\/\/www.brandyourglass.eu\/de\/wp-json\/wp\/v2\/media\/4412"}],"wp:attachment":[{"href":"https:\/\/www.brandyourglass.eu\/de\/wp-json\/wp\/v2\/media?parent=5053"}],"wp:term":[{"taxonomy":"product_cat","embeddable":true,"href":"https:\/\/www.brandyourglass.eu\/de\/wp-json\/wp\/v2\/product_cat?post=5053"},{"taxonomy":"product_tag","embeddable":true,"href":"https:\/\/www.brandyourglass.eu\/de\/wp-json\/wp\/v2\/product_tag?post=5053"}],"curies":[{"name":"wp","href":"https:\/\/api.w.org\/{rel}","templated":true}]}}