{"id":5161,"date":"2020-02-26T16:57:59","date_gmt":"2020-02-26T15:57:59","guid":{"rendered":"https:\/\/www.brandyourglass.eu\/product\/wine-cocktail-tt-470cc-schwarz\/"},"modified":"2024-01-19T20:00:16","modified_gmt":"2024-01-19T19:00:16","slug":"kunststoff-weinglaeser-titan-schwarz-wine-cocktail-470cc","status":"publish","type":"product","link":"https:\/\/www.brandyourglass.eu\/de\/produkt\/kunststoff-weinglaeser-titan-schwarz-wine-cocktail-470cc\/","title":{"rendered":"Wine Cocktail TT 470cc. -Schwarz"},"content":{"rendered":"<p>[vc_row el_class=&#8221;m-b-md&#8221;][vc_column][vc_column_text]<\/p>\n<h2>Kunststoff Weinglaeser aus starrem Plastik, personalisierbar mit Ihrem eigenen Logo oder Grafiken<\/h2>\n<p>Dieses personalisierte Kunststoff Weinglaeser aus edlem Kunststoff und in elegantem Design ist bruchsicher und somit perfekt f\u00fcr jede Situation zuhause und drau\u00dfen.<\/p>\n<p>Hervorragende Alternative, wenn <a href=\"https:\/\/www.brandyourglass.eu\/de\/produkt\/plastik-weinglaeser-tritan-transparent-wine-cocktail-470cc\/\">Glas<\/a> aus praktischen oder dienstlichen Gr\u00fcnden nicht verwendet werden kann, daher perfekt f\u00fcr jeden Anlass.<\/p>\n<p>Beispielhafte Evolution in der Lebensmittel- und Getr\u00e4nkeindustrie, mit \u00f6kologischen Produktionsmethoden und der Schaffung intelligenter Produkte, die <a href=\"https:\/\/www.brandyourglass.eu\/de\/produkt-kategorie\/weinglaeser-aus-kunststoff\/\">Gl\u00e4ser<\/a> mit perfekten Proportionen schaffen, die mit Liebe zum Detail und au\u00dfergew\u00f6hnlicher Qualit\u00e4t behandelt werden.<\/p>\n<p>Ebenso spiegeln sie Glas in Brillanz und Transparenz wider und verbinden dessen Langlebigkeit, Best\u00e4ndigkeit gegen h\u00e4ufiges Waschen und damit Unverw\u00fcstlichkeit.<\/p>\n<p>In Tritan brillante Werke, die sich biegen, aber nicht brechen<\/p>\n<h3>Es ist leicht, vielseitig und ideal f\u00fcr den Au\u00dfenbereich, da es unzerbrechlich, sto\u00dffest und sp\u00fclmaschinenfest ist.<\/h3>\n<p>Dieser Kunststoff Weinglaeser ist in Italien hergestellt und zertifiziert<\/p>\n<p>&#8211; Innovativ<\/p>\n<p>&#8211; Stabil<\/p>\n<p>&#8211; Originell<\/p>\n<p>&#8211; Einfach zu handhaben und vor allem <strong>anpassbar<\/strong><\/p>\n<p>Der Kunststoff Weinglaeser passt sich der zeitgen\u00f6ssischen Welt mit dem richtigen hintergr\u00fcndigen Mehrwert an. Definitiv das meistgenutzte Kunststoff Weinglaeser, das perfekt auf die stilistischen Bed\u00fcrfnisse einer 360\u00b0-Nutzung eingeht.<br \/>\nErh\u00e4ltlich in transparent und in den exzentrischen Wei\u00df- und Schwarz.<\/p>\n<h4>Logo-Personalisierung ist auf Anfrage erh\u00e4ltlich, von einer bis maximal 2 Farben bei einer Mindestbestellmenge von 120 St\u00fcck.<\/h4>\n<p>Im Jahr 2010 bringt eine neue Generation von Harzen die hervorragenden und bekannten Eigenschaften von Copolyestern mit W\u00e4rmebest\u00e4ndigkeit in Einklang und schafft eine erfolgreiche Kombination, die Tritan&#x2122; (TT) Leben einhaucht.<\/p>\n<p>Eine ausgekl\u00fcgelte L\u00f6sung, die sich durch hervorragende Sto\u00dffestigkeit, dauerhafte Transparenz und au\u00dfergew\u00f6hnliche Oberfl\u00e4chenbrillanz auszeichnet, das Fehlen von Bisphenol-A und die Best\u00e4ndigkeit gegen hohe Temperaturen garantieren, dass dieser Kelch den europ\u00e4ischen, amerikanischen und japanischen Lebensmitteln entspricht.<\/p>\n<p>TRITAN, die neue Generation von Copolyestern, die sowohl im Lebensmittel- als auch im Medizinbereich erfolgreich eingesetzt werden, macht das Aperitifglas daher zu einem perfekten Werkzeug f\u00fcr die Personalisierung mit Ihrem eigenen Logo oder Ihrer eigenen Grafik.<\/p>\n<p>geeignet f\u00fcr Veranstaltungen, Partys, Messen, Zeremonien und alle Veranstaltungen, bei denen Glas aufgrund von Bruch nicht mehr erw\u00fcnscht und somit f\u00fcr die Sicherheit Ihrer G\u00e4ste gef\u00e4hrlich ist.<\/p>\n<p>Erh\u00e4ltlich in <a href=\"https:\/\/www.brandyourglass.eu\/de\/produkt\/kunststoff-weinglaeser-titan-schwarz-wine-cocktail-470cc\/\">Schwarz<\/a>, <a href=\"https:\/\/www.brandyourglass.eu\/de\/produkt\/weinglas-kunststoff-weiss-tritan-weiss-wine-cocktail-470cc\/\">Wei\u00df<\/a>, <a href=\"https:\/\/www.brandyourglass.eu\/de\/produkt\/plastik-weinglaeser-tritan-transparent-wine-cocktail-470cc\/\">transparenter<\/a> oder <a href=\"https:\/\/www.brandyourglass.eu\/de\/produkt\/personalisierte-weinglaeser-tritan-durchsichtig-wein-cocktail-470cc-200-stk\/\">Big Pack-Version<\/a><\/p>\n<p>Personalisierter Kunststoff Weinglaeser mit Ihrem eigenen Logo oder Ihrer eigenen Grafik und Sie k\u00f6nnen sich auf ein fantastisches Event verlassen, m\u00f6glicherweise ist eine andere Art eines \u00e4hnlichen <a href=\"https:\/\/www.brandyourglass.eu\/de\/produkt\/weinglas-plastik-polycarbonat-dursichtig-piscine-480cc\/\">Modells<\/a> verf\u00fcgbar oder etwas <a href=\"https:\/\/www.brandyourglass.eu\/de\/produkt\/glas-gin-tonic-tritan-transparent-ballonglas-650cc\/\">gr\u00f6\u00dfer<\/a>.<\/p>\n<p>Unsere <a href=\"https:\/\/www.doimoflair.com\/de\/mehrweg-glaeser\/weinglaeser\/\">Seite<\/a> k\u00f6nnte Sie auch interessieren[\/vc_column_text][\/vc_column][\/vc_row][vc_row][vc_column width=&#8221;1\/2&#8243;][vc_column_text]Abmessungen des einzelnen Glases<\/p>\n<p>[\/vc_column_text][vc_column_text]<\/p>\n<table class=\"sizes-table\">\n<tbody>\n<tr>\n<th style=\"text-align: left;\">Oberer Durchmesser<\/th>\n<td>60 mm<\/td>\n<\/tr>\n<tr>\n<th style=\"text-align: left;\">H\u00f6he<\/th>\n<td>215 mm<\/td>\n<\/tr>\n<tr>\n<th style=\"text-align: left;\">Dicke<\/th>\n<td>circa 2mm<\/td>\n<\/tr>\n<tr>\n<th style=\"text-align: left;\">Gewicht<\/th>\n<td>75 gr<\/td>\n<\/tr>\n<tr>\n<th style=\"text-align: left;\">Kapazit\u00e4t am Rand<\/th>\n<td>470 cc<\/td>\n<\/tr>\n<\/tbody>\n<\/table>\n<p>[\/vc_column_text][\/vc_column][vc_column width=&#8221;1\/2&#8243;][\/vc_column][\/vc_row]<\/p>\n","protected":false},"excerpt":{"rendered":"<p>Aus Tritan f\u00fcr h\u00f6chsten Glanz in Produkten, die sich biegen, ohne zu brechen. Leicht, vielseitig, ideal f\u00fcr die Verwendung im Au\u00dfenbereich, unzerbrechlich und sto\u00dffest, sp\u00fclmaschinenfest, zertifiziert und Made in Italy.<\/p>\n<p><img loading=\"lazy\" decoding=\"async\" class=\"wp-image-3193 alignnone\" src=\"https:\/\/www.brandyourglass.eu\/wp-content\/uploads\/2020\/02\/Icone-BPA-free.png\" alt=\"\" width=\"103\" height=\"89\" \/>\u00a0<img loading=\"lazy\" decoding=\"async\" class=\"alignnone wp-image-3180\" src=\"https:\/\/www.brandyourglass.eu\/wp-content\/uploads\/2020\/05\/icon-recycle.png\" alt=\"\" width=\"83\" height=\"83\" \/>\u00a0 \u00a0\u00a0<img loading=\"lazy\" decoding=\"async\" class=\"alignnone wp-image-3181\" src=\"https:\/\/www.brandyourglass.eu\/wp-content\/uploads\/2020\/05\/icon-unbreakable.png\" alt=\"\" width=\"83\" height=\"83\" \/><\/p>\n<p><strong><span style=\"font-size: 19px;\">MINDESTBESTELLUNG <span style=\"font-size: 25px;\">6<\/span>\u00a0ST\u00dcCK<span style=\"font-size: 16px;\"> Ohne Logo &#8211; <em><span style=\"color: #ff6600;\">KOSTENLOSE<\/span><\/em> LIEFERUNG &#8211; <em><span style=\"color: #ff6600;\">KOSTENLOSE<\/span><\/em> DRUCKDATEN<\/span><\/span><\/strong><br \/>\n<span style=\"font-size: 18px;\">Die Mindestbestellmenge f\u00fcr dieses Glas betr\u00e4gt <strong>1<\/strong> Karton mit <strong>6<\/strong> einzeln verpackten Gl\u00e4sern, insgesamt <strong>6 St\u00fcck.<\/strong><\/span><\/p>\n<p><span style=\"font-size: 18px;\"><strong><span style=\"font-size: 19px;\">Fordern Sie ein individuelles <span style=\"color: #ff6600;\"><a style=\"color: #ff6600;\" href=\"https:\/\/www.brandyourglass.eu\/de\/kontakte\/\">Angebot<\/a><\/span> mit digitaler Vorschau an.<\/span><\/strong><\/span><\/p>\n","protected":false},"featured_media":4342,"template":"","meta":[],"product_cat":[242],"product_tag":[],"class_list":["post-5161","product","type-product","status-publish","has-post-thumbnail","hentry","product_cat-weinglaeser-aus-kunststoff","product_shipping_class-wine-cocktail-tt-470cc-conf-6-de","pa_scegli-tampografia-1-farbe","pa_scegli-tampografia-2-farben","pa_scegli-tampografia-keine-farbe","tm-has-styled-variations","tm-no-options-pxq"],"yoast_head":"<!-- This site is optimized with the Yoast SEO plugin v18.0 - https:\/\/yoast.com\/wordpress\/plugins\/seo\/ -->\n<title>Kunststoff weinglaeser hergestellt im edlem Schwarzes plastik mit Druck<\/title>\n<meta name=\"description\" content=\"Kunststoff weinglaeser perfekt zum au\u00dfenbereich hervorragende Alternative, wenn Glas nicht f\u00fcr praktische oder Servicezwecke verwendet werde\" \/>\n<meta name=\"robots\" content=\"index, follow, max-snippet:-1, max-image-preview:large, max-video-preview:-1\" \/>\n<link rel=\"canonical\" href=\"https:\/\/www.brandyourglass.eu\/de\/produkt\/kunststoff-weinglaeser-titan-schwarz-wine-cocktail-470cc\/\" \/>\n<meta property=\"og:locale\" content=\"de_DE\" \/>\n<meta property=\"og:type\" content=\"article\" \/>\n<meta property=\"og:title\" content=\"Kunststoff weinglaeser hergestellt im edlem Schwarzes plastik mit Druck\" \/>\n<meta property=\"og:description\" content=\"Kunststoff weinglaeser perfekt zum au\u00dfenbereich hervorragende Alternative, wenn Glas nicht f\u00fcr praktische oder Servicezwecke verwendet werde\" \/>\n<meta property=\"og:url\" content=\"https:\/\/www.brandyourglass.eu\/de\/produkt\/kunststoff-weinglaeser-titan-schwarz-wine-cocktail-470cc\/\" \/>\n<meta property=\"og:site_name\" content=\"brand your glass\" \/>\n<meta property=\"article:modified_time\" content=\"2024-01-19T19:00:16+00:00\" \/>\n<meta property=\"og:image\" content=\"https:\/\/www.brandyourglass.eu\/wp-content\/uploads\/2020\/02\/5000-19.jpg\" \/>\n\t<meta property=\"og:image:width\" content=\"1200\" \/>\n\t<meta property=\"og:image:height\" content=\"1500\" \/>\n\t<meta property=\"og:image:type\" content=\"image\/jpeg\" \/>\n<meta name=\"twitter:card\" content=\"summary_large_image\" \/>\n<meta name=\"twitter:label1\" content=\"Gesch\u00e4tzte Lesezeit\" \/>\n\t<meta name=\"twitter:data1\" content=\"3\u00a0Minuten\" \/>\n<script type=\"application\/ld+json\" class=\"yoast-schema-graph\">{\"@context\":\"https:\/\/schema.org\",\"@graph\":[{\"@type\":\"Organization\",\"@id\":\"https:\/\/www.brandyourglass.eu\/de\/#organization\",\"name\":\"DoimoFlair\",\"url\":\"https:\/\/www.brandyourglass.eu\/de\/\",\"sameAs\":[],\"logo\":{\"@type\":\"ImageObject\",\"@id\":\"https:\/\/www.brandyourglass.eu\/de\/#logo\",\"inLanguage\":\"de\",\"url\":\"https:\/\/www.brandyourglass.eu\/wp-content\/uploads\/2020\/07\/doimo-logo-email.png\",\"contentUrl\":\"https:\/\/www.brandyourglass.eu\/wp-content\/uploads\/2020\/07\/doimo-logo-email.png\",\"width\":200,\"height\":140,\"caption\":\"DoimoFlair\"},\"image\":{\"@id\":\"https:\/\/www.brandyourglass.eu\/de\/#logo\"}},{\"@type\":\"WebSite\",\"@id\":\"https:\/\/www.brandyourglass.eu\/de\/#website\",\"url\":\"https:\/\/www.brandyourglass.eu\/de\/\",\"name\":\"brand your glass\",\"description\":\"customize glasses with your logo\",\"publisher\":{\"@id\":\"https:\/\/www.brandyourglass.eu\/de\/#organization\"},\"potentialAction\":[{\"@type\":\"SearchAction\",\"target\":{\"@type\":\"EntryPoint\",\"urlTemplate\":\"https:\/\/www.brandyourglass.eu\/de\/?s={search_term_string}\"},\"query-input\":\"required name=search_term_string\"}],\"inLanguage\":\"de\"},{\"@type\":\"ImageObject\",\"@id\":\"https:\/\/www.brandyourglass.eu\/de\/produkt\/kunststoff-weinglaeser-titan-schwarz-wine-cocktail-470cc\/#primaryimage\",\"inLanguage\":\"de\",\"url\":\"https:\/\/www.brandyourglass.eu\/wp-content\/uploads\/2020\/02\/5000-19.jpg\",\"contentUrl\":\"https:\/\/www.brandyourglass.eu\/wp-content\/uploads\/2020\/02\/5000-19.jpg\",\"width\":1200,\"height\":1500,\"caption\":\"Weingl\u00e4ser personalisierbar mit Text und Logo Wine Cocktail TT 470cc. -Schwarz aus unzerbrechlichem Kunststoff\"},{\"@type\":\"WebPage\",\"@id\":\"https:\/\/www.brandyourglass.eu\/de\/produkt\/kunststoff-weinglaeser-titan-schwarz-wine-cocktail-470cc\/#webpage\",\"url\":\"https:\/\/www.brandyourglass.eu\/de\/produkt\/kunststoff-weinglaeser-titan-schwarz-wine-cocktail-470cc\/\",\"name\":\"Kunststoff weinglaeser hergestellt im edlem Schwarzes plastik mit Druck\",\"isPartOf\":{\"@id\":\"https:\/\/www.brandyourglass.eu\/de\/#website\"},\"primaryImageOfPage\":{\"@id\":\"https:\/\/www.brandyourglass.eu\/de\/produkt\/kunststoff-weinglaeser-titan-schwarz-wine-cocktail-470cc\/#primaryimage\"},\"datePublished\":\"2020-02-26T15:57:59+00:00\",\"dateModified\":\"2024-01-19T19:00:16+00:00\",\"description\":\"Kunststoff weinglaeser perfekt zum au\u00dfenbereich hervorragende Alternative, wenn Glas nicht f\u00fcr praktische oder Servicezwecke verwendet werde\",\"breadcrumb\":{\"@id\":\"https:\/\/www.brandyourglass.eu\/de\/produkt\/kunststoff-weinglaeser-titan-schwarz-wine-cocktail-470cc\/#breadcrumb\"},\"inLanguage\":\"de\",\"potentialAction\":[{\"@type\":\"ReadAction\",\"target\":[\"https:\/\/www.brandyourglass.eu\/de\/produkt\/kunststoff-weinglaeser-titan-schwarz-wine-cocktail-470cc\/\"]}]},{\"@type\":\"BreadcrumbList\",\"@id\":\"https:\/\/www.brandyourglass.eu\/de\/produkt\/kunststoff-weinglaeser-titan-schwarz-wine-cocktail-470cc\/#breadcrumb\",\"itemListElement\":[{\"@type\":\"ListItem\",\"position\":1,\"name\":\"Home\",\"item\":\"https:\/\/www.brandyourglass.eu\/de\/\"},{\"@type\":\"ListItem\",\"position\":2,\"name\":\"Shop\",\"item\":\"https:\/\/www.brandyourglass.eu\/shop-2\/\"},{\"@type\":\"ListItem\",\"position\":3,\"name\":\"Wine Cocktail TT 470cc. -Schwarz\"}]}]}<\/script>\n<!-- \/ Yoast SEO plugin. -->","yoast_head_json":{"title":"Kunststoff weinglaeser hergestellt im edlem Schwarzes plastik mit Druck","description":"Kunststoff weinglaeser perfekt zum au\u00dfenbereich hervorragende Alternative, wenn Glas nicht f\u00fcr praktische oder Servicezwecke verwendet werde","robots":{"index":"index","follow":"follow","max-snippet":"max-snippet:-1","max-image-preview":"max-image-preview:large","max-video-preview":"max-video-preview:-1"},"canonical":"https:\/\/www.brandyourglass.eu\/de\/produkt\/kunststoff-weinglaeser-titan-schwarz-wine-cocktail-470cc\/","og_locale":"de_DE","og_type":"article","og_title":"Kunststoff weinglaeser hergestellt im edlem Schwarzes plastik mit Druck","og_description":"Kunststoff weinglaeser perfekt zum au\u00dfenbereich hervorragende Alternative, wenn Glas nicht f\u00fcr praktische oder Servicezwecke verwendet werde","og_url":"https:\/\/www.brandyourglass.eu\/de\/produkt\/kunststoff-weinglaeser-titan-schwarz-wine-cocktail-470cc\/","og_site_name":"brand your glass","article_modified_time":"2024-01-19T19:00:16+00:00","og_image":[{"width":1200,"height":1500,"url":"https:\/\/www.brandyourglass.eu\/wp-content\/uploads\/2020\/02\/5000-19.jpg","type":"image\/jpeg"}],"twitter_card":"summary_large_image","twitter_misc":{"Gesch\u00e4tzte Lesezeit":"3\u00a0Minuten"},"schema":{"@context":"https:\/\/schema.org","@graph":[{"@type":"Organization","@id":"https:\/\/www.brandyourglass.eu\/de\/#organization","name":"DoimoFlair","url":"https:\/\/www.brandyourglass.eu\/de\/","sameAs":[],"logo":{"@type":"ImageObject","@id":"https:\/\/www.brandyourglass.eu\/de\/#logo","inLanguage":"de","url":"https:\/\/www.brandyourglass.eu\/wp-content\/uploads\/2020\/07\/doimo-logo-email.png","contentUrl":"https:\/\/www.brandyourglass.eu\/wp-content\/uploads\/2020\/07\/doimo-logo-email.png","width":200,"height":140,"caption":"DoimoFlair"},"image":{"@id":"https:\/\/www.brandyourglass.eu\/de\/#logo"}},{"@type":"WebSite","@id":"https:\/\/www.brandyourglass.eu\/de\/#website","url":"https:\/\/www.brandyourglass.eu\/de\/","name":"brand your glass","description":"customize glasses with your logo","publisher":{"@id":"https:\/\/www.brandyourglass.eu\/de\/#organization"},"potentialAction":[{"@type":"SearchAction","target":{"@type":"EntryPoint","urlTemplate":"https:\/\/www.brandyourglass.eu\/de\/?s={search_term_string}"},"query-input":"required name=search_term_string"}],"inLanguage":"de"},{"@type":"ImageObject","@id":"https:\/\/www.brandyourglass.eu\/de\/produkt\/kunststoff-weinglaeser-titan-schwarz-wine-cocktail-470cc\/#primaryimage","inLanguage":"de","url":"https:\/\/www.brandyourglass.eu\/wp-content\/uploads\/2020\/02\/5000-19.jpg","contentUrl":"https:\/\/www.brandyourglass.eu\/wp-content\/uploads\/2020\/02\/5000-19.jpg","width":1200,"height":1500,"caption":"Weingl\u00e4ser personalisierbar mit Text und Logo Wine Cocktail TT 470cc. -Schwarz aus unzerbrechlichem Kunststoff"},{"@type":"WebPage","@id":"https:\/\/www.brandyourglass.eu\/de\/produkt\/kunststoff-weinglaeser-titan-schwarz-wine-cocktail-470cc\/#webpage","url":"https:\/\/www.brandyourglass.eu\/de\/produkt\/kunststoff-weinglaeser-titan-schwarz-wine-cocktail-470cc\/","name":"Kunststoff weinglaeser hergestellt im edlem Schwarzes plastik mit Druck","isPartOf":{"@id":"https:\/\/www.brandyourglass.eu\/de\/#website"},"primaryImageOfPage":{"@id":"https:\/\/www.brandyourglass.eu\/de\/produkt\/kunststoff-weinglaeser-titan-schwarz-wine-cocktail-470cc\/#primaryimage"},"datePublished":"2020-02-26T15:57:59+00:00","dateModified":"2024-01-19T19:00:16+00:00","description":"Kunststoff weinglaeser perfekt zum au\u00dfenbereich hervorragende Alternative, wenn Glas nicht f\u00fcr praktische oder Servicezwecke verwendet werde","breadcrumb":{"@id":"https:\/\/www.brandyourglass.eu\/de\/produkt\/kunststoff-weinglaeser-titan-schwarz-wine-cocktail-470cc\/#breadcrumb"},"inLanguage":"de","potentialAction":[{"@type":"ReadAction","target":["https:\/\/www.brandyourglass.eu\/de\/produkt\/kunststoff-weinglaeser-titan-schwarz-wine-cocktail-470cc\/"]}]},{"@type":"BreadcrumbList","@id":"https:\/\/www.brandyourglass.eu\/de\/produkt\/kunststoff-weinglaeser-titan-schwarz-wine-cocktail-470cc\/#breadcrumb","itemListElement":[{"@type":"ListItem","position":1,"name":"Home","item":"https:\/\/www.brandyourglass.eu\/de\/"},{"@type":"ListItem","position":2,"name":"Shop","item":"https:\/\/www.brandyourglass.eu\/shop-2\/"},{"@type":"ListItem","position":3,"name":"Wine Cocktail TT 470cc. -Schwarz"}]}]}},"_links":{"self":[{"href":"https:\/\/www.brandyourglass.eu\/de\/wp-json\/wp\/v2\/product\/5161","targetHints":{"allow":["GET"]}}],"collection":[{"href":"https:\/\/www.brandyourglass.eu\/de\/wp-json\/wp\/v2\/product"}],"about":[{"href":"https:\/\/www.brandyourglass.eu\/de\/wp-json\/wp\/v2\/types\/product"}],"wp:featuredmedia":[{"embeddable":true,"href":"https:\/\/www.brandyourglass.eu\/de\/wp-json\/wp\/v2\/media\/4342"}],"wp:attachment":[{"href":"https:\/\/www.brandyourglass.eu\/de\/wp-json\/wp\/v2\/media?parent=5161"}],"wp:term":[{"taxonomy":"product_cat","embeddable":true,"href":"https:\/\/www.brandyourglass.eu\/de\/wp-json\/wp\/v2\/product_cat?post=5161"},{"taxonomy":"product_tag","embeddable":true,"href":"https:\/\/www.brandyourglass.eu\/de\/wp-json\/wp\/v2\/product_tag?post=5161"}],"curies":[{"name":"wp","href":"https:\/\/api.w.org\/{rel}","templated":true}]}}