{"id":5646,"date":"2020-02-27T12:05:34","date_gmt":"2020-02-27T11:05:34","guid":{"rendered":"https:\/\/www.brandyourglass.eu\/product\/5646\/"},"modified":"2024-02-01T19:44:06","modified_gmt":"2024-02-01T18:44:06","slug":"schnapsglaeser-personalisierbar-san-40cc","status":"publish","type":"product","link":"https:\/\/www.brandyourglass.eu\/de\/produkt\/schnapsglaeser-personalisierbar-san-40cc\/","title":{"rendered":"Schnapsglas SAN 40cc. -Durchsichtig"},"content":{"rendered":"<p>[vc_row el_class=&#8221;m-b-md&#8221;][vc_column][vc_column_text]<\/p>\n<h2>Transparentes Schnapsglaeser personalisierbar aus starrem Kunststoff, personalisiert mit Ihrem Logo<\/h2>\n<p>Diese transparente Schnapsglaeser personalisierbar aus edlem Kunststoff und in elegantem Design ist bruchfest und somit perfekt f\u00fcr jede Situation zuhause und drau\u00dfen.<\/p>\n<p>Hervorragende Alternative, wenn Glas aus praktischen oder dienstlichen Gr\u00fcnden nicht verwendet werden kann, daher perfekt f\u00fcr jeden Anlass.<\/p>\n<p>Beispielhafte Evolution in der Lebensmittel- und Getr\u00e4nkeindustrie, mit \u00f6kologischen Produktionsmethoden und der Schaffung intelligenter Produkte, die Gl\u00e4ser mit perfekten Proportionen schaffen, die mit Liebe zum Detail und au\u00dfergew\u00f6hnlicher Qualit\u00e4t behandelt werden.<\/p>\n<p>In gleicher Weise spiegeln Schnapsglaeser personalisierbar Glas in Brillanz und Transparenz wider, was mit seiner Langlebigkeit, Best\u00e4ndigkeit gegen h\u00e4ufiges Waschen und damit Unzerst\u00f6rbarkeit verbunden ist.<\/p>\n<h2>In SAN gl\u00e4nzende und langlebige Produkte<\/h2>\n<p>Es ist leicht, vielseitig und ideal f\u00fcr den Au\u00dfenbereich, da es unzerbrechlich, sto\u00dffest und sp\u00fclmaschinenfest ist.<\/p>\n<p>Dieser Schnapsglaeser personalisierbar ist in Italien hergestellt und zertifiziert<\/p>\n<p>&#8211; Innovativ<\/p>\n<p>&#8211; Stabil<\/p>\n<p>&#8211; Originell<\/p>\n<p>&#8211; Einfach zu handhaben und vor allem <strong>anpassbar<\/strong><\/p>\n<p>Das Schnapsglaeser personalisierbar passt sich der zeitgen\u00f6ssischen Welt mit dem richtigen hintergr\u00fcndigen Mehrwert an.<\/p>\n<p>Definitiv die meistgenutzte Schnapsglaeser, das die stilistischen Anforderungen einer 360\u00b0-Nutzung perfekt erf\u00fcllt.<\/p>\n<h4>Logo-Personalisierung ist auf Anfrage erh\u00e4ltlich, von einer bis maximal 2 Farben bei einer Mindestbestellmenge von 288 St\u00fcck.<\/h4>\n<p>Aus technischer Sicht bezeichnet die Abk\u00fcrzung SAN das Acrylnitril-Styrol-Copolymer mit guter Best\u00e4ndigkeit und guten mechanischen Eigenschaften.<\/p>\n<p>Mit mehreren physikalischen Eigenschaften zeichnet sich SAN durch hervorragende chemische Best\u00e4ndigkeit, hohe W\u00e4rmeformbest\u00e4ndigkeitstemperaturen aus, wodurch es f\u00fcr h\u00e4ufige Sp\u00fclmaschinendurchg\u00e4nge geeignet ist, hervorragende Z\u00e4higkeit und F\u00e4higkeit, Lasten zu tragen.<\/p>\n<p>Da es frei von Bisphenol-A (BPA-frei) ist, kann es vielseitig in Lebensmitteln verwendet werden, tats\u00e4chlich wird es reichlich bei der Herstellung von Gegenst\u00e4nden des t\u00e4glichen Gebrauchs verwendet.<\/p>\n<p>Gl\u00e4ser aus diesem Material zeichnen sich durch Brillanz und Klarheit aus.<\/p>\n<p>Derzeit in <a href=\"https:\/\/www.brandyourglass.eu\/de\/produkt\/schnapsglaeser-pp-40cc-durchsichtig\/\">transparent<\/a>, <a href=\"https:\/\/www.brandyourglass.eu\/de\/produkt\/schnapsglas-weiss-ac-40cc\/\">wei\u00df<\/a> und <a href=\"https:\/\/www.brandyourglass.eu\/de\/produkt\/schnapsglas-schwarz-ac-40cc\/\">schwarz<\/a> erh\u00e4ltlich<\/p>\n<p>Schnapsglaeser personalisierbar k\u00f6nnen in SAN mit Ihrem eigenen Logo oder Ihren eigenen Grafiken angepasst werden, und Sie k\u00f6nnen sich auf ein fantastisches Ereignis verlassen. Ein anderer <a href=\"https:\/\/www.brandyourglass.eu\/de\/produkt\/daiquiri-frost-glas-pp-430cc-durchsichtig\/\">Modelltyp<\/a> oder etwas <a href=\"https:\/\/www.brandyourglass.eu\/de\/produkt\/tumbler-cocktail-pp-270cc-frost\/\">gr\u00f6\u00dfer<\/a> ist m\u00f6glicherweise verf\u00fcgbar.<\/p>\n<p>Fazit: Es ist die ideale Alternative zu Glaskelchen. Wiederverwendbar und praktisch. Extrem vielseitig, perfekt f\u00fcr Gartenpartys und elegante Empf\u00e4nge, ideal f\u00fcr jede Party oder jeden Anlass.<\/p>\n<p>Unsere <a href=\"https:\/\/www.doimoflair.com\/de\/mehrweg-glaeser\/shotglaeser\/\">Seite<\/a> k\u00f6nnte Sie auch interessieren<\/p>\n<p>[\/vc_column_text][\/vc_column][\/vc_row][vc_row][vc_column width=&#8221;1\/2&#8243;][vc_column_text]Abmessungen des Einzelglases<\/p>\n<p>[\/vc_column_text][vc_column_text]<\/p>\n<table class=\"sizes-table\">\n<tbody>\n<tr>\n<th style=\"text-align: left;\">Oberer Durchmesser<\/th>\n<td>46 mm<\/td>\n<\/tr>\n<tr>\n<th style=\"text-align: left;\">H\u00f6he<\/th>\n<td>55 mm<\/td>\n<\/tr>\n<tr>\n<th style=\"text-align: left;\">Dicke<\/th>\n<td>circa 2 mm<\/td>\n<\/tr>\n<tr>\n<th style=\"text-align: left;\">Gewicht<\/th>\n<td>\u00a019 gr<\/td>\n<\/tr>\n<tr>\n<th style=\"text-align: left;\">Kapazit\u00e4t am Rand<\/th>\n<td>40 cc<\/td>\n<\/tr>\n<\/tbody>\n<\/table>\n<p>[\/vc_column_text][\/vc_column][vc_column width=&#8221;1\/2&#8243;][\/vc_column][\/vc_row]<\/p>\n","protected":false},"excerpt":{"rendered":"<p>In SAN gl\u00e4nzende Produkte mit ausgezeichneter Haltbarkeit. Leicht &#8211; Stapelbar &#8211; Ideal f\u00fcr den Au\u00dfenbereich &#8211; Unzerbrechlich, sto\u00dffest &#8211; Sp\u00fclmaschinenfest &#8211; Hergestellt in Italien und zertifiziert.<\/p>\n<p><img loading=\"lazy\" decoding=\"async\" class=\"wp-image-3193 alignnone\" src=\"https:\/\/www.brandyourglass.eu\/wp-content\/uploads\/2020\/02\/Icone-BPA-free.png\" alt=\"\" width=\"103\" height=\"89\" \/><img loading=\"lazy\" decoding=\"async\" class=\"alignnone wp-image-3192\" src=\"https:\/\/www.brandyourglass.eu\/wp-content\/uploads\/2020\/02\/Icone-diamond-transparency.png\" alt=\"\" width=\"103\" height=\"89\" \/>\u00a0 \u00a0\u00a0<img loading=\"lazy\" decoding=\"async\" class=\"alignnone wp-image-3180\" src=\"https:\/\/www.brandyourglass.eu\/wp-content\/uploads\/2020\/05\/icon-recycle.png\" alt=\"\" width=\"83\" height=\"83\" \/>\u00a0 \u00a0\u00a0<img loading=\"lazy\" decoding=\"async\" class=\"alignnone wp-image-3181\" src=\"https:\/\/www.brandyourglass.eu\/wp-content\/uploads\/2020\/05\/icon-unbreakable.png\" alt=\"\" width=\"83\" height=\"83\" \/><\/p>\n<p><strong><span style=\"font-size: 19px;\">MINDESTBESTELLUNG <\/span><span style=\"font-size: 25px;\">288 <\/span><span style=\"font-size: 19px;\">ST\u00dcCK<span style=\"font-size: 16px;\"> &#8211; <em><span style=\"color: #ff6600;\">KOSTENLOSE<\/span><\/em> LIEFERUNG &#8211; <em><span style=\"color: #ff6600;\">KOSTENLOSE<\/span><\/em> DRUCKDATEN<\/span><\/span><\/strong><br \/>\n<span style=\"font-size: 18px;\">Die Mindestbestellmenge f\u00fcr dieses Glas betr\u00e4gt <strong>4<\/strong> Kartons mit <strong>72\u00a0<\/strong>einzeln verpackten Gl\u00e4sern, insgesamt <strong>288<\/strong>\u00a0St\u00fcck.<\/span><\/p>\n<p><span style=\"font-size: 18px;\"><strong><span style=\"font-size: 19px;\">Fordern Sie ein individuelles <span style=\"color: #ff6600;\"><a style=\"color: #ff6600;\" href=\"https:\/\/www.brandyourglass.eu\/de\/kontakte\/\">Angebot<\/a><\/span> mit digitaler Vorschau an.<\/span><\/strong><\/span><\/p>\n","protected":false},"featured_media":4441,"template":"","meta":[],"product_cat":[251],"product_tag":[],"class_list":["post-5646","product","type-product","status-publish","has-post-thumbnail","hentry","product_cat-kunststoff-schnapsglaeser","pa_scegli-tampografia-1-farbe","pa_scegli-tampografia-2-farben","pa_scegli-tampografia-keine-farbe","tm-has-styled-variations","tm-no-options-pxq"],"yoast_head":"<!-- This site is optimized with the Yoast SEO plugin v18.0 - https:\/\/yoast.com\/wordpress\/plugins\/seo\/ -->\n<title>Schnapsglaeser personalisierbar aus SAN 40cc Unzerbrechlich mit Logo<\/title>\n<meta name=\"description\" content=\"Schnapsglaeser personalisierbar aus transparentem SAN 40cc unzerbrechlich stapelbar f\u00fcr kleine Verkostungen oder f\u00fcr Beachclub,\" \/>\n<meta name=\"robots\" content=\"index, follow, max-snippet:-1, max-image-preview:large, max-video-preview:-1\" \/>\n<link rel=\"canonical\" href=\"https:\/\/www.brandyourglass.eu\/de\/produkt\/schnapsglaeser-personalisierbar-san-40cc\/\" \/>\n<meta property=\"og:locale\" content=\"de_DE\" \/>\n<meta property=\"og:type\" content=\"article\" \/>\n<meta property=\"og:title\" content=\"Schnapsglaeser personalisierbar aus SAN 40cc Unzerbrechlich mit Logo\" \/>\n<meta property=\"og:description\" content=\"Schnapsglaeser personalisierbar aus transparentem SAN 40cc unzerbrechlich stapelbar f\u00fcr kleine Verkostungen oder f\u00fcr Beachclub,\" \/>\n<meta property=\"og:url\" content=\"https:\/\/www.brandyourglass.eu\/de\/produkt\/schnapsglaeser-personalisierbar-san-40cc\/\" \/>\n<meta property=\"og:site_name\" content=\"brand your glass\" \/>\n<meta property=\"article:modified_time\" content=\"2024-02-01T18:44:06+00:00\" \/>\n<meta property=\"og:image\" content=\"https:\/\/www.brandyourglass.eu\/wp-content\/uploads\/2020\/02\/3767-21.jpg\" \/>\n\t<meta property=\"og:image:width\" content=\"1200\" \/>\n\t<meta property=\"og:image:height\" content=\"1500\" \/>\n\t<meta property=\"og:image:type\" content=\"image\/jpeg\" \/>\n<meta name=\"twitter:card\" content=\"summary_large_image\" \/>\n<meta name=\"twitter:label1\" content=\"Gesch\u00e4tzte Lesezeit\" \/>\n\t<meta name=\"twitter:data1\" content=\"2\u00a0Minuten\" \/>\n<script type=\"application\/ld+json\" class=\"yoast-schema-graph\">{\"@context\":\"https:\/\/schema.org\",\"@graph\":[{\"@type\":\"Organization\",\"@id\":\"https:\/\/www.brandyourglass.eu\/de\/#organization\",\"name\":\"DoimoFlair\",\"url\":\"https:\/\/www.brandyourglass.eu\/de\/\",\"sameAs\":[],\"logo\":{\"@type\":\"ImageObject\",\"@id\":\"https:\/\/www.brandyourglass.eu\/de\/#logo\",\"inLanguage\":\"de\",\"url\":\"https:\/\/www.brandyourglass.eu\/wp-content\/uploads\/2020\/07\/doimo-logo-email.png\",\"contentUrl\":\"https:\/\/www.brandyourglass.eu\/wp-content\/uploads\/2020\/07\/doimo-logo-email.png\",\"width\":200,\"height\":140,\"caption\":\"DoimoFlair\"},\"image\":{\"@id\":\"https:\/\/www.brandyourglass.eu\/de\/#logo\"}},{\"@type\":\"WebSite\",\"@id\":\"https:\/\/www.brandyourglass.eu\/de\/#website\",\"url\":\"https:\/\/www.brandyourglass.eu\/de\/\",\"name\":\"brand your glass\",\"description\":\"customize glasses with your logo\",\"publisher\":{\"@id\":\"https:\/\/www.brandyourglass.eu\/de\/#organization\"},\"potentialAction\":[{\"@type\":\"SearchAction\",\"target\":{\"@type\":\"EntryPoint\",\"urlTemplate\":\"https:\/\/www.brandyourglass.eu\/de\/?s={search_term_string}\"},\"query-input\":\"required name=search_term_string\"}],\"inLanguage\":\"de\"},{\"@type\":\"ImageObject\",\"@id\":\"https:\/\/www.brandyourglass.eu\/de\/produkt\/schnapsglaeser-personalisierbar-san-40cc\/#primaryimage\",\"inLanguage\":\"de\",\"url\":\"https:\/\/www.brandyourglass.eu\/wp-content\/uploads\/2020\/02\/3767-21.jpg\",\"contentUrl\":\"https:\/\/www.brandyourglass.eu\/wp-content\/uploads\/2020\/02\/3767-21.jpg\",\"width\":1200,\"height\":1500,\"caption\":\"Schnapsgl\u00e4ser personalisierbar mit Text und Logo Shot SAN 40cc. -Transparent aus unzerbrechlichem Kunststoff\"},{\"@type\":\"WebPage\",\"@id\":\"https:\/\/www.brandyourglass.eu\/de\/produkt\/schnapsglaeser-personalisierbar-san-40cc\/#webpage\",\"url\":\"https:\/\/www.brandyourglass.eu\/de\/produkt\/schnapsglaeser-personalisierbar-san-40cc\/\",\"name\":\"Schnapsglaeser personalisierbar aus SAN 40cc Unzerbrechlich mit Logo\",\"isPartOf\":{\"@id\":\"https:\/\/www.brandyourglass.eu\/de\/#website\"},\"primaryImageOfPage\":{\"@id\":\"https:\/\/www.brandyourglass.eu\/de\/produkt\/schnapsglaeser-personalisierbar-san-40cc\/#primaryimage\"},\"datePublished\":\"2020-02-27T11:05:34+00:00\",\"dateModified\":\"2024-02-01T18:44:06+00:00\",\"description\":\"Schnapsglaeser personalisierbar aus transparentem SAN 40cc unzerbrechlich stapelbar f\u00fcr kleine Verkostungen oder f\u00fcr Beachclub,\",\"breadcrumb\":{\"@id\":\"https:\/\/www.brandyourglass.eu\/de\/produkt\/schnapsglaeser-personalisierbar-san-40cc\/#breadcrumb\"},\"inLanguage\":\"de\",\"potentialAction\":[{\"@type\":\"ReadAction\",\"target\":[\"https:\/\/www.brandyourglass.eu\/de\/produkt\/schnapsglaeser-personalisierbar-san-40cc\/\"]}]},{\"@type\":\"BreadcrumbList\",\"@id\":\"https:\/\/www.brandyourglass.eu\/de\/produkt\/schnapsglaeser-personalisierbar-san-40cc\/#breadcrumb\",\"itemListElement\":[{\"@type\":\"ListItem\",\"position\":1,\"name\":\"Home\",\"item\":\"https:\/\/www.brandyourglass.eu\/de\/\"},{\"@type\":\"ListItem\",\"position\":2,\"name\":\"Shop\",\"item\":\"https:\/\/www.brandyourglass.eu\/shop-2\/\"},{\"@type\":\"ListItem\",\"position\":3,\"name\":\"Schnapsglas SAN 40cc. -Durchsichtig\"}]}]}<\/script>\n<!-- \/ Yoast SEO plugin. -->","yoast_head_json":{"title":"Schnapsglaeser personalisierbar aus SAN 40cc Unzerbrechlich mit Logo","description":"Schnapsglaeser personalisierbar aus transparentem SAN 40cc unzerbrechlich stapelbar f\u00fcr kleine Verkostungen oder f\u00fcr Beachclub,","robots":{"index":"index","follow":"follow","max-snippet":"max-snippet:-1","max-image-preview":"max-image-preview:large","max-video-preview":"max-video-preview:-1"},"canonical":"https:\/\/www.brandyourglass.eu\/de\/produkt\/schnapsglaeser-personalisierbar-san-40cc\/","og_locale":"de_DE","og_type":"article","og_title":"Schnapsglaeser personalisierbar aus SAN 40cc Unzerbrechlich mit Logo","og_description":"Schnapsglaeser personalisierbar aus transparentem SAN 40cc unzerbrechlich stapelbar f\u00fcr kleine Verkostungen oder f\u00fcr Beachclub,","og_url":"https:\/\/www.brandyourglass.eu\/de\/produkt\/schnapsglaeser-personalisierbar-san-40cc\/","og_site_name":"brand your glass","article_modified_time":"2024-02-01T18:44:06+00:00","og_image":[{"width":1200,"height":1500,"url":"https:\/\/www.brandyourglass.eu\/wp-content\/uploads\/2020\/02\/3767-21.jpg","type":"image\/jpeg"}],"twitter_card":"summary_large_image","twitter_misc":{"Gesch\u00e4tzte Lesezeit":"2\u00a0Minuten"},"schema":{"@context":"https:\/\/schema.org","@graph":[{"@type":"Organization","@id":"https:\/\/www.brandyourglass.eu\/de\/#organization","name":"DoimoFlair","url":"https:\/\/www.brandyourglass.eu\/de\/","sameAs":[],"logo":{"@type":"ImageObject","@id":"https:\/\/www.brandyourglass.eu\/de\/#logo","inLanguage":"de","url":"https:\/\/www.brandyourglass.eu\/wp-content\/uploads\/2020\/07\/doimo-logo-email.png","contentUrl":"https:\/\/www.brandyourglass.eu\/wp-content\/uploads\/2020\/07\/doimo-logo-email.png","width":200,"height":140,"caption":"DoimoFlair"},"image":{"@id":"https:\/\/www.brandyourglass.eu\/de\/#logo"}},{"@type":"WebSite","@id":"https:\/\/www.brandyourglass.eu\/de\/#website","url":"https:\/\/www.brandyourglass.eu\/de\/","name":"brand your glass","description":"customize glasses with your logo","publisher":{"@id":"https:\/\/www.brandyourglass.eu\/de\/#organization"},"potentialAction":[{"@type":"SearchAction","target":{"@type":"EntryPoint","urlTemplate":"https:\/\/www.brandyourglass.eu\/de\/?s={search_term_string}"},"query-input":"required name=search_term_string"}],"inLanguage":"de"},{"@type":"ImageObject","@id":"https:\/\/www.brandyourglass.eu\/de\/produkt\/schnapsglaeser-personalisierbar-san-40cc\/#primaryimage","inLanguage":"de","url":"https:\/\/www.brandyourglass.eu\/wp-content\/uploads\/2020\/02\/3767-21.jpg","contentUrl":"https:\/\/www.brandyourglass.eu\/wp-content\/uploads\/2020\/02\/3767-21.jpg","width":1200,"height":1500,"caption":"Schnapsgl\u00e4ser personalisierbar mit Text und Logo Shot SAN 40cc. -Transparent aus unzerbrechlichem Kunststoff"},{"@type":"WebPage","@id":"https:\/\/www.brandyourglass.eu\/de\/produkt\/schnapsglaeser-personalisierbar-san-40cc\/#webpage","url":"https:\/\/www.brandyourglass.eu\/de\/produkt\/schnapsglaeser-personalisierbar-san-40cc\/","name":"Schnapsglaeser personalisierbar aus SAN 40cc Unzerbrechlich mit Logo","isPartOf":{"@id":"https:\/\/www.brandyourglass.eu\/de\/#website"},"primaryImageOfPage":{"@id":"https:\/\/www.brandyourglass.eu\/de\/produkt\/schnapsglaeser-personalisierbar-san-40cc\/#primaryimage"},"datePublished":"2020-02-27T11:05:34+00:00","dateModified":"2024-02-01T18:44:06+00:00","description":"Schnapsglaeser personalisierbar aus transparentem SAN 40cc unzerbrechlich stapelbar f\u00fcr kleine Verkostungen oder f\u00fcr Beachclub,","breadcrumb":{"@id":"https:\/\/www.brandyourglass.eu\/de\/produkt\/schnapsglaeser-personalisierbar-san-40cc\/#breadcrumb"},"inLanguage":"de","potentialAction":[{"@type":"ReadAction","target":["https:\/\/www.brandyourglass.eu\/de\/produkt\/schnapsglaeser-personalisierbar-san-40cc\/"]}]},{"@type":"BreadcrumbList","@id":"https:\/\/www.brandyourglass.eu\/de\/produkt\/schnapsglaeser-personalisierbar-san-40cc\/#breadcrumb","itemListElement":[{"@type":"ListItem","position":1,"name":"Home","item":"https:\/\/www.brandyourglass.eu\/de\/"},{"@type":"ListItem","position":2,"name":"Shop","item":"https:\/\/www.brandyourglass.eu\/shop-2\/"},{"@type":"ListItem","position":3,"name":"Schnapsglas SAN 40cc. -Durchsichtig"}]}]}},"_links":{"self":[{"href":"https:\/\/www.brandyourglass.eu\/de\/wp-json\/wp\/v2\/product\/5646","targetHints":{"allow":["GET"]}}],"collection":[{"href":"https:\/\/www.brandyourglass.eu\/de\/wp-json\/wp\/v2\/product"}],"about":[{"href":"https:\/\/www.brandyourglass.eu\/de\/wp-json\/wp\/v2\/types\/product"}],"wp:featuredmedia":[{"embeddable":true,"href":"https:\/\/www.brandyourglass.eu\/de\/wp-json\/wp\/v2\/media\/4441"}],"wp:attachment":[{"href":"https:\/\/www.brandyourglass.eu\/de\/wp-json\/wp\/v2\/media?parent=5646"}],"wp:term":[{"taxonomy":"product_cat","embeddable":true,"href":"https:\/\/www.brandyourglass.eu\/de\/wp-json\/wp\/v2\/product_cat?post=5646"},{"taxonomy":"product_tag","embeddable":true,"href":"https:\/\/www.brandyourglass.eu\/de\/wp-json\/wp\/v2\/product_tag?post=5646"}],"curies":[{"name":"wp","href":"https:\/\/api.w.org\/{rel}","templated":true}]}}