{"id":6037,"date":"2023-01-15T14:27:29","date_gmt":"2023-01-15T13:27:29","guid":{"rendered":"https:\/\/www.brandyourglass.eu\/?post_type=product&#038;p=6037"},"modified":"2024-01-17T18:11:32","modified_gmt":"2024-01-17T17:11:32","slug":"schnapsglaeser-pp-40cc-durchsichtig","status":"publish","type":"product","link":"https:\/\/www.brandyourglass.eu\/de\/produkt\/schnapsglaeser-pp-40cc-durchsichtig\/","title":{"rendered":"Schnapsglas PP 40cc. -Durchsichtig Frost"},"content":{"rendered":"<p>[vc_row el_class=&#8221;m-b-md&#8221;][vc_column][vc_column_text]<\/p>\n<h2 class=\"p1\"><b>Schnapsglaeser aus Polypropylen Plastik, personalisiert mit Ihrem eigenen Logo oder Ihrer eigenen Grafik<\/b><\/h2>\n<p class=\"p2\">Diese Schnapsglaeser aus edlem Kunststoff und mit elegantem Design sind unzerbrechlich und somit perfekt f\u00fcr jede Situation zu Hause und im Freien.<\/p>\n<p class=\"p2\">Hervorragende Alternative, wenn Glas aus praktischen oder dienstlichen Gr\u00fcnden nicht verwendet werden kann, daher perfekt f\u00fcr jeden Anlass.<\/p>\n<p class=\"p2\">Beispielhafte Evolution in der Lebensmittel- und Getr\u00e4nkeindustrie, mit \u00f6kologischen Produktionsmethoden und der Schaffung intelligenter Produkte, die Gl\u00e4ser mit perfekten Proportionen schaffen, die mit Liebe zum Detail und au\u00dfergew\u00f6hnlicher Qualit\u00e4t behandelt werden.<\/p>\n<p class=\"p2\">In \u00e4hnlicher Weise spiegeln die Schnapsglaeser wider, das mit seiner langen Lebensdauer, der Best\u00e4ndigkeit gegen h\u00e4ufiges Waschen und damit mit der Unzerst\u00f6rbarkeit in Verbindung gebracht wird.<\/p>\n<h3 class=\"p3\"><b>Aus Polypropylen billige Schnapsglaeser, aber widerstandsf\u00e4hige Produkte<\/b><\/h3>\n<p class=\"p2\">Es ist leicht, vielseitig und ideal f\u00fcr den Au\u00dfenbereich, da es unzerbrechlich, sto\u00dffest und sp\u00fclmaschinenfest ist.<\/p>\n<p class=\"p2\">Diese Schnapsglaeser ist in Italien hergestellt und zertifiziert<\/p>\n<p class=\"p2\">&#8211; Hell<\/p>\n<p class=\"p2\">&#8211; Innovativ<\/p>\n<p class=\"p2\">&#8211; Stabil<\/p>\n<p class=\"p2\">&#8211; Originell<\/p>\n<p class=\"p2\">&#8211; Einfach zu handhaben und vor allem anpassbar<\/p>\n<p class=\"p2\">Die Schnapsglaeser passt sich der zeitgen\u00f6ssischen Welt mit dem richtigen hintergr\u00fcndigen Mehrwert an.<\/p>\n<p class=\"p2\">Definitiv das meistgenutzte Schnapsglas, das perfekt auf die stilistischen Bed\u00fcrfnisse einer 360\u00b0-Nutzung eingeht.<\/p>\n<h4 class=\"p4\"><b>Logo-Personalisierung ist auf Anfrage erh\u00e4ltlich, von einer bis maximal 2 Farben bei einer Mindestbestellmenge von 336 St\u00fcck.<\/b><\/h4>\n<p class=\"p2\">Aus technischer Sicht bezeichnet das K\u00fcrzel PP den mengenm\u00e4\u00dfig dritten Kunststoff, n\u00e4mlich Polypropylen.<\/p>\n<p class=\"p2\">Dank der nicht polaren Eigenschaften ist PP sehr widerstandsf\u00e4hig und weniger flexibel.<\/p>\n<p class=\"p2\">Es hat eine extrem hohe W\u00e4rmeformbest\u00e4ndigkeit und kann ohne Verformung sicher auf 120\u00b0C erhitzt werden.<\/p>\n<p class=\"p2\">Ungiftig, geruchlos, sehr leicht, v\u00f6llig frei von Bisphenol-A (BPA-frei), die Hauptanwendungen betreffen Haushaltsgegenst\u00e4nde, Ausr\u00fcstungsteile, Verpackungen, Flaschen verschiedener Art.<\/p>\n<p class=\"p2\">Aber parallel zu diesem unersch\u00f6pflichen Strom von &#8220;Ersatz&#8221;-Nutzungen hat das Design eine unabh\u00e4ngige Forschung entwickelt, die durch die Nutzung des au\u00dfergew\u00f6hnlichen Potenzials des Materials Objekte mit einer beispiellosen Linie zum Leben erweckt hat, die sich durch ihre einzigartige Transparenz und Vielseitigkeit auszeichnen.<\/p>\n<p class=\"p2\">Vor\u00fcbergehend in der satinierten Ausf\u00fchrung in folgenden Farben erh\u00e4ltlich: <a href=\"https:\/\/www.brandyourglass.eu\/de\/produkt\/trinkglaeser-kunststoff-polypropylen-transparent-350cc\/\"><span class=\"s1\">Transparent<\/span><\/a>, <a href=\"https:\/\/www.brandyourglass.eu\/de\/produkt\/schnapsglas-weiss-ac-40cc\/\"><span class=\"s2\">Weiss<\/span><\/a> und <a href=\"https:\/\/www.brandyourglass.eu\/de\/produkt\/schnapsglas-schwarz-ac-40cc\/\"><span class=\"s2\">Schwarz<\/span><\/a>.<\/p>\n<p class=\"p2\">Anpassbares Schnapsglaeser aus satiniertem Polypropylen mit Ihrem eigenen Logo oder Ihrer eigenen Grafik und Sie sorgen f\u00fcr eine fantastische Veranstaltung, m\u00f6glicherweise ist eine andere Art eines \u00e4hnlichen <a href=\"https:\/\/www.brandyourglass.eu\/de\/produkt\/tumbler-cocktail-pp-270cc-frost\/\"><span class=\"s1\">Modells<\/span><\/a> erh\u00e4ltlich oder etwas <a href=\"https:\/\/www.brandyourglass.eu\/de\/produkt\/hochwertige-kunststoff-trinkglaeser-polypropylen-tuerkis-granity-420cc\/\"><span class=\"s1\">Gr\u00f6\u00dfer<\/span><\/a>.<\/p>\n<p class=\"p2\">Fazit: Es ist die ideale Alternative zu Glasgl\u00e4sern. Wiederverwendbar und praktisch. Extrem vielseitig, perfekt f\u00fcr Gartenpartys und elegante Empf\u00e4nge, ideal f\u00fcr jede Party oder jeden Anlass.<\/p>\n<p class=\"p2\">Unsere <a href=\"https:\/\/www.doimoflair.com\/de\/mehrwegbecher\/\"><span class=\"s1\">Seite<\/span><\/a> k\u00f6nnte Sie auch interessieren<\/p>\n<p>[\/vc_column_text][\/vc_column][\/vc_row][vc_row][vc_column width=&#8221;1\/2&#8243;][vc_column_text]<strong>Abmessungen des Einzelglases<\/strong>[\/vc_column_text][vc_column_text]<\/p>\n<table class=\"sizes-table\">\n<tbody>\n<tr>\n<th style=\"text-align: left;\">Oberer Durchmesser<\/th>\n<td>46 mm<\/td>\n<\/tr>\n<tr>\n<th style=\"text-align: left;\">H\u00f6he<\/th>\n<td>55 mm<\/td>\n<\/tr>\n<tr>\n<th style=\"text-align: left;\">Dicke<\/th>\n<td>circa 2 mm<\/td>\n<\/tr>\n<tr>\n<th style=\"text-align: left;\">Gewicht<\/th>\n<td>\u00a019 gr<\/td>\n<\/tr>\n<tr>\n<th style=\"text-align: left;\">Kantenkapazit\u00e4t<\/th>\n<td>40 cc<\/td>\n<\/tr>\n<\/tbody>\n<\/table>\n<p>[\/vc_column_text][\/vc_column][vc_column width=&#8221;1\/2&#8243;][\/vc_column][\/vc_row]<\/p>\n","protected":false},"excerpt":{"rendered":"<p>In SAN gl\u00e4nzende Produkte mit ausgezeichneter Haltbarkeit. Leicht &#8211; Stapelbar &#8211; Ideal f\u00fcr den Au\u00dfenbereich &#8211; Unzerbrechlich, sto\u00dffest &#8211; Sp\u00fclmaschinenfest &#8211; Hergestellt in Italien und zertifiziert.<\/p>\n<p><img loading=\"lazy\" decoding=\"async\" class=\"wp-image-3193 alignnone\" src=\"https:\/\/www.brandyourglass.eu\/wp-content\/uploads\/2020\/02\/Icone-BPA-free.png\" alt=\"\" width=\"103\" height=\"89\" \/><img loading=\"lazy\" decoding=\"async\" class=\"alignnone wp-image-3192\" src=\"https:\/\/www.brandyourglass.eu\/wp-content\/uploads\/2020\/02\/Icone-diamond-transparency.png\" alt=\"\" width=\"103\" height=\"89\" \/>\u00a0 \u00a0\u00a0<img loading=\"lazy\" decoding=\"async\" class=\"alignnone wp-image-3180\" src=\"https:\/\/www.brandyourglass.eu\/wp-content\/uploads\/2020\/05\/icon-recycle.png\" alt=\"\" width=\"83\" height=\"83\" \/>\u00a0 \u00a0\u00a0<img loading=\"lazy\" decoding=\"async\" class=\"alignnone wp-image-3181\" src=\"https:\/\/www.brandyourglass.eu\/wp-content\/uploads\/2020\/05\/icon-unbreakable.png\" alt=\"\" width=\"83\" height=\"83\" \/><\/p>\n<p><strong><span style=\"font-size: 19px;\">MINDESTBESTELLUNG <\/span><span style=\"font-size: 25px;\">112 <\/span><span style=\"font-size: 19px;\">ST\u00dcCK<span style=\"font-size: 16px;\"><span style=\"font-size: 15px;\"> Ohne Logo<\/span> &#8211; <em><span style=\"color: #ff6600;\">KOSTENLOSE<\/span><\/em> LIEFERUNG &#8211; <em><span style=\"color: #ff6600;\">KOSTENLOSE<\/span><\/em> DRUCKDATEN<\/span><\/span><\/strong><br \/>\n<span style=\"font-size: 18px;\">Die Mindestbestellmenge f\u00fcr dieses Glas betr\u00e4gt <strong>1<\/strong> Kartons mit <strong>112 <\/strong>einzeln verpackten Gl\u00e4sern, insgesamt <strong>112<\/strong>\u00a0St\u00fcck.<\/span><\/p>\n<p><span style=\"font-size: 18px;\"><strong><span style=\"font-size: 19px;\">Fordern Sie ein individuelles <span style=\"color: #ff6600;\"><a style=\"color: #ff6600;\" href=\"https:\/\/www.brandyourglass.eu\/de\/kontakte\/\">Angebot<\/a><\/span> mit digitaler Vorschau an.<\/span><\/strong><\/span><\/p>\n","protected":false},"featured_media":6226,"template":"","meta":[],"product_cat":[251],"product_tag":[],"class_list":["post-6037","product","type-product","status-publish","has-post-thumbnail","hentry","product_cat-kunststoff-schnapsglaeser","pa_scegli-tampografia-1-farbe","pa_scegli-tampografia-2-farben","pa_scegli-tampografia-keine-farbe","tm-has-styled-variations","tm-no-options-pxq"],"yoast_head":"<!-- This site is optimized with the Yoast SEO plugin v18.0 - https:\/\/yoast.com\/wordpress\/plugins\/seo\/ -->\n<title>Schnapsglaeser aus Polypropylen 40cc Unzerbrechlich mit Logo or design<\/title>\n<meta name=\"description\" content=\"Schnapsglaeser personalisierbar aus transparentem PP 40cc unzerbrechlich stapelbar f\u00fcr kleine Verkostungen oder f\u00fcr Beachclub,\" \/>\n<meta name=\"robots\" content=\"index, follow, max-snippet:-1, max-image-preview:large, max-video-preview:-1\" \/>\n<link rel=\"canonical\" href=\"https:\/\/www.brandyourglass.eu\/de\/produkt\/schnapsglaeser-pp-40cc-durchsichtig\/\" \/>\n<meta property=\"og:locale\" content=\"de_DE\" \/>\n<meta property=\"og:type\" content=\"article\" \/>\n<meta property=\"og:title\" content=\"Schnapsglaeser aus Polypropylen 40cc Unzerbrechlich mit Logo or design\" \/>\n<meta property=\"og:description\" content=\"Schnapsglaeser personalisierbar aus transparentem PP 40cc unzerbrechlich stapelbar f\u00fcr kleine Verkostungen oder f\u00fcr Beachclub,\" \/>\n<meta property=\"og:url\" content=\"https:\/\/www.brandyourglass.eu\/de\/produkt\/schnapsglaeser-pp-40cc-durchsichtig\/\" \/>\n<meta property=\"og:site_name\" content=\"brand your glass\" \/>\n<meta property=\"article:modified_time\" content=\"2024-01-17T17:11:32+00:00\" \/>\n<meta property=\"og:image\" content=\"https:\/\/www.brandyourglass.eu\/wp-content\/uploads\/2023\/01\/Shot-PP-semi-trasp.jpg\" \/>\n\t<meta property=\"og:image:width\" content=\"1200\" \/>\n\t<meta property=\"og:image:height\" content=\"1500\" \/>\n\t<meta property=\"og:image:type\" content=\"image\/jpeg\" \/>\n<meta name=\"twitter:card\" content=\"summary_large_image\" \/>\n<meta name=\"twitter:label1\" content=\"Gesch\u00e4tzte Lesezeit\" \/>\n\t<meta name=\"twitter:data1\" content=\"3\u00a0Minuten\" \/>\n<script type=\"application\/ld+json\" class=\"yoast-schema-graph\">{\"@context\":\"https:\/\/schema.org\",\"@graph\":[{\"@type\":\"Organization\",\"@id\":\"https:\/\/www.brandyourglass.eu\/de\/#organization\",\"name\":\"DoimoFlair\",\"url\":\"https:\/\/www.brandyourglass.eu\/de\/\",\"sameAs\":[],\"logo\":{\"@type\":\"ImageObject\",\"@id\":\"https:\/\/www.brandyourglass.eu\/de\/#logo\",\"inLanguage\":\"de\",\"url\":\"https:\/\/www.brandyourglass.eu\/wp-content\/uploads\/2020\/07\/doimo-logo-email.png\",\"contentUrl\":\"https:\/\/www.brandyourglass.eu\/wp-content\/uploads\/2020\/07\/doimo-logo-email.png\",\"width\":200,\"height\":140,\"caption\":\"DoimoFlair\"},\"image\":{\"@id\":\"https:\/\/www.brandyourglass.eu\/de\/#logo\"}},{\"@type\":\"WebSite\",\"@id\":\"https:\/\/www.brandyourglass.eu\/de\/#website\",\"url\":\"https:\/\/www.brandyourglass.eu\/de\/\",\"name\":\"brand your glass\",\"description\":\"customize glasses with your logo\",\"publisher\":{\"@id\":\"https:\/\/www.brandyourglass.eu\/de\/#organization\"},\"potentialAction\":[{\"@type\":\"SearchAction\",\"target\":{\"@type\":\"EntryPoint\",\"urlTemplate\":\"https:\/\/www.brandyourglass.eu\/de\/?s={search_term_string}\"},\"query-input\":\"required name=search_term_string\"}],\"inLanguage\":\"de\"},{\"@type\":\"ImageObject\",\"@id\":\"https:\/\/www.brandyourglass.eu\/de\/produkt\/schnapsglaeser-pp-40cc-durchsichtig\/#primaryimage\",\"inLanguage\":\"de\",\"url\":\"https:\/\/www.brandyourglass.eu\/wp-content\/uploads\/2023\/01\/Shot-PP-semi-trasp.jpg\",\"contentUrl\":\"https:\/\/www.brandyourglass.eu\/wp-content\/uploads\/2023\/01\/Shot-PP-semi-trasp.jpg\",\"width\":1200,\"height\":1500,\"caption\":\"Bicchiere da shot\"},{\"@type\":\"WebPage\",\"@id\":\"https:\/\/www.brandyourglass.eu\/de\/produkt\/schnapsglaeser-pp-40cc-durchsichtig\/#webpage\",\"url\":\"https:\/\/www.brandyourglass.eu\/de\/produkt\/schnapsglaeser-pp-40cc-durchsichtig\/\",\"name\":\"Schnapsglaeser aus Polypropylen 40cc Unzerbrechlich mit Logo or design\",\"isPartOf\":{\"@id\":\"https:\/\/www.brandyourglass.eu\/de\/#website\"},\"primaryImageOfPage\":{\"@id\":\"https:\/\/www.brandyourglass.eu\/de\/produkt\/schnapsglaeser-pp-40cc-durchsichtig\/#primaryimage\"},\"datePublished\":\"2023-01-15T13:27:29+00:00\",\"dateModified\":\"2024-01-17T17:11:32+00:00\",\"description\":\"Schnapsglaeser personalisierbar aus transparentem PP 40cc unzerbrechlich stapelbar f\u00fcr kleine Verkostungen oder f\u00fcr Beachclub,\",\"breadcrumb\":{\"@id\":\"https:\/\/www.brandyourglass.eu\/de\/produkt\/schnapsglaeser-pp-40cc-durchsichtig\/#breadcrumb\"},\"inLanguage\":\"de\",\"potentialAction\":[{\"@type\":\"ReadAction\",\"target\":[\"https:\/\/www.brandyourglass.eu\/de\/produkt\/schnapsglaeser-pp-40cc-durchsichtig\/\"]}]},{\"@type\":\"BreadcrumbList\",\"@id\":\"https:\/\/www.brandyourglass.eu\/de\/produkt\/schnapsglaeser-pp-40cc-durchsichtig\/#breadcrumb\",\"itemListElement\":[{\"@type\":\"ListItem\",\"position\":1,\"name\":\"Home\",\"item\":\"https:\/\/www.brandyourglass.eu\/de\/\"},{\"@type\":\"ListItem\",\"position\":2,\"name\":\"Shop\",\"item\":\"https:\/\/www.brandyourglass.eu\/shop-2\/\"},{\"@type\":\"ListItem\",\"position\":3,\"name\":\"Schnapsglas PP 40cc. -Durchsichtig Frost\"}]}]}<\/script>\n<!-- \/ Yoast SEO plugin. -->","yoast_head_json":{"title":"Schnapsglaeser aus Polypropylen 40cc Unzerbrechlich mit Logo or design","description":"Schnapsglaeser personalisierbar aus transparentem PP 40cc unzerbrechlich stapelbar f\u00fcr kleine Verkostungen oder f\u00fcr Beachclub,","robots":{"index":"index","follow":"follow","max-snippet":"max-snippet:-1","max-image-preview":"max-image-preview:large","max-video-preview":"max-video-preview:-1"},"canonical":"https:\/\/www.brandyourglass.eu\/de\/produkt\/schnapsglaeser-pp-40cc-durchsichtig\/","og_locale":"de_DE","og_type":"article","og_title":"Schnapsglaeser aus Polypropylen 40cc Unzerbrechlich mit Logo or design","og_description":"Schnapsglaeser personalisierbar aus transparentem PP 40cc unzerbrechlich stapelbar f\u00fcr kleine Verkostungen oder f\u00fcr Beachclub,","og_url":"https:\/\/www.brandyourglass.eu\/de\/produkt\/schnapsglaeser-pp-40cc-durchsichtig\/","og_site_name":"brand your glass","article_modified_time":"2024-01-17T17:11:32+00:00","og_image":[{"width":1200,"height":1500,"url":"https:\/\/www.brandyourglass.eu\/wp-content\/uploads\/2023\/01\/Shot-PP-semi-trasp.jpg","type":"image\/jpeg"}],"twitter_card":"summary_large_image","twitter_misc":{"Gesch\u00e4tzte Lesezeit":"3\u00a0Minuten"},"schema":{"@context":"https:\/\/schema.org","@graph":[{"@type":"Organization","@id":"https:\/\/www.brandyourglass.eu\/de\/#organization","name":"DoimoFlair","url":"https:\/\/www.brandyourglass.eu\/de\/","sameAs":[],"logo":{"@type":"ImageObject","@id":"https:\/\/www.brandyourglass.eu\/de\/#logo","inLanguage":"de","url":"https:\/\/www.brandyourglass.eu\/wp-content\/uploads\/2020\/07\/doimo-logo-email.png","contentUrl":"https:\/\/www.brandyourglass.eu\/wp-content\/uploads\/2020\/07\/doimo-logo-email.png","width":200,"height":140,"caption":"DoimoFlair"},"image":{"@id":"https:\/\/www.brandyourglass.eu\/de\/#logo"}},{"@type":"WebSite","@id":"https:\/\/www.brandyourglass.eu\/de\/#website","url":"https:\/\/www.brandyourglass.eu\/de\/","name":"brand your glass","description":"customize glasses with your logo","publisher":{"@id":"https:\/\/www.brandyourglass.eu\/de\/#organization"},"potentialAction":[{"@type":"SearchAction","target":{"@type":"EntryPoint","urlTemplate":"https:\/\/www.brandyourglass.eu\/de\/?s={search_term_string}"},"query-input":"required name=search_term_string"}],"inLanguage":"de"},{"@type":"ImageObject","@id":"https:\/\/www.brandyourglass.eu\/de\/produkt\/schnapsglaeser-pp-40cc-durchsichtig\/#primaryimage","inLanguage":"de","url":"https:\/\/www.brandyourglass.eu\/wp-content\/uploads\/2023\/01\/Shot-PP-semi-trasp.jpg","contentUrl":"https:\/\/www.brandyourglass.eu\/wp-content\/uploads\/2023\/01\/Shot-PP-semi-trasp.jpg","width":1200,"height":1500,"caption":"Bicchiere da shot"},{"@type":"WebPage","@id":"https:\/\/www.brandyourglass.eu\/de\/produkt\/schnapsglaeser-pp-40cc-durchsichtig\/#webpage","url":"https:\/\/www.brandyourglass.eu\/de\/produkt\/schnapsglaeser-pp-40cc-durchsichtig\/","name":"Schnapsglaeser aus Polypropylen 40cc Unzerbrechlich mit Logo or design","isPartOf":{"@id":"https:\/\/www.brandyourglass.eu\/de\/#website"},"primaryImageOfPage":{"@id":"https:\/\/www.brandyourglass.eu\/de\/produkt\/schnapsglaeser-pp-40cc-durchsichtig\/#primaryimage"},"datePublished":"2023-01-15T13:27:29+00:00","dateModified":"2024-01-17T17:11:32+00:00","description":"Schnapsglaeser personalisierbar aus transparentem PP 40cc unzerbrechlich stapelbar f\u00fcr kleine Verkostungen oder f\u00fcr Beachclub,","breadcrumb":{"@id":"https:\/\/www.brandyourglass.eu\/de\/produkt\/schnapsglaeser-pp-40cc-durchsichtig\/#breadcrumb"},"inLanguage":"de","potentialAction":[{"@type":"ReadAction","target":["https:\/\/www.brandyourglass.eu\/de\/produkt\/schnapsglaeser-pp-40cc-durchsichtig\/"]}]},{"@type":"BreadcrumbList","@id":"https:\/\/www.brandyourglass.eu\/de\/produkt\/schnapsglaeser-pp-40cc-durchsichtig\/#breadcrumb","itemListElement":[{"@type":"ListItem","position":1,"name":"Home","item":"https:\/\/www.brandyourglass.eu\/de\/"},{"@type":"ListItem","position":2,"name":"Shop","item":"https:\/\/www.brandyourglass.eu\/shop-2\/"},{"@type":"ListItem","position":3,"name":"Schnapsglas PP 40cc. -Durchsichtig Frost"}]}]}},"_links":{"self":[{"href":"https:\/\/www.brandyourglass.eu\/de\/wp-json\/wp\/v2\/product\/6037","targetHints":{"allow":["GET"]}}],"collection":[{"href":"https:\/\/www.brandyourglass.eu\/de\/wp-json\/wp\/v2\/product"}],"about":[{"href":"https:\/\/www.brandyourglass.eu\/de\/wp-json\/wp\/v2\/types\/product"}],"wp:featuredmedia":[{"embeddable":true,"href":"https:\/\/www.brandyourglass.eu\/de\/wp-json\/wp\/v2\/media\/6226"}],"wp:attachment":[{"href":"https:\/\/www.brandyourglass.eu\/de\/wp-json\/wp\/v2\/media?parent=6037"}],"wp:term":[{"taxonomy":"product_cat","embeddable":true,"href":"https:\/\/www.brandyourglass.eu\/de\/wp-json\/wp\/v2\/product_cat?post=6037"},{"taxonomy":"product_tag","embeddable":true,"href":"https:\/\/www.brandyourglass.eu\/de\/wp-json\/wp\/v2\/product_tag?post=6037"}],"curies":[{"name":"wp","href":"https:\/\/api.w.org\/{rel}","templated":true}]}}