{"id":6055,"date":"2023-01-15T14:42:57","date_gmt":"2023-01-15T13:42:58","guid":{"rendered":"https:\/\/www.brandyourglass.eu\/?post_type=product&#038;p=6055"},"modified":"2024-01-17T18:09:56","modified_gmt":"2024-01-17T17:09:56","slug":"schnapsglas-weiss-ac-40cc","status":"publish","type":"product","link":"https:\/\/www.brandyourglass.eu\/de\/produkt\/schnapsglas-weiss-ac-40cc\/","title":{"rendered":"Schnapsglas AC 40cc. -Wei\u00df"},"content":{"rendered":"<p>[vc_row el_class=&#8221;m-b-md&#8221;][vc_column][vc_column_text]<\/p>\n<h2>Schnapsglas Wei\u00df personalisierbar aus starrem Kunststoff, personalisiert mit Ihrem eigenen Logo oder Ihrer eigenen Grafik<\/h2>\n<p>Dieses Schnapsglas Wei\u00df personalisierbar aus edlem Kunststoff und in elegantem Design ist bruchfest und somit perfekt f\u00fcr jede Situation zuhause und drau\u00dfen.<\/p>\n<p>Hervorragende Alternative, wenn Glas aus praktischen oder dienstlichen Gr\u00fcnden nicht verwendet werden kann, daher perfekt f\u00fcr jeden Anlass.<\/p>\n<p>Beispielhafte Evolution in der Lebensmittel- und Getr\u00e4nkeindustrie, mit \u00f6kologischen Produktionsmethoden und der Schaffung intelligenter Produkte, die Gl\u00e4ser mit perfekten Proportionen schaffen, die mit Liebe zum Detail und au\u00dfergew\u00f6hnlicher Qualit\u00e4t behandelt werden.<\/p>\n<p>In gleicher Weise spiegelt das Schnapsglas Wei\u00df personalisierbar in Bezug auf Brillanz und Transparenz wider, was seine Langlebigkeit, Best\u00e4ndigkeit gegen h\u00e4ufiges Waschen und folglich Unverw\u00fcstlichkeit verbindet.<\/p>\n<h3>In Acryl, gl\u00e4nzende und langlebige Produkte<\/h3>\n<p>Es ist leicht, vielseitig und ideal f\u00fcr den Au\u00dfenbereich, da es unzerbrechlich, sto\u00dffest und sp\u00fclmaschinenfest ist.<\/p>\n<p>Dieses Schnapsglas Wei\u00df personalisierbar wird in Italien hergestellt und ist zertifiziert<\/p>\n<p>&#8211; Innovativ<\/p>\n<p>&#8211; Stabil<\/p>\n<p>&#8211; Originell<\/p>\n<p>&#8211; Einfach zu handhaben und vor allem <strong>anpassbar<\/strong><\/p>\n<p>Das Schnapsglas Wei\u00df personalisierbar passt sich der Zeitgenossen mit dem richtigen hintergr\u00fcndigen Mehrwert an.<\/p>\n<p>Definitiv das am h\u00e4ufigsten verwendete Cocktailglas Plastik, das die stilistischen Anforderungen einer 360\u00b0-Nutzung perfekt erf\u00fcllt.<\/p>\n<h4>Logo-Personalisierung ist auf Anfrage erh\u00e4ltlich, von einer bis maximal 2 Farben bei einer Mindestbestellmenge von 288 St\u00fcck.<\/h4>\n<p>Mit mehreren physikalischen Eigenschaften bietet Acryl eine hervorragende chemische Best\u00e4ndigkeit, hohe W\u00e4rmeformbest\u00e4ndigkeitstemperaturen, wodurch es f\u00fcr h\u00e4ufige Sp\u00fclmaschinendurchg\u00e4nge geeignet ist, eine hervorragende Z\u00e4higkeit und F\u00e4higkeit, Lasten zu tragen.<\/p>\n<p>Da es frei von Bisphenol-A (BPA-frei) ist, kann es vielseitig in Lebensmitteln verwendet werden, tats\u00e4chlich wird es reichlich bei der Herstellung von Gegenst\u00e4nden des t\u00e4glichen Gebrauchs verwendet.<\/p>\n<p>Das Schnapsglas Wei\u00df personalisierbar aus diesem Material bestechen durch ihre Brillanz und Klarheit.<\/p>\n<p>Vor\u00fcbergehend in <a href=\"https:\/\/www.brandyourglass.eu\/de\/produkt\/glaeser-fuer-aperol-spritz-ac-270cc-durchsichtig\/\">transparent<\/a>\u00a0in <a href=\"https:\/\/www.brandyourglass.eu\/de\/produkt\/spritz-glas-schwarz-ac-270cc\/\">schwarz<\/a> und <a href=\"https:\/\/www.brandyourglass.eu\/de\/produkt\/glaeser-aperol-spritz-ac-270cc-weiss\/\">wei\u00df<\/a> erh\u00e4ltlich.<\/p>\n<p>Anpassbares Cocktailglas in AC mit Ihrem eigenen Logo oder Grafiken und Sie sorgen f\u00fcr eine fantastische Veranstaltung. M\u00f6glicherweise ist eine andere Art eines \u00e4hnlichen <a href=\"https:\/\/www.brandyourglass.eu\/de\/produkt\/glas-aperol-spritz-polystyrol-durchsiochtig-frost-granityglas-400cc\/\">Modells<\/a> erh\u00e4ltlich. oder etwas <a href=\"https:\/\/www.brandyourglass.eu\/de\/produkt\/glaeser-fuer-aperol-spritz-ac-270cc-durchsichtig\/\">kleiner<\/a>.<\/p>\n<p>Fazit: Es ist die ideale Alternative zu Glasgl\u00e4sern. Wiederverwendbar und praktisch. Extrem vielseitig, perfekt f\u00fcr Gartenpartys und elegante Empf\u00e4nge, ideal f\u00fcr jede Party oder jeden Anlass.<\/p>\n<p>Unsere <a href=\"https:\/\/www.doimoflair.com\/de\/mehrweg-glaeser\/cocktailglaeser\/\">Seite<\/a> k\u00f6nnte Sie auch interessieren<\/p>\n<p>[\/vc_column_text][\/vc_column][\/vc_row][vc_row][vc_column width=&#8221;1\/2&#8243;][vc_column_text]<strong>Abmessungen des Einzelglases<\/strong><\/p>\n<p>[\/vc_column_text][vc_column_text]<\/p>\n<table class=\"sizes-table\">\n<tbody>\n<tr>\n<th style=\"text-align: left;\">Oberer Durchmesser<\/th>\n<td>46 mm<\/td>\n<\/tr>\n<tr>\n<th style=\"text-align: left;\">H\u00f6he<\/th>\n<td>55 mm<\/td>\n<\/tr>\n<tr>\n<th style=\"text-align: left;\">Dicke<\/th>\n<td>circa 2 mm<\/td>\n<\/tr>\n<tr>\n<th style=\"text-align: left;\">Gewicht<\/th>\n<td>\u00a019 gr<\/td>\n<\/tr>\n<tr>\n<th style=\"text-align: left;\">Kantenkapazit\u00e4t<\/th>\n<td>40 cc<\/td>\n<\/tr>\n<\/tbody>\n<\/table>\n<p>[\/vc_column_text][\/vc_column][vc_column width=&#8221;1\/2&#8243;][\/vc_column][\/vc_row]<\/p>\n","protected":false},"excerpt":{"rendered":"<p>In SAN gl\u00e4nzende Produkte mit ausgezeichneter Haltbarkeit. Leicht &#8211; Stapelbar &#8211; Ideal f\u00fcr den Au\u00dfenbereich &#8211; Unzerbrechlich, sto\u00dffest &#8211; Sp\u00fclmaschinenfest &#8211; Hergestellt in Italien und zertifiziert.<\/p>\n<p><img loading=\"lazy\" decoding=\"async\" class=\"wp-image-3193 alignnone\" src=\"https:\/\/www.brandyourglass.eu\/wp-content\/uploads\/2020\/02\/Icone-BPA-free.png\" alt=\"\" width=\"103\" height=\"89\" \/><img loading=\"lazy\" decoding=\"async\" class=\"alignnone wp-image-3192\" src=\"https:\/\/www.brandyourglass.eu\/wp-content\/uploads\/2020\/02\/Icone-diamond-transparency.png\" alt=\"\" width=\"103\" height=\"89\" \/>\u00a0 \u00a0\u00a0<img loading=\"lazy\" decoding=\"async\" class=\"alignnone wp-image-3180\" src=\"https:\/\/www.brandyourglass.eu\/wp-content\/uploads\/2020\/05\/icon-recycle.png\" alt=\"\" width=\"83\" height=\"83\" \/>\u00a0 \u00a0\u00a0<img loading=\"lazy\" decoding=\"async\" class=\"alignnone wp-image-3181\" src=\"https:\/\/www.brandyourglass.eu\/wp-content\/uploads\/2020\/05\/icon-unbreakable.png\" alt=\"\" width=\"83\" height=\"83\" \/><\/p>\n<p><strong><span style=\"font-size: 19px;\">MINDESTBESTELLUNG <\/span><span style=\"font-size: 25px;\">112 <\/span><span style=\"font-size: 19px;\">ST\u00dcCK<span style=\"font-size: 16px;\"><span style=\"font-size: 15px;\"> Ohne Logo <\/span>&#8211; <em><span style=\"color: #ff6600;\">KOSTENLOSE<\/span><\/em> LIEFERUNG &#8211; <em><span style=\"color: #ff6600;\">KOSTENLOSE<\/span><\/em> DRUCKDATEN<\/span><\/span><\/strong><br \/>\n<span style=\"font-size: 18px;\">Die Mindestbestellmenge f\u00fcr dieses Glas betr\u00e4gt <strong>1<\/strong> Kartons mit <strong>112 <\/strong>einzeln verpackten Gl\u00e4sern, insgesamt <strong>112<\/strong>\u00a0St\u00fcck.<\/span><\/p>\n<p><span style=\"font-size: 18px;\"><strong><span style=\"font-size: 19px;\">Fordern Sie ein individuelles <span style=\"color: #ff6600;\"><a style=\"color: #ff6600;\" href=\"https:\/\/www.brandyourglass.eu\/de\/kontakte\/\">Angebot<\/a><\/span> mit digitaler Vorschau an.<\/span><\/strong><\/span><\/p>\n","protected":false},"featured_media":6318,"template":"","meta":[],"product_cat":[251],"product_tag":[],"class_list":["post-6055","product","type-product","status-publish","has-post-thumbnail","hentry","product_cat-kunststoff-schnapsglaeser","pa_scegli-tampografia-1-farbe","pa_scegli-tampografia-2-farben","pa_scegli-tampografia-keine-farbe","tm-has-styled-variations","tm-no-options-pxq"],"yoast_head":"<!-- This site is optimized with the Yoast SEO plugin v18.0 - https:\/\/yoast.com\/wordpress\/plugins\/seo\/ -->\n<title>Schnapsglas Wei\u00df personalisierbar aus AC 40cc Unzerbrechlich mit Logo<\/title>\n<meta name=\"description\" content=\"Schnapsglas Wei\u00df personalisierbar aus acrylic 40cc unzerbrechlich stapelbar f\u00fcr kleine Verkostungen oder f\u00fcr Beachclub,\" \/>\n<meta name=\"robots\" content=\"index, follow, max-snippet:-1, max-image-preview:large, max-video-preview:-1\" \/>\n<link rel=\"canonical\" href=\"https:\/\/www.brandyourglass.eu\/de\/produkt\/schnapsglas-weiss-ac-40cc\/\" \/>\n<meta property=\"og:locale\" content=\"de_DE\" \/>\n<meta property=\"og:type\" content=\"article\" \/>\n<meta property=\"og:title\" content=\"Schnapsglas Wei\u00df personalisierbar aus AC 40cc Unzerbrechlich mit Logo\" \/>\n<meta property=\"og:description\" content=\"Schnapsglas Wei\u00df personalisierbar aus acrylic 40cc unzerbrechlich stapelbar f\u00fcr kleine Verkostungen oder f\u00fcr Beachclub,\" \/>\n<meta property=\"og:url\" content=\"https:\/\/www.brandyourglass.eu\/de\/produkt\/schnapsglas-weiss-ac-40cc\/\" \/>\n<meta property=\"og:site_name\" content=\"brand your glass\" \/>\n<meta property=\"article:modified_time\" content=\"2024-01-17T17:09:56+00:00\" \/>\n<meta property=\"og:image\" content=\"https:\/\/www.brandyourglass.eu\/wp-content\/uploads\/2023\/01\/ShotBianco.jpg\" \/>\n\t<meta property=\"og:image:width\" content=\"1200\" \/>\n\t<meta property=\"og:image:height\" content=\"1500\" \/>\n\t<meta property=\"og:image:type\" content=\"image\/jpeg\" \/>\n<meta name=\"twitter:card\" content=\"summary_large_image\" \/>\n<meta name=\"twitter:label1\" content=\"Gesch\u00e4tzte Lesezeit\" \/>\n\t<meta name=\"twitter:data1\" content=\"2\u00a0Minuten\" \/>\n<script type=\"application\/ld+json\" class=\"yoast-schema-graph\">{\"@context\":\"https:\/\/schema.org\",\"@graph\":[{\"@type\":\"Organization\",\"@id\":\"https:\/\/www.brandyourglass.eu\/de\/#organization\",\"name\":\"DoimoFlair\",\"url\":\"https:\/\/www.brandyourglass.eu\/de\/\",\"sameAs\":[],\"logo\":{\"@type\":\"ImageObject\",\"@id\":\"https:\/\/www.brandyourglass.eu\/de\/#logo\",\"inLanguage\":\"de\",\"url\":\"https:\/\/www.brandyourglass.eu\/wp-content\/uploads\/2020\/07\/doimo-logo-email.png\",\"contentUrl\":\"https:\/\/www.brandyourglass.eu\/wp-content\/uploads\/2020\/07\/doimo-logo-email.png\",\"width\":200,\"height\":140,\"caption\":\"DoimoFlair\"},\"image\":{\"@id\":\"https:\/\/www.brandyourglass.eu\/de\/#logo\"}},{\"@type\":\"WebSite\",\"@id\":\"https:\/\/www.brandyourglass.eu\/de\/#website\",\"url\":\"https:\/\/www.brandyourglass.eu\/de\/\",\"name\":\"brand your glass\",\"description\":\"customize glasses with your logo\",\"publisher\":{\"@id\":\"https:\/\/www.brandyourglass.eu\/de\/#organization\"},\"potentialAction\":[{\"@type\":\"SearchAction\",\"target\":{\"@type\":\"EntryPoint\",\"urlTemplate\":\"https:\/\/www.brandyourglass.eu\/de\/?s={search_term_string}\"},\"query-input\":\"required name=search_term_string\"}],\"inLanguage\":\"de\"},{\"@type\":\"ImageObject\",\"@id\":\"https:\/\/www.brandyourglass.eu\/de\/produkt\/schnapsglas-weiss-ac-40cc\/#primaryimage\",\"inLanguage\":\"de\",\"url\":\"https:\/\/www.brandyourglass.eu\/wp-content\/uploads\/2023\/01\/ShotBianco.jpg\",\"contentUrl\":\"https:\/\/www.brandyourglass.eu\/wp-content\/uploads\/2023\/01\/ShotBianco.jpg\",\"width\":1200,\"height\":1500,\"caption\":\"bicchiere shot bianco\"},{\"@type\":\"WebPage\",\"@id\":\"https:\/\/www.brandyourglass.eu\/de\/produkt\/schnapsglas-weiss-ac-40cc\/#webpage\",\"url\":\"https:\/\/www.brandyourglass.eu\/de\/produkt\/schnapsglas-weiss-ac-40cc\/\",\"name\":\"Schnapsglas Wei\u00df personalisierbar aus AC 40cc Unzerbrechlich mit Logo\",\"isPartOf\":{\"@id\":\"https:\/\/www.brandyourglass.eu\/de\/#website\"},\"primaryImageOfPage\":{\"@id\":\"https:\/\/www.brandyourglass.eu\/de\/produkt\/schnapsglas-weiss-ac-40cc\/#primaryimage\"},\"datePublished\":\"2023-01-15T13:42:58+00:00\",\"dateModified\":\"2024-01-17T17:09:56+00:00\",\"description\":\"Schnapsglas Wei\u00df personalisierbar aus acrylic 40cc unzerbrechlich stapelbar f\u00fcr kleine Verkostungen oder f\u00fcr Beachclub,\",\"breadcrumb\":{\"@id\":\"https:\/\/www.brandyourglass.eu\/de\/produkt\/schnapsglas-weiss-ac-40cc\/#breadcrumb\"},\"inLanguage\":\"de\",\"potentialAction\":[{\"@type\":\"ReadAction\",\"target\":[\"https:\/\/www.brandyourglass.eu\/de\/produkt\/schnapsglas-weiss-ac-40cc\/\"]}]},{\"@type\":\"BreadcrumbList\",\"@id\":\"https:\/\/www.brandyourglass.eu\/de\/produkt\/schnapsglas-weiss-ac-40cc\/#breadcrumb\",\"itemListElement\":[{\"@type\":\"ListItem\",\"position\":1,\"name\":\"Home\",\"item\":\"https:\/\/www.brandyourglass.eu\/de\/\"},{\"@type\":\"ListItem\",\"position\":2,\"name\":\"Shop\",\"item\":\"https:\/\/www.brandyourglass.eu\/shop-2\/\"},{\"@type\":\"ListItem\",\"position\":3,\"name\":\"Schnapsglas AC 40cc. -Wei\u00df\"}]}]}<\/script>\n<!-- \/ Yoast SEO plugin. -->","yoast_head_json":{"title":"Schnapsglas Wei\u00df personalisierbar aus AC 40cc Unzerbrechlich mit Logo","description":"Schnapsglas Wei\u00df personalisierbar aus acrylic 40cc unzerbrechlich stapelbar f\u00fcr kleine Verkostungen oder f\u00fcr Beachclub,","robots":{"index":"index","follow":"follow","max-snippet":"max-snippet:-1","max-image-preview":"max-image-preview:large","max-video-preview":"max-video-preview:-1"},"canonical":"https:\/\/www.brandyourglass.eu\/de\/produkt\/schnapsglas-weiss-ac-40cc\/","og_locale":"de_DE","og_type":"article","og_title":"Schnapsglas Wei\u00df personalisierbar aus AC 40cc Unzerbrechlich mit Logo","og_description":"Schnapsglas Wei\u00df personalisierbar aus acrylic 40cc unzerbrechlich stapelbar f\u00fcr kleine Verkostungen oder f\u00fcr Beachclub,","og_url":"https:\/\/www.brandyourglass.eu\/de\/produkt\/schnapsglas-weiss-ac-40cc\/","og_site_name":"brand your glass","article_modified_time":"2024-01-17T17:09:56+00:00","og_image":[{"width":1200,"height":1500,"url":"https:\/\/www.brandyourglass.eu\/wp-content\/uploads\/2023\/01\/ShotBianco.jpg","type":"image\/jpeg"}],"twitter_card":"summary_large_image","twitter_misc":{"Gesch\u00e4tzte Lesezeit":"2\u00a0Minuten"},"schema":{"@context":"https:\/\/schema.org","@graph":[{"@type":"Organization","@id":"https:\/\/www.brandyourglass.eu\/de\/#organization","name":"DoimoFlair","url":"https:\/\/www.brandyourglass.eu\/de\/","sameAs":[],"logo":{"@type":"ImageObject","@id":"https:\/\/www.brandyourglass.eu\/de\/#logo","inLanguage":"de","url":"https:\/\/www.brandyourglass.eu\/wp-content\/uploads\/2020\/07\/doimo-logo-email.png","contentUrl":"https:\/\/www.brandyourglass.eu\/wp-content\/uploads\/2020\/07\/doimo-logo-email.png","width":200,"height":140,"caption":"DoimoFlair"},"image":{"@id":"https:\/\/www.brandyourglass.eu\/de\/#logo"}},{"@type":"WebSite","@id":"https:\/\/www.brandyourglass.eu\/de\/#website","url":"https:\/\/www.brandyourglass.eu\/de\/","name":"brand your glass","description":"customize glasses with your logo","publisher":{"@id":"https:\/\/www.brandyourglass.eu\/de\/#organization"},"potentialAction":[{"@type":"SearchAction","target":{"@type":"EntryPoint","urlTemplate":"https:\/\/www.brandyourglass.eu\/de\/?s={search_term_string}"},"query-input":"required name=search_term_string"}],"inLanguage":"de"},{"@type":"ImageObject","@id":"https:\/\/www.brandyourglass.eu\/de\/produkt\/schnapsglas-weiss-ac-40cc\/#primaryimage","inLanguage":"de","url":"https:\/\/www.brandyourglass.eu\/wp-content\/uploads\/2023\/01\/ShotBianco.jpg","contentUrl":"https:\/\/www.brandyourglass.eu\/wp-content\/uploads\/2023\/01\/ShotBianco.jpg","width":1200,"height":1500,"caption":"bicchiere shot bianco"},{"@type":"WebPage","@id":"https:\/\/www.brandyourglass.eu\/de\/produkt\/schnapsglas-weiss-ac-40cc\/#webpage","url":"https:\/\/www.brandyourglass.eu\/de\/produkt\/schnapsglas-weiss-ac-40cc\/","name":"Schnapsglas Wei\u00df personalisierbar aus AC 40cc Unzerbrechlich mit Logo","isPartOf":{"@id":"https:\/\/www.brandyourglass.eu\/de\/#website"},"primaryImageOfPage":{"@id":"https:\/\/www.brandyourglass.eu\/de\/produkt\/schnapsglas-weiss-ac-40cc\/#primaryimage"},"datePublished":"2023-01-15T13:42:58+00:00","dateModified":"2024-01-17T17:09:56+00:00","description":"Schnapsglas Wei\u00df personalisierbar aus acrylic 40cc unzerbrechlich stapelbar f\u00fcr kleine Verkostungen oder f\u00fcr Beachclub,","breadcrumb":{"@id":"https:\/\/www.brandyourglass.eu\/de\/produkt\/schnapsglas-weiss-ac-40cc\/#breadcrumb"},"inLanguage":"de","potentialAction":[{"@type":"ReadAction","target":["https:\/\/www.brandyourglass.eu\/de\/produkt\/schnapsglas-weiss-ac-40cc\/"]}]},{"@type":"BreadcrumbList","@id":"https:\/\/www.brandyourglass.eu\/de\/produkt\/schnapsglas-weiss-ac-40cc\/#breadcrumb","itemListElement":[{"@type":"ListItem","position":1,"name":"Home","item":"https:\/\/www.brandyourglass.eu\/de\/"},{"@type":"ListItem","position":2,"name":"Shop","item":"https:\/\/www.brandyourglass.eu\/shop-2\/"},{"@type":"ListItem","position":3,"name":"Schnapsglas AC 40cc. -Wei\u00df"}]}]}},"_links":{"self":[{"href":"https:\/\/www.brandyourglass.eu\/de\/wp-json\/wp\/v2\/product\/6055","targetHints":{"allow":["GET"]}}],"collection":[{"href":"https:\/\/www.brandyourglass.eu\/de\/wp-json\/wp\/v2\/product"}],"about":[{"href":"https:\/\/www.brandyourglass.eu\/de\/wp-json\/wp\/v2\/types\/product"}],"wp:featuredmedia":[{"embeddable":true,"href":"https:\/\/www.brandyourglass.eu\/de\/wp-json\/wp\/v2\/media\/6318"}],"wp:attachment":[{"href":"https:\/\/www.brandyourglass.eu\/de\/wp-json\/wp\/v2\/media?parent=6055"}],"wp:term":[{"taxonomy":"product_cat","embeddable":true,"href":"https:\/\/www.brandyourglass.eu\/de\/wp-json\/wp\/v2\/product_cat?post=6055"},{"taxonomy":"product_tag","embeddable":true,"href":"https:\/\/www.brandyourglass.eu\/de\/wp-json\/wp\/v2\/product_tag?post=6055"}],"curies":[{"name":"wp","href":"https:\/\/api.w.org\/{rel}","templated":true}]}}