{"id":7443,"date":"2025-02-25T17:32:55","date_gmt":"2025-02-25T16:32:55","guid":{"rendered":"https:\/\/www.brandyourglass.eu\/?post_type=product&#038;p=7443"},"modified":"2025-02-25T17:51:01","modified_gmt":"2025-02-25T16:51:01","slug":"glaeser-gin-tonic-pink-tt-582cc","status":"publish","type":"product","link":"https:\/\/www.brandyourglass.eu\/de\/produkt\/glaeser-gin-tonic-pink-tt-582cc\/","title":{"rendered":"Ballonglas TT 582cc. &#8211; Pimkfarbener Stiel"},"content":{"rendered":"<p>[vc_row el_class=&#8221;m-b-md&#8221;][vc_column][vc_column_text]<\/p>\n<h2><strong>Glaeser Gin Tonic Pink aus starrem Kunststoff, der mit Ihrem Logo oder Ihrer Grafik personalisiert werden kann<\/strong><\/h2>\n<p class=\"p1\">Dieser personalisierte transparente Glaeser Gin Tonic Pink aus edlem Kunststoff mit elegantem Design ist unzerbrechlich und daher perfekt f\u00fcr jede Situation im Innen- und Au\u00dfenbereich geeignet.<\/p>\n<p>Hervorragende Alternative, wenn Glas nicht f\u00fcr praktische oder Servicezwecke verwendet werden kann, daher perfekt f\u00fcr jeden Anlass.<\/p>\n<p>Die Entwicklung bei Lebensmitteln und Getr\u00e4nken ist beispielhaft, mit \u00f6kologischen Produktionsmethoden und der Schaffung intelligenter Produkte, die Gl\u00e4ser mit perfekten Proportionen herstellen, die mit Liebe zum Detail und au\u00dfergew\u00f6hnlicher Qualit\u00e4t behandelt werden.<\/p>\n<p>In gleicher Weise reflektieren sie diese Glaeser Gin Tonic Pink in Bezug auf Brillanz und Transparenz und verbinden seine lange Lebensdauer, die Best\u00e4ndigkeit gegen h\u00e4ufiges Waschen und folglich die Unzerst\u00f6rbarkeit.<\/p>\n<h3 class=\"p2\">In Tritan brillante Werke, die sich biegen, aber nicht brechen<\/h3>\n<p class=\"p2\">Es ist leicht und vielseitig und ideal f\u00fcr den Au\u00dfenbereich, da es unzerbrechlich, sto\u00dffest und sp\u00fclmaschinenfest ist.<\/p>\n<p class=\"p2\">Diese Glaeser Gin Tonic Pink wird in Italien hergestellt und ist zertifiziert<\/p>\n<p class=\"p2\">&#8211; Innovativ<\/p>\n<p class=\"p2\">&#8211; Stabil<\/p>\n<p class=\"p2\">&#8211; Original<\/p>\n<p class=\"p2\">&#8211; Praktisch und vor allem <strong> anpassbar\u00a0<\/strong><\/p>\n<p class=\"p2\">Die Glaeser Gin Tonic Pink<span class=\"Apple-convert-space\">\u00a0passt sich mit dem richtigen r\u00e4tselhaften Mehrwert dem Zeitgenossen an. <\/span><\/p>\n<p class=\"p2\"><span class=\"Apple-convert-space\">Sicherlich das am h\u00e4ufigsten verwendete Gin Tonic-Ballonglas, das die stilistischen Anforderungen einer 360 \u00b0 -Nutzung perfekt erf\u00fcllt.<\/span><\/p>\n<p class=\"p2\"><span class=\"Apple-convert-space\">Nur in transparent verf\u00fcgbar.\u00a0<\/span><\/p>\n<h4 class=\"p2\">Eine Anpassung mit Logo ist auf Anfrage m\u00f6glich, von einer bis maximal 2 Farben bei einer Mindestbestellmenge von 504 St\u00fcck.<\/h4>\n<p class=\"p1\">Im Jahr 2010 gleicht eine neue Generation von Harzen die hervorragenden und bekannten Eigenschaften von Copolyestern mit der W\u00e4rmebest\u00e4ndigkeit aus und schafft so eine gewinnbringende Kombination, die Tritan &#x2122; (TT) Leben einhaucht.<\/p>\n<p class=\"p1\">Geniale L\u00f6sung mit hervorragenden sto\u00dffesten Eigenschaften, Best\u00e4ndigkeit der Transparenz und au\u00dfergew\u00f6hnlicher Oberfl\u00e4chenbrillanz, Abwesenheit von Bisphenol-A und Best\u00e4ndigkeit gegen hohe Temperaturen garantiert die Einhaltung der europ\u00e4ischen, amerikanischen und japanischen Anforderungen an Glaslebensmittel.<\/p>\n<p class=\"p1\">TRITAN, die neue Generation von Copolyestern, die sowohl im Lebensmittel- als auch im Medizinbereich erfolgreich eingesetzt wird. Damit ist das Ballonglas ein perfektes Werkzeug f\u00fcr die Personalisierung mit Ihrem Logo oder Ihrer Grafik, die f\u00fcr Veranstaltungen, Partys, Messen, Zeremonien und Veranstaltungen, bei denen das Glas aufgrund m\u00f6glicher Br\u00fcche nicht mehr willkommen ist und daher die Sicherheit Ihrer G\u00e4ste gef\u00e4hrdet.<\/p>\n<p class=\"p1\">Erh\u00e4ltlich in 6er-Kartons. in der Version <a href=\"https:\/\/www.brandyourglass.eu\/prodotto\/calice-ballon-gin-tonic-customizable-tritan-trasparente-860cc\/\"> transparent <\/a> oder einem anderen Modell in <a href=\"https:\/\/www.brandyourglass.eu\/de\/prodotto\/weinglas-plastik-weiss-tritan-weiss-redone-510cc-weis\/\"> wei\u00df <\/a> oder <a href=\"https: \/\/www.brandyourglass. eu \/ product \/ personalisierter-Weinbecher-Tritan-Nero-Redone-510cc \/ \"> schwarz\u00a0<\/a><\/p>\n<p class=\"p1\">Glaeser Gin Tonic Pink, personalisiert mit Ihrem Logo oder Ihrer Grafik, und Sie k\u00f6nnen sicher sein, dass ein fantastisches Ereignis m\u00f6glicherweise eine andere Art von <a href=\"https:\/\/www.brandyourglass.eu\/prodotto\/premium-vino- pc-450cc-trasparhttps: \/\/www.brandyourglass.eu\/prodotto\/bicchiere-da-vino-rosso-ballon-polycarbonato-transparente-400cc\/ente\/ \"> \u00e4hnliches Modell <\/a>. oder etwas mehr <a href=\"https:\/\/www.brandyourglass.eu\/prodotto\/calice-gin-tonic-customized-tritan-transparent-650cc-150pcs\/\"> klein <\/a>.<br \/>\nSie k\u00f6nnten auch an unserer <a href=\"https:\/\/www.doimoflair.com\/de\/weinglas-wein34.html\">Website<\/a> interessiert sein<\/p>\n<p>[\/vc_column_text][\/vc_column][\/vc_row][vc_row][vc_column width=&#8221;1\/2&#8243;][vc_column_text]Abmessungen des einzelnen Glases<\/p>\n<p>[\/vc_column_text][vc_column_text]<\/p>\n<table class=\"sizes-table\">\n<tbody>\n<tr>\n<th style=\"text-align: left;\">Oberer Durchmesser<\/th>\n<td>81 mm<\/td>\n<\/tr>\n<tr>\n<th style=\"text-align: left;\">H\u00f6he<\/th>\n<td>201 mm<\/td>\n<\/tr>\n<tr>\n<th style=\"text-align: left;\">Dicke<\/th>\n<td>circa 1,5 mm<\/td>\n<\/tr>\n<tr>\n<th style=\"text-align: left;\">Gewicht<\/th>\n<td>92 gr<\/td>\n<\/tr>\n<tr>\n<th style=\"text-align: left;\">Kapazit\u00e4t am Rand<\/th>\n<td>582 cc<\/td>\n<\/tr>\n<\/tbody>\n<\/table>\n<p>[\/vc_column_text][\/vc_column][vc_column width=&#8221;1\/2&#8243;][\/vc_column][\/vc_row]<\/p>\n","protected":false},"excerpt":{"rendered":"<p>Aus Tritan f\u00fcr h\u00f6chsten Glanz in Produkten, die sich biegen, ohne zu brechen. Leicht, vielseitig, ideal f\u00fcr die Verwendung im Au\u00dfenbereich, unzerbrechlich und sto\u00dffest, sp\u00fclmaschinenfest, zertifiziert und Made in Italy.<\/p>\n<p><img loading=\"lazy\" decoding=\"async\" class=\"wp-image-3193 alignnone\" src=\"https:\/\/www.brandyourglass.eu\/wp-content\/uploads\/2020\/02\/Icone-BPA-free.png\" alt=\"\" width=\"103\" height=\"89\" \/><img loading=\"lazy\" decoding=\"async\" class=\"alignnone wp-image-3192\" src=\"https:\/\/www.brandyourglass.eu\/wp-content\/uploads\/2020\/02\/Icone-diamond-transparency.png\" alt=\"\" width=\"103\" height=\"89\" \/>\u00a0 \u00a0 <img loading=\"lazy\" decoding=\"async\" class=\"alignnone wp-image-3180\" src=\"https:\/\/www.brandyourglass.eu\/wp-content\/uploads\/2020\/05\/icon-recycle.png\" alt=\"\" width=\"83\" height=\"83\" \/>\u00a0 \u00a0 <img loading=\"lazy\" decoding=\"async\" class=\"alignnone wp-image-3181\" src=\"https:\/\/www.brandyourglass.eu\/wp-content\/uploads\/2020\/05\/icon-unbreakable.png\" alt=\"\" width=\"83\" height=\"83\" \/><\/p>\n<p><strong><span style=\"font-size: 19px;\">MINDESTBESTELLUNG <\/span><span style=\"font-size: 19px;\"><span style=\"font-size: 25px;\">120<\/span><span style=\"font-size: 19px;\"> ST\u00dcCK<\/span><span style=\"font-size: 18px;\"><span style=\"font-size: 16px;\">\u00a0&#8211; <em><span style=\"color: #ff6600;\">KOSTENLOSE<\/span><\/em> LIEFERUNG &#8211; <em><span style=\"color: #ff6600;\">KOSTENLOSE<\/span><\/em> DRUCKDATEN<\/span><\/span><\/span><\/strong><br \/>\n<span style=\"font-size: 18px;\">Die Mindestbestellmenge f\u00fcr dieses Glas betr\u00e4gt <strong>20<\/strong> Karton mit <strong>6<\/strong> einzeln verpackten Gl\u00e4sern, insgesamt <strong>120<\/strong>\u00a0St\u00fcck.<\/span><\/p>\n<p><span style=\"font-size: 18px;\"><strong><span style=\"font-size: 19px;\">Fordern Sie ein individuelles <span style=\"color: #ff6600;\"><a style=\"color: #ff6600;\" href=\"https:\/\/www.brandyourglass.eu\/de\/kontakte\/\">Angebot<\/a><\/span> mit digitaler Vorschau an.<\/span><\/strong><\/span><\/p>\n","protected":false},"featured_media":7453,"template":"","meta":[],"product_cat":[243],"product_tag":[],"class_list":["post-7443","product","type-product","status-publish","has-post-thumbnail","hentry","product_cat-gin-tonic-ballonglaeser","product_shipping_class-ballon-tt-650cc-conf-6-de","pa_scegli-tampografia-1-farbe","pa_scegli-tampografia-2-farben","pa_scegli-tampografia-keine-farbe","tm-has-styled-variations","tm-no-options-pxq"],"yoast_head":"<!-- This site is optimized with the Yoast SEO plugin v18.0 - https:\/\/yoast.com\/wordpress\/plugins\/seo\/ -->\n<title>Glaeser gin tonic Pink aus hochwertigem Kunststoff bedruckt<\/title>\n<meta name=\"description\" content=\"Merweg Glaeser gin tonic Pink hohe Transparenz sp\u00fclmaschinenfest f\u00fcr viele Waschzyklen, leicht unzerbrechlich bestes Preis-Leistungs-Verh\u00e4ltnis\" \/>\n<meta name=\"robots\" content=\"index, follow, max-snippet:-1, max-image-preview:large, max-video-preview:-1\" \/>\n<link rel=\"canonical\" href=\"https:\/\/www.brandyourglass.eu\/de\/produkt\/glaeser-gin-tonic-pink-tt-582cc\/\" \/>\n<meta property=\"og:locale\" content=\"de_DE\" \/>\n<meta property=\"og:type\" content=\"article\" \/>\n<meta property=\"og:title\" content=\"Glaeser gin tonic Pink aus hochwertigem Kunststoff bedruckt\" \/>\n<meta property=\"og:description\" content=\"Merweg Glaeser gin tonic Pink hohe Transparenz sp\u00fclmaschinenfest f\u00fcr viele Waschzyklen, leicht unzerbrechlich bestes Preis-Leistungs-Verh\u00e4ltnis\" \/>\n<meta property=\"og:url\" content=\"https:\/\/www.brandyourglass.eu\/de\/produkt\/glaeser-gin-tonic-pink-tt-582cc\/\" \/>\n<meta property=\"og:site_name\" content=\"brand your glass\" \/>\n<meta property=\"article:modified_time\" content=\"2025-02-25T16:51:01+00:00\" \/>\n<meta property=\"og:image\" content=\"https:\/\/www.brandyourglass.eu\/wp-content\/uploads\/2025\/02\/5031-RSATR.jpg\" \/>\n\t<meta property=\"og:image:width\" content=\"1772\" \/>\n\t<meta property=\"og:image:height\" content=\"1772\" \/>\n\t<meta property=\"og:image:type\" content=\"image\/jpeg\" \/>\n<meta name=\"twitter:card\" content=\"summary_large_image\" \/>\n<meta name=\"twitter:label1\" content=\"Gesch\u00e4tzte Lesezeit\" \/>\n\t<meta name=\"twitter:data1\" content=\"3\u00a0Minuten\" \/>\n<script type=\"application\/ld+json\" class=\"yoast-schema-graph\">{\"@context\":\"https:\/\/schema.org\",\"@graph\":[{\"@type\":\"Organization\",\"@id\":\"https:\/\/www.brandyourglass.eu\/de\/#organization\",\"name\":\"DoimoFlair\",\"url\":\"https:\/\/www.brandyourglass.eu\/de\/\",\"sameAs\":[],\"logo\":{\"@type\":\"ImageObject\",\"@id\":\"https:\/\/www.brandyourglass.eu\/de\/#logo\",\"inLanguage\":\"de\",\"url\":\"https:\/\/www.brandyourglass.eu\/wp-content\/uploads\/2020\/07\/doimo-logo-email.png\",\"contentUrl\":\"https:\/\/www.brandyourglass.eu\/wp-content\/uploads\/2020\/07\/doimo-logo-email.png\",\"width\":200,\"height\":140,\"caption\":\"DoimoFlair\"},\"image\":{\"@id\":\"https:\/\/www.brandyourglass.eu\/de\/#logo\"}},{\"@type\":\"WebSite\",\"@id\":\"https:\/\/www.brandyourglass.eu\/de\/#website\",\"url\":\"https:\/\/www.brandyourglass.eu\/de\/\",\"name\":\"brand your glass\",\"description\":\"customize glasses with your logo\",\"publisher\":{\"@id\":\"https:\/\/www.brandyourglass.eu\/de\/#organization\"},\"potentialAction\":[{\"@type\":\"SearchAction\",\"target\":{\"@type\":\"EntryPoint\",\"urlTemplate\":\"https:\/\/www.brandyourglass.eu\/de\/?s={search_term_string}\"},\"query-input\":\"required name=search_term_string\"}],\"inLanguage\":\"de\"},{\"@type\":\"ImageObject\",\"@id\":\"https:\/\/www.brandyourglass.eu\/de\/produkt\/glaeser-gin-tonic-pink-tt-582cc\/#primaryimage\",\"inLanguage\":\"de\",\"url\":\"https:\/\/www.brandyourglass.eu\/wp-content\/uploads\/2025\/02\/5031-RSATR.jpg\",\"contentUrl\":\"https:\/\/www.brandyourglass.eu\/wp-content\/uploads\/2025\/02\/5031-RSATR.jpg\",\"width\":1772,\"height\":1772,\"caption\":\"Calice da gin tonic fucsia\"},{\"@type\":\"WebPage\",\"@id\":\"https:\/\/www.brandyourglass.eu\/de\/produkt\/glaeser-gin-tonic-pink-tt-582cc\/#webpage\",\"url\":\"https:\/\/www.brandyourglass.eu\/de\/produkt\/glaeser-gin-tonic-pink-tt-582cc\/\",\"name\":\"Glaeser gin tonic Pink aus hochwertigem Kunststoff bedruckt\",\"isPartOf\":{\"@id\":\"https:\/\/www.brandyourglass.eu\/de\/#website\"},\"primaryImageOfPage\":{\"@id\":\"https:\/\/www.brandyourglass.eu\/de\/produkt\/glaeser-gin-tonic-pink-tt-582cc\/#primaryimage\"},\"datePublished\":\"2025-02-25T16:32:55+00:00\",\"dateModified\":\"2025-02-25T16:51:01+00:00\",\"description\":\"Merweg Glaeser gin tonic Pink hohe Transparenz sp\u00fclmaschinenfest f\u00fcr viele Waschzyklen, leicht unzerbrechlich bestes Preis-Leistungs-Verh\u00e4ltnis\",\"breadcrumb\":{\"@id\":\"https:\/\/www.brandyourglass.eu\/de\/produkt\/glaeser-gin-tonic-pink-tt-582cc\/#breadcrumb\"},\"inLanguage\":\"de\",\"potentialAction\":[{\"@type\":\"ReadAction\",\"target\":[\"https:\/\/www.brandyourglass.eu\/de\/produkt\/glaeser-gin-tonic-pink-tt-582cc\/\"]}]},{\"@type\":\"BreadcrumbList\",\"@id\":\"https:\/\/www.brandyourglass.eu\/de\/produkt\/glaeser-gin-tonic-pink-tt-582cc\/#breadcrumb\",\"itemListElement\":[{\"@type\":\"ListItem\",\"position\":1,\"name\":\"Home\",\"item\":\"https:\/\/www.brandyourglass.eu\/de\/\"},{\"@type\":\"ListItem\",\"position\":2,\"name\":\"Shop\",\"item\":\"https:\/\/www.brandyourglass.eu\/shop-2\/\"},{\"@type\":\"ListItem\",\"position\":3,\"name\":\"Ballonglas TT 582cc. &#8211; Pimkfarbener Stiel\"}]}]}<\/script>\n<!-- \/ Yoast SEO plugin. -->","yoast_head_json":{"title":"Glaeser gin tonic Pink aus hochwertigem Kunststoff bedruckt","description":"Merweg Glaeser gin tonic Pink hohe Transparenz sp\u00fclmaschinenfest f\u00fcr viele Waschzyklen, leicht unzerbrechlich bestes Preis-Leistungs-Verh\u00e4ltnis","robots":{"index":"index","follow":"follow","max-snippet":"max-snippet:-1","max-image-preview":"max-image-preview:large","max-video-preview":"max-video-preview:-1"},"canonical":"https:\/\/www.brandyourglass.eu\/de\/produkt\/glaeser-gin-tonic-pink-tt-582cc\/","og_locale":"de_DE","og_type":"article","og_title":"Glaeser gin tonic Pink aus hochwertigem Kunststoff bedruckt","og_description":"Merweg Glaeser gin tonic Pink hohe Transparenz sp\u00fclmaschinenfest f\u00fcr viele Waschzyklen, leicht unzerbrechlich bestes Preis-Leistungs-Verh\u00e4ltnis","og_url":"https:\/\/www.brandyourglass.eu\/de\/produkt\/glaeser-gin-tonic-pink-tt-582cc\/","og_site_name":"brand your glass","article_modified_time":"2025-02-25T16:51:01+00:00","og_image":[{"width":1772,"height":1772,"url":"https:\/\/www.brandyourglass.eu\/wp-content\/uploads\/2025\/02\/5031-RSATR.jpg","type":"image\/jpeg"}],"twitter_card":"summary_large_image","twitter_misc":{"Gesch\u00e4tzte Lesezeit":"3\u00a0Minuten"},"schema":{"@context":"https:\/\/schema.org","@graph":[{"@type":"Organization","@id":"https:\/\/www.brandyourglass.eu\/de\/#organization","name":"DoimoFlair","url":"https:\/\/www.brandyourglass.eu\/de\/","sameAs":[],"logo":{"@type":"ImageObject","@id":"https:\/\/www.brandyourglass.eu\/de\/#logo","inLanguage":"de","url":"https:\/\/www.brandyourglass.eu\/wp-content\/uploads\/2020\/07\/doimo-logo-email.png","contentUrl":"https:\/\/www.brandyourglass.eu\/wp-content\/uploads\/2020\/07\/doimo-logo-email.png","width":200,"height":140,"caption":"DoimoFlair"},"image":{"@id":"https:\/\/www.brandyourglass.eu\/de\/#logo"}},{"@type":"WebSite","@id":"https:\/\/www.brandyourglass.eu\/de\/#website","url":"https:\/\/www.brandyourglass.eu\/de\/","name":"brand your glass","description":"customize glasses with your logo","publisher":{"@id":"https:\/\/www.brandyourglass.eu\/de\/#organization"},"potentialAction":[{"@type":"SearchAction","target":{"@type":"EntryPoint","urlTemplate":"https:\/\/www.brandyourglass.eu\/de\/?s={search_term_string}"},"query-input":"required name=search_term_string"}],"inLanguage":"de"},{"@type":"ImageObject","@id":"https:\/\/www.brandyourglass.eu\/de\/produkt\/glaeser-gin-tonic-pink-tt-582cc\/#primaryimage","inLanguage":"de","url":"https:\/\/www.brandyourglass.eu\/wp-content\/uploads\/2025\/02\/5031-RSATR.jpg","contentUrl":"https:\/\/www.brandyourglass.eu\/wp-content\/uploads\/2025\/02\/5031-RSATR.jpg","width":1772,"height":1772,"caption":"Calice da gin tonic fucsia"},{"@type":"WebPage","@id":"https:\/\/www.brandyourglass.eu\/de\/produkt\/glaeser-gin-tonic-pink-tt-582cc\/#webpage","url":"https:\/\/www.brandyourglass.eu\/de\/produkt\/glaeser-gin-tonic-pink-tt-582cc\/","name":"Glaeser gin tonic Pink aus hochwertigem Kunststoff bedruckt","isPartOf":{"@id":"https:\/\/www.brandyourglass.eu\/de\/#website"},"primaryImageOfPage":{"@id":"https:\/\/www.brandyourglass.eu\/de\/produkt\/glaeser-gin-tonic-pink-tt-582cc\/#primaryimage"},"datePublished":"2025-02-25T16:32:55+00:00","dateModified":"2025-02-25T16:51:01+00:00","description":"Merweg Glaeser gin tonic Pink hohe Transparenz sp\u00fclmaschinenfest f\u00fcr viele Waschzyklen, leicht unzerbrechlich bestes Preis-Leistungs-Verh\u00e4ltnis","breadcrumb":{"@id":"https:\/\/www.brandyourglass.eu\/de\/produkt\/glaeser-gin-tonic-pink-tt-582cc\/#breadcrumb"},"inLanguage":"de","potentialAction":[{"@type":"ReadAction","target":["https:\/\/www.brandyourglass.eu\/de\/produkt\/glaeser-gin-tonic-pink-tt-582cc\/"]}]},{"@type":"BreadcrumbList","@id":"https:\/\/www.brandyourglass.eu\/de\/produkt\/glaeser-gin-tonic-pink-tt-582cc\/#breadcrumb","itemListElement":[{"@type":"ListItem","position":1,"name":"Home","item":"https:\/\/www.brandyourglass.eu\/de\/"},{"@type":"ListItem","position":2,"name":"Shop","item":"https:\/\/www.brandyourglass.eu\/shop-2\/"},{"@type":"ListItem","position":3,"name":"Ballonglas TT 582cc. &#8211; Pimkfarbener Stiel"}]}]}},"_links":{"self":[{"href":"https:\/\/www.brandyourglass.eu\/de\/wp-json\/wp\/v2\/product\/7443","targetHints":{"allow":["GET"]}}],"collection":[{"href":"https:\/\/www.brandyourglass.eu\/de\/wp-json\/wp\/v2\/product"}],"about":[{"href":"https:\/\/www.brandyourglass.eu\/de\/wp-json\/wp\/v2\/types\/product"}],"wp:featuredmedia":[{"embeddable":true,"href":"https:\/\/www.brandyourglass.eu\/de\/wp-json\/wp\/v2\/media\/7453"}],"wp:attachment":[{"href":"https:\/\/www.brandyourglass.eu\/de\/wp-json\/wp\/v2\/media?parent=7443"}],"wp:term":[{"taxonomy":"product_cat","embeddable":true,"href":"https:\/\/www.brandyourglass.eu\/de\/wp-json\/wp\/v2\/product_cat?post=7443"},{"taxonomy":"product_tag","embeddable":true,"href":"https:\/\/www.brandyourglass.eu\/de\/wp-json\/wp\/v2\/product_tag?post=7443"}],"curies":[{"name":"wp","href":"https:\/\/api.w.org\/{rel}","templated":true}]}}