{"id":6513,"date":"2023-02-09T11:51:55","date_gmt":"2023-02-09T10:51:56","guid":{"rendered":"https:\/\/www.brandyourglass.eu\/?post_type=product&#038;p=6513"},"modified":"2025-02-25T15:26:25","modified_gmt":"2025-02-25T14:26:25","slug":"campari-spritz-glass-460cc-transparent","status":"publish","type":"product","link":"https:\/\/www.brandyourglass.eu\/en\/product\/campari-spritz-glass-460cc-transparent\/","title":{"rendered":"Supreme TT 460cc. &#8211; Transparent"},"content":{"rendered":"<p>[vc_row el_class=&#8221;m-b-md&#8221;][vc_column][vc_column_text]<\/p>\n<h2 class=\"p1\"><strong>Calice prosecco personalizzabile, in plastica rigida personalizzato con il proprio logo o grafica<\/strong><\/h2>\n<p class=\"p1\">Calice prosecco personalizzabile,<\/p>\n<p class=\"p2\">Esemplare l\u2019evoluzione nel food and beverage, con metodi di produzione ecologici e la creazione di prodotti intelligenti che creano bicchieri dalle proporzioni perfette, realizzati in plastica nobile, curati con attenzione al dettaglio e dalla straordinaria qualit\u00e1, in altre parole rispecchiano per brillantezza e trasparenza il vetro associandone la lunga durata, la resistenza ai frequenti lavaggi e quindi l\u2019indistruttibilit\u00e1.<\/p>\n<p class=\"p2\">In conclusione eccellente alternativa laddove il vetro non si possa usare per legge o esigenze di servizio.<\/p>\n<h3 class=\"p2\">In Tritan opere brillanti che si piegano ma non si spezzano<\/h3>\n<p class=\"p2\">\u00c8 leggero \u00e8 versatile \u00e8 ideale per un uso in ambienti esterni perch\u00e8 infrangibile, resiste agli urti e resistente ai lavaggi in lavastoviglie.<\/p>\n<p class=\"p2\">Questo calice \u00e9 made in Italy e certificato<\/p>\n<p class=\"p2\">&#8211; Innovativo<\/p>\n<p class=\"p2\">&#8211; Stabile<\/p>\n<p class=\"p2\">&#8211; Originale<\/p>\n<p class=\"p2\">&#8211; Maneggevole e soprattutto <strong>personalizzabile<\/strong><\/p>\n<p class=\"p2\">Il calice prosecco<span class=\"Apple-converted-space\">\u00a0\u00a0<\/span>si adatta alla contemporaneit\u00e1 col giusto enigmatico valore aggiunto. Sicuramente il calice da prosecco pi\u00fa utilizzato che risponde perfettamente alle esigenze stilistiche di un utilizzo a 360\u00b0.<br \/>\nDisponibile in trasparente e nelle eccentriche tonalit\u00e1 bianco e nero coprente.<\/p>\n<h4 class=\"p2\">La personalizzazione con logo \u00e9 disponibile su richiesta, da uno ad un massimo di 2 colori con un ordine minimo di 120 pezzi.<\/h4>\n<p class=\"p1\">Nel 2010 una nuova generazione di resine bilancia le ottime, e ben note, propriet\u00e0 dei copoliesteri con la resistenza termica, creando un connubio vincente che da vita al Tritan&#x2122; (TT).<\/p>\n<p class=\"p1\">Soluzione geniale che vanta ottime caratteristiche antiurto, durabilit\u00e1 di trasparenza e brillantezza superficiale eccezionale, l` assenza di Bisfenolo-A e la resistenza ad alte temperature garantisce\u00a0 a questo calice conformit\u00e0 alimentari europee, americane e giapponesi.<\/p>\n<p class=\"p1\">TRITAN la nuova generazione di copoliesteri applicati in modo vincente sia in campo alimentare che medicinale quindi rende il Calice aperitivo un perfetto strumento per la personalizzazione con il proprio logo o grafica adatto ad eventi, feste, fiere, cerimonie e a qualsiasi evento dove il vetro non \u00e8 pi\u00f9 gradito a causa di eventuali rotture e di conseguenza pericoloso per l`incolumit\u00e1 dei vostri ospiti.<\/p>\n<p>Disponibile in versione <a href=\"https:\/\/www.brandyourglass.eu\/prodotto\/calice-aperitivo-personalizzabile-tritan-bianco-wine-cocktail-470cc\/\">bianco<\/a> ,\u00a0<a href=\"https:\/\/www.brandyourglass.eu\/prodotto\/calice-aperitivo-personalizzabile-tritan-nero-wine-cocktail-470cc\/\">nero<\/a>\u00a0 oppure <a href=\"https:\/\/www.brandyourglass.eu\/prodotto\/calice-aperitivo-personalizzato-tritan-trasparente-wine-cocktail-470cc\/\">Big Pack<\/a><\/p>\n<p class=\"p1\">Calice prosecco personalizzabile con il proprio logo o grafica e ti assicuri un evento fantastico eventualmente disponibile un altro tipo di <a href=\"https:\/\/www.brandyourglass.eu\/prodotto\/bicchiere-di-vino-personalizzato-policarbonato-trasparente-piscine-480cc\/\">modello<\/a> simile, oppure leggermente pi\u00f9 <a href=\"https:\/\/www.brandyourglass.eu\/prodotto\/calice-vino-personalizzato-tritan-trasparente-redone-510cc\/\">grande<\/a>.<\/p>\n<p>In conclusione \u00e9 l\u2019ideale alternativa ai calici in vetro. Riutilizzabile e pratico. Estremamente versatile, perfetto sia per feste in giardino che in ricevimenti eleganti, ottimo per ogni party o occasione.<\/p>\n<p><a href=\"https:\/\/www.doimoflair.com\/en\/wein-glass-stage.html\">Ti potrebbe interessare anche questo nostro sito<\/a>[\/vc_column_text][\/vc_column][\/vc_row][vc_row][vc_column width=&#8221;1\/2&#8243;][vc_column_text]Dimensioni del singolo calice<\/p>\n<p>[\/vc_column_text][vc_column_text]<\/p>\n<table class=\"sizes-table\">\n<tbody>\n<tr>\n<th style=\"text-align: left;\">Diametro superiore<\/th>\n<td>60 mm<\/td>\n<\/tr>\n<tr>\n<th style=\"text-align: left;\">Altezza<\/th>\n<td>229 mm<\/td>\n<\/tr>\n<tr>\n<th style=\"text-align: left;\">Spessore<\/th>\n<td>circa 1,5 mm<\/td>\n<\/tr>\n<tr>\n<th style=\"text-align: left;\">Peso<\/th>\n<td>77 gr<\/td>\n<\/tr>\n<tr>\n<th style=\"text-align: left;\">Capacit\u00e0 al bordo<\/th>\n<td>460 cc<\/td>\n<\/tr>\n<\/tbody>\n<\/table>\n<p>[\/vc_column_text][\/vc_column][vc_column width=&#8221;1\/2&#8243;][\/vc_column][\/vc_row]<\/p>\n","protected":false},"excerpt":{"rendered":"<p>Brilliant works that bend but don&#8217;t break made in Tritan *, Made in Italy and certified. Lightweight and versatile &#8211; ideal for outdoor use. Unbreakable, shock resistant &#8211; Resistant in the dishwasher. Available in transparent, black or white.<\/p>\n<p><img loading=\"lazy\" decoding=\"async\" class=\"wp-image-3193 alignnone\" src=\"https:\/\/www.brandyourglass.eu\/wp-content\/uploads\/2020\/02\/Icone-BPA-free.png\" alt=\"\" width=\"103\" height=\"89\" \/><img loading=\"lazy\" decoding=\"async\" class=\"alignnone wp-image-3192\" src=\"https:\/\/www.brandyourglass.eu\/wp-content\/uploads\/2020\/02\/Icone-diamond-transparency.png\" alt=\"\" width=\"103\" height=\"89\" \/>\u00a0 \u00a0 <img loading=\"lazy\" decoding=\"async\" class=\"alignnone wp-image-3180\" src=\"https:\/\/www.brandyourglass.eu\/wp-content\/uploads\/2020\/05\/icon-recycle.png\" alt=\"\" width=\"83\" height=\"83\" \/>\u00a0 \u00a0 <img loading=\"lazy\" decoding=\"async\" class=\"alignnone wp-image-3181\" src=\"https:\/\/www.brandyourglass.eu\/wp-content\/uploads\/2020\/05\/icon-unbreakable.png\" alt=\"\" width=\"83\" height=\"83\" \/><\/p>\n<p><strong><span style=\"font-size: 19px;\">MINIMUM ORDER <span style=\"font-size: 25px;\">120<\/span> PIECES<span style=\"font-size: 18px;\"><span style=\"font-size: 16px;\">\u00a0&#8211; <span style=\"color: #ff6600;\"><em>FREE <\/em><\/span><span style=\"color: #000000;\">SHIPPING<\/span><\/span><\/span><span style=\"font-size: 16px;\"><em>\u00a0<\/em><span style=\"color: #000000;\">&#8211;<span style=\"color: #ff6600;\"><em>FREE <\/em><\/span><\/span>PRINTING DATA<\/span><\/span><\/strong><br \/>\n<span style=\"font-size: 18px;\">The minimum order for this glass is <strong>20<\/strong> pack of <strong>6<\/strong> glasses individually packaged, total <strong>120<\/strong> pieces.<\/span><\/p>\n<p><strong><span style=\"font-size: 19px;\">Request a personalized <span style=\"color: #ff6600;\"><a style=\"color: #ff6600;\" href=\"https:\/\/www.brandyourglass.eu\/en\/contact-us\/\">quote<\/a><\/span> with digital preview.<\/span><\/strong><\/p>\n","protected":false},"featured_media":6503,"template":"","meta":[],"product_cat":[170],"product_tag":[],"class_list":["post-6513","product","type-product","status-publish","has-post-thumbnail","hentry","product_cat-wine-glasses","product_shipping_class-wine-cocktail-tt-470cc-conf-6-en","pa_scegli-tampografia-1-color","pa_scegli-tampografia-2-colors","pa_scegli-tampografia-no-color","tm-has-styled-variations","tm-no-options-pxq"],"yoast_head":"<!-- This site is optimized with the Yoast SEO plugin v18.0 - https:\/\/yoast.com\/wordpress\/plugins\/seo\/ -->\n<title>Campari spritz glass with Logo hight transparency unbreakable dishwasher<\/title>\n<meta name=\"description\" content=\"Campari spritz glass with your own logo. Unbreakable, hight transparency, made in TRITAN Perfekt for Aperitifs, Prosecco or cocktails.\" \/>\n<meta name=\"robots\" content=\"index, follow, max-snippet:-1, max-image-preview:large, max-video-preview:-1\" \/>\n<link rel=\"canonical\" href=\"https:\/\/www.brandyourglass.eu\/en\/product\/campari-spritz-glass-460cc-transparent\/\" \/>\n<meta property=\"og:locale\" content=\"en_US\" \/>\n<meta property=\"og:type\" content=\"article\" \/>\n<meta property=\"og:title\" content=\"Campari spritz glass with Logo hight transparency unbreakable dishwasher\" \/>\n<meta property=\"og:description\" content=\"Campari spritz glass with your own logo. Unbreakable, hight transparency, made in TRITAN Perfekt for Aperitifs, Prosecco or cocktails.\" \/>\n<meta property=\"og:url\" content=\"https:\/\/www.brandyourglass.eu\/en\/product\/campari-spritz-glass-460cc-transparent\/\" \/>\n<meta property=\"og:site_name\" content=\"brand your glass\" \/>\n<meta property=\"article:modified_time\" content=\"2025-02-25T14:26:25+00:00\" \/>\n<meta property=\"og:image\" content=\"https:\/\/www.brandyourglass.eu\/wp-content\/uploads\/2023\/02\/5035.jpg\" \/>\n\t<meta property=\"og:image:width\" content=\"1000\" \/>\n\t<meta property=\"og:image:height\" content=\"1000\" \/>\n\t<meta property=\"og:image:type\" content=\"image\/jpeg\" \/>\n<meta name=\"twitter:card\" content=\"summary_large_image\" \/>\n<meta name=\"twitter:label1\" content=\"Est. reading time\" \/>\n\t<meta name=\"twitter:data1\" content=\"3 minutes\" \/>\n<script type=\"application\/ld+json\" class=\"yoast-schema-graph\">{\"@context\":\"https:\/\/schema.org\",\"@graph\":[{\"@type\":\"Organization\",\"@id\":\"https:\/\/www.brandyourglass.eu\/en\/#organization\",\"name\":\"DoimoFlair\",\"url\":\"https:\/\/www.brandyourglass.eu\/en\/\",\"sameAs\":[],\"logo\":{\"@type\":\"ImageObject\",\"@id\":\"https:\/\/www.brandyourglass.eu\/en\/#logo\",\"inLanguage\":\"en-US\",\"url\":\"https:\/\/www.brandyourglass.eu\/wp-content\/uploads\/2020\/07\/doimo-logo-email.png\",\"contentUrl\":\"https:\/\/www.brandyourglass.eu\/wp-content\/uploads\/2020\/07\/doimo-logo-email.png\",\"width\":200,\"height\":140,\"caption\":\"DoimoFlair\"},\"image\":{\"@id\":\"https:\/\/www.brandyourglass.eu\/en\/#logo\"}},{\"@type\":\"WebSite\",\"@id\":\"https:\/\/www.brandyourglass.eu\/en\/#website\",\"url\":\"https:\/\/www.brandyourglass.eu\/en\/\",\"name\":\"brand your glass\",\"description\":\"customize glasses with your logo\",\"publisher\":{\"@id\":\"https:\/\/www.brandyourglass.eu\/en\/#organization\"},\"potentialAction\":[{\"@type\":\"SearchAction\",\"target\":{\"@type\":\"EntryPoint\",\"urlTemplate\":\"https:\/\/www.brandyourglass.eu\/en\/?s={search_term_string}\"},\"query-input\":\"required name=search_term_string\"}],\"inLanguage\":\"en-US\"},{\"@type\":\"ImageObject\",\"@id\":\"https:\/\/www.brandyourglass.eu\/en\/product\/campari-spritz-glass-460cc-transparent\/#primaryimage\",\"inLanguage\":\"en-US\",\"url\":\"https:\/\/www.brandyourglass.eu\/wp-content\/uploads\/2023\/02\/5035.jpg\",\"contentUrl\":\"https:\/\/www.brandyourglass.eu\/wp-content\/uploads\/2023\/02\/5035.jpg\",\"width\":1000,\"height\":1000,\"caption\":\"Calice da spumante\"},{\"@type\":\"WebPage\",\"@id\":\"https:\/\/www.brandyourglass.eu\/en\/product\/campari-spritz-glass-460cc-transparent\/#webpage\",\"url\":\"https:\/\/www.brandyourglass.eu\/en\/product\/campari-spritz-glass-460cc-transparent\/\",\"name\":\"Campari spritz glass with Logo hight transparency unbreakable dishwasher\",\"isPartOf\":{\"@id\":\"https:\/\/www.brandyourglass.eu\/en\/#website\"},\"primaryImageOfPage\":{\"@id\":\"https:\/\/www.brandyourglass.eu\/en\/product\/campari-spritz-glass-460cc-transparent\/#primaryimage\"},\"datePublished\":\"2023-02-09T10:51:56+00:00\",\"dateModified\":\"2025-02-25T14:26:25+00:00\",\"description\":\"Campari spritz glass with your own logo. Unbreakable, hight transparency, made in TRITAN Perfekt for Aperitifs, Prosecco or cocktails.\",\"breadcrumb\":{\"@id\":\"https:\/\/www.brandyourglass.eu\/en\/product\/campari-spritz-glass-460cc-transparent\/#breadcrumb\"},\"inLanguage\":\"en-US\",\"potentialAction\":[{\"@type\":\"ReadAction\",\"target\":[\"https:\/\/www.brandyourglass.eu\/en\/product\/campari-spritz-glass-460cc-transparent\/\"]}]},{\"@type\":\"BreadcrumbList\",\"@id\":\"https:\/\/www.brandyourglass.eu\/en\/product\/campari-spritz-glass-460cc-transparent\/#breadcrumb\",\"itemListElement\":[{\"@type\":\"ListItem\",\"position\":1,\"name\":\"Home\",\"item\":\"https:\/\/www.brandyourglass.eu\/en\/\"},{\"@type\":\"ListItem\",\"position\":2,\"name\":\"Shop\",\"item\":\"https:\/\/www.brandyourglass.eu\/shop-2\/\"},{\"@type\":\"ListItem\",\"position\":3,\"name\":\"Supreme TT 460cc. &#8211; Transparent\"}]}]}<\/script>\n<!-- \/ Yoast SEO plugin. -->","yoast_head_json":{"title":"Campari spritz glass with Logo hight transparency unbreakable dishwasher","description":"Campari spritz glass with your own logo. Unbreakable, hight transparency, made in TRITAN Perfekt for Aperitifs, Prosecco or cocktails.","robots":{"index":"index","follow":"follow","max-snippet":"max-snippet:-1","max-image-preview":"max-image-preview:large","max-video-preview":"max-video-preview:-1"},"canonical":"https:\/\/www.brandyourglass.eu\/en\/product\/campari-spritz-glass-460cc-transparent\/","og_locale":"en_US","og_type":"article","og_title":"Campari spritz glass with Logo hight transparency unbreakable dishwasher","og_description":"Campari spritz glass with your own logo. Unbreakable, hight transparency, made in TRITAN Perfekt for Aperitifs, Prosecco or cocktails.","og_url":"https:\/\/www.brandyourglass.eu\/en\/product\/campari-spritz-glass-460cc-transparent\/","og_site_name":"brand your glass","article_modified_time":"2025-02-25T14:26:25+00:00","og_image":[{"width":1000,"height":1000,"url":"https:\/\/www.brandyourglass.eu\/wp-content\/uploads\/2023\/02\/5035.jpg","type":"image\/jpeg"}],"twitter_card":"summary_large_image","twitter_misc":{"Est. reading time":"3 minutes"},"schema":{"@context":"https:\/\/schema.org","@graph":[{"@type":"Organization","@id":"https:\/\/www.brandyourglass.eu\/en\/#organization","name":"DoimoFlair","url":"https:\/\/www.brandyourglass.eu\/en\/","sameAs":[],"logo":{"@type":"ImageObject","@id":"https:\/\/www.brandyourglass.eu\/en\/#logo","inLanguage":"en-US","url":"https:\/\/www.brandyourglass.eu\/wp-content\/uploads\/2020\/07\/doimo-logo-email.png","contentUrl":"https:\/\/www.brandyourglass.eu\/wp-content\/uploads\/2020\/07\/doimo-logo-email.png","width":200,"height":140,"caption":"DoimoFlair"},"image":{"@id":"https:\/\/www.brandyourglass.eu\/en\/#logo"}},{"@type":"WebSite","@id":"https:\/\/www.brandyourglass.eu\/en\/#website","url":"https:\/\/www.brandyourglass.eu\/en\/","name":"brand your glass","description":"customize glasses with your logo","publisher":{"@id":"https:\/\/www.brandyourglass.eu\/en\/#organization"},"potentialAction":[{"@type":"SearchAction","target":{"@type":"EntryPoint","urlTemplate":"https:\/\/www.brandyourglass.eu\/en\/?s={search_term_string}"},"query-input":"required name=search_term_string"}],"inLanguage":"en-US"},{"@type":"ImageObject","@id":"https:\/\/www.brandyourglass.eu\/en\/product\/campari-spritz-glass-460cc-transparent\/#primaryimage","inLanguage":"en-US","url":"https:\/\/www.brandyourglass.eu\/wp-content\/uploads\/2023\/02\/5035.jpg","contentUrl":"https:\/\/www.brandyourglass.eu\/wp-content\/uploads\/2023\/02\/5035.jpg","width":1000,"height":1000,"caption":"Calice da spumante"},{"@type":"WebPage","@id":"https:\/\/www.brandyourglass.eu\/en\/product\/campari-spritz-glass-460cc-transparent\/#webpage","url":"https:\/\/www.brandyourglass.eu\/en\/product\/campari-spritz-glass-460cc-transparent\/","name":"Campari spritz glass with Logo hight transparency unbreakable dishwasher","isPartOf":{"@id":"https:\/\/www.brandyourglass.eu\/en\/#website"},"primaryImageOfPage":{"@id":"https:\/\/www.brandyourglass.eu\/en\/product\/campari-spritz-glass-460cc-transparent\/#primaryimage"},"datePublished":"2023-02-09T10:51:56+00:00","dateModified":"2025-02-25T14:26:25+00:00","description":"Campari spritz glass with your own logo. Unbreakable, hight transparency, made in TRITAN Perfekt for Aperitifs, Prosecco or cocktails.","breadcrumb":{"@id":"https:\/\/www.brandyourglass.eu\/en\/product\/campari-spritz-glass-460cc-transparent\/#breadcrumb"},"inLanguage":"en-US","potentialAction":[{"@type":"ReadAction","target":["https:\/\/www.brandyourglass.eu\/en\/product\/campari-spritz-glass-460cc-transparent\/"]}]},{"@type":"BreadcrumbList","@id":"https:\/\/www.brandyourglass.eu\/en\/product\/campari-spritz-glass-460cc-transparent\/#breadcrumb","itemListElement":[{"@type":"ListItem","position":1,"name":"Home","item":"https:\/\/www.brandyourglass.eu\/en\/"},{"@type":"ListItem","position":2,"name":"Shop","item":"https:\/\/www.brandyourglass.eu\/shop-2\/"},{"@type":"ListItem","position":3,"name":"Supreme TT 460cc. &#8211; Transparent"}]}]}},"_links":{"self":[{"href":"https:\/\/www.brandyourglass.eu\/en\/wp-json\/wp\/v2\/product\/6513","targetHints":{"allow":["GET"]}}],"collection":[{"href":"https:\/\/www.brandyourglass.eu\/en\/wp-json\/wp\/v2\/product"}],"about":[{"href":"https:\/\/www.brandyourglass.eu\/en\/wp-json\/wp\/v2\/types\/product"}],"wp:featuredmedia":[{"embeddable":true,"href":"https:\/\/www.brandyourglass.eu\/en\/wp-json\/wp\/v2\/media\/6503"}],"wp:attachment":[{"href":"https:\/\/www.brandyourglass.eu\/en\/wp-json\/wp\/v2\/media?parent=6513"}],"wp:term":[{"taxonomy":"product_cat","embeddable":true,"href":"https:\/\/www.brandyourglass.eu\/en\/wp-json\/wp\/v2\/product_cat?post=6513"},{"taxonomy":"product_tag","embeddable":true,"href":"https:\/\/www.brandyourglass.eu\/en\/wp-json\/wp\/v2\/product_tag?post=6513"}],"curies":[{"name":"wp","href":"https:\/\/api.w.org\/{rel}","templated":true}]}}