{"id":6884,"date":"2025-01-13T20:17:28","date_gmt":"2025-01-13T19:17:29","guid":{"rendered":"https:\/\/www.brandyourglass.eu\/?post_type=product&#038;p=6884"},"modified":"2025-02-25T15:22:48","modified_gmt":"2025-02-25T14:22:48","slug":"aperol-spritz-glasses-yellow-tt-470cc","status":"publish","type":"product","link":"https:\/\/www.brandyourglass.eu\/en\/product\/aperol-spritz-glasses-yellow-tt-470cc\/","title":{"rendered":"Wine Cocktail TT 470cc. &#8211; Yellow"},"content":{"rendered":"<p>[vc_row el_class=&#8221;m-b-md&#8221;][vc_column][vc_column_text]<\/p>\n<h2 class=\"p1\"><strong>Calice aperitivo personalizzabile giallo, in plastica rigida personalizzato con il proprio logo o grafica<\/strong><\/h2>\n<p class=\"p1\">Calice aperitivo personalizzabile giallo,<\/p>\n<p class=\"p2\">Esemplare l\u2019evoluzione nel food and beverage, con metodi di produzione ecologici e la creazione di prodotti intelligenti che creano bicchieri dalle proporzioni perfette, realizzati in plastica nobile, curati con attenzione al dettaglio e dalla straordinaria qualit\u00e1, in altre parole rispecchiano per brillantezza e trasparenza il vetro associandone la lunga durata, la resistenza ai frequenti lavaggi e quindi l\u2019indistruttibilit\u00e1.<\/p>\n<p class=\"p2\">In conclusione eccellente alternativa laddove il vetro non si possa usare per legge o esigenze di servizio.<\/p>\n<h3 class=\"p2\">In Tritan opere brillanti che si piegano ma non si spezzano<\/h3>\n<p class=\"p2\">\u00c8 leggero \u00e8 versatile \u00e8 ideale per un uso in ambienti esterni perch\u00e8 infrangibile, resiste agli urti e resistente ai lavaggi in lavastoviglie.<\/p>\n<p class=\"p2\">Questo calice \u00e9 made in Italy e certificato<\/p>\n<p class=\"p2\">&#8211; Innovativo<\/p>\n<p class=\"p2\">&#8211; Stabile<\/p>\n<p class=\"p2\">&#8211; Originale<\/p>\n<p class=\"p2\">&#8211; Maneggevole e soprattutto <strong>personalizzabile<\/strong><\/p>\n<p class=\"p2\">Il calice aperitivo<span class=\"Apple-converted-space\"> giallo <\/span>si adatta alla contemporaneit\u00e1 col giusto enigmatico valore aggiunto. Sicuramente il calice da aperitivo pi\u00fa utilizzato che risponde perfettamente alle esigenze stilistiche di un utilizzo a 360\u00b0.<br \/>\nDisponibile in trasparente e nelle eccentriche tonalit\u00e1 bianco e nero coprente.<\/p>\n<h4 class=\"p2\">La personalizzazione con logo \u00e9 disponibile su richiesta, da uno ad un massimo di 2 colori con un ordine minimo di 120 pezzi.<\/h4>\n<p class=\"p1\">Nel 2010 una nuova generazione di resine bilancia le ottime, e ben note, propriet\u00e0 dei copoliesteri con la resistenza termica, creando un connubio vincente che da vita al Tritan&#x2122; (TT).<\/p>\n<p class=\"p1\">Soluzione geniale che vanta ottime caratteristiche antiurto, durabilit\u00e1 di trasparenza e brillantezza superficiale eccezionale, l` assenza di Bisfenolo-A e la resistenza ad alte temperature garantisce\u00a0 a questo calice conformit\u00e0 alimentari europee, americane e giapponesi.<\/p>\n<p class=\"p1\">TRITAN la nuova generazione di copoliesteri applicati in modo vincente sia in campo alimentare che medicinale quindi rende il Calice aperitivo un perfetto strumento per la personalizzazione con il proprio logo o grafica adatto ad eventi, feste, fiere, cerimonie e a qualsiasi evento dove il vetro non \u00e8 pi\u00f9 gradito a causa di eventuali rotture e di conseguenza pericoloso per l`incolumit\u00e1 dei vostri ospiti.<\/p>\n<p>Disponibile in versione <a href=\"https:\/\/www.brandyourglass.eu\/prodotto\/calice-aperitivo-personalizzabile-tritan-bianco-wine-cocktail-470cc\/\">bianco<\/a> ,\u00a0<a href=\"https:\/\/www.brandyourglass.eu\/prodotto\/calice-aperitivo-personalizzabile-tritan-nero-wine-cocktail-470cc\/\">nero<\/a>\u00a0 oppure <a href=\"https:\/\/www.brandyourglass.eu\/prodotto\/calice-aperitivo-personalizzato-tritan-trasparente-wine-cocktail-470cc\/\">Big Pack<\/a><\/p>\n<p class=\"p1\">Calice aperitivo personalizzabile giallo con il proprio logo o grafica e ti assicuri un evento fantastico eventualmente disponibile un altro tipo di <a href=\"https:\/\/www.brandyourglass.eu\/prodotto\/bicchiere-di-vino-personalizzato-policarbonato-trasparente-piscine-480cc\/\">modello<\/a> simile, oppure leggermente pi\u00f9 <a href=\"https:\/\/www.brandyourglass.eu\/prodotto\/calice-vino-personalizzato-tritan-trasparente-redone-510cc\/\">grande<\/a>.<\/p>\n<p>In conclusione \u00e9 l\u2019ideale alternativa ai calici in vetro. Riutilizzabile e pratico. Estremamente versatile, perfetto sia per feste in giardino che in ricevimenti eleganti, ottimo per ogni party o occasione.<\/p>\n<p><a href=\"https:\/\/www.doimoflair.com\/en\/wein-glass-stage.html\">Ti potrebbe interessare anche questo nostro sito<\/a>[\/vc_column_text][\/vc_column][\/vc_row][vc_row][vc_column width=&#8221;1\/2&#8243;][vc_column_text]Dimensioni del singolo calice<\/p>\n<p>[\/vc_column_text][vc_column_text]<\/p>\n<table class=\"sizes-table\">\n<tbody>\n<tr>\n<th style=\"text-align: left;\">Diametro superiore<\/th>\n<td>60 mm<\/td>\n<\/tr>\n<tr>\n<th style=\"text-align: left;\">Altezza<\/th>\n<td>215 mm<\/td>\n<\/tr>\n<tr>\n<th style=\"text-align: left;\">Spessore<\/th>\n<td>circa 2mm<\/td>\n<\/tr>\n<tr>\n<th style=\"text-align: left;\">Peso<\/th>\n<td>75 gr<\/td>\n<\/tr>\n<tr>\n<th style=\"text-align: left;\">Capacit\u00e0 al bordo<\/th>\n<td>470 cc<\/td>\n<\/tr>\n<\/tbody>\n<\/table>\n<p>[\/vc_column_text][\/vc_column][vc_column width=&#8221;1\/2&#8243;][\/vc_column][\/vc_row]<\/p>\n","protected":false},"excerpt":{"rendered":"<p>Brilliant works that bend but don&#8217;t break made in Tritan *, Made in Italy and certified. Lightweight and versatile &#8211; ideal for outdoor use. Unbreakable, shock resistant &#8211; Resistant in the dishwasher. Available in transparent, black or white.<\/p>\n<p><img loading=\"lazy\" decoding=\"async\" class=\"wp-image-3193 alignnone\" src=\"https:\/\/www.brandyourglass.eu\/wp-content\/uploads\/2020\/02\/Icone-BPA-free.png\" alt=\"\" width=\"103\" height=\"89\" \/><img loading=\"lazy\" decoding=\"async\" class=\"alignnone wp-image-3192\" src=\"https:\/\/www.brandyourglass.eu\/wp-content\/uploads\/2020\/02\/Icone-diamond-transparency.png\" alt=\"\" width=\"103\" height=\"89\" \/>\u00a0 \u00a0 <img loading=\"lazy\" decoding=\"async\" class=\"alignnone wp-image-3180\" src=\"https:\/\/www.brandyourglass.eu\/wp-content\/uploads\/2020\/05\/icon-recycle.png\" alt=\"\" width=\"83\" height=\"83\" \/>\u00a0 \u00a0 <img loading=\"lazy\" decoding=\"async\" class=\"alignnone wp-image-3181\" src=\"https:\/\/www.brandyourglass.eu\/wp-content\/uploads\/2020\/05\/icon-unbreakable.png\" alt=\"\" width=\"83\" height=\"83\" \/><\/p>\n<p><strong><span style=\"font-size: 19px;\">MINIMUM ORDER <span style=\"font-size: 25px;\">6<\/span>\u00a0PIECES<span style=\"font-size: 18px;\"><span style=\"font-size: 16px;\"> without logo &#8211; <span style=\"color: #ff6600;\"><em>FREE <\/em><\/span><span style=\"color: #000000;\">SHIPPING<\/span><\/span><\/span><span style=\"font-size: 16px;\"><em>\u00a0<\/em><span style=\"color: #000000;\">&#8211;<span style=\"color: #ff6600;\"><em>FREE <\/em><\/span><\/span>PRINTING DATA<\/span><\/span><\/strong><br \/>\n<span style=\"font-size: 18px;\">The minimum order for this glass is <strong>1<\/strong> pack of <strong>6<\/strong> glasses individually packaged, total <strong>6<\/strong> pieces.<\/span><\/p>\n<p><strong><span style=\"font-size: 19px;\">Request a personalized <span style=\"color: #ff6600;\"><a style=\"color: #ff6600;\" href=\"https:\/\/www.brandyourglass.eu\/en\/contact-us\/\">quote<\/a><\/span> with digital preview.<\/span><\/strong><\/p>\n","protected":false},"featured_media":6981,"template":"","meta":[],"product_cat":[170],"product_tag":[],"class_list":["post-6884","product","type-product","status-publish","has-post-thumbnail","hentry","product_cat-wine-glasses","product_shipping_class-wine-cocktail-tt-470cc-conf-6-en","pa_scegli-tampografia-1-color","pa_scegli-tampografia-2-colors","pa_scegli-tampografia-no-color","tm-has-styled-variations","tm-no-options-pxq"],"yoast_head":"<!-- This site is optimized with the Yoast SEO plugin v18.0 - https:\/\/yoast.com\/wordpress\/plugins\/seo\/ -->\n<title>Aperol spritz glasses yellow with Logo unbreakable dishwasher<\/title>\n<meta name=\"description\" content=\"Aperol spritz glasses yellow with your own logo. Unbreakable, hight colored, made in TRITAN Perfekt for Aperitifs, Prosecco or cocktails.\" \/>\n<meta name=\"robots\" content=\"index, follow, max-snippet:-1, max-image-preview:large, max-video-preview:-1\" \/>\n<link rel=\"canonical\" href=\"https:\/\/www.brandyourglass.eu\/en\/product\/aperol-spritz-glasses-yellow-tt-470cc\/\" \/>\n<meta property=\"og:locale\" content=\"en_US\" \/>\n<meta property=\"og:type\" content=\"article\" \/>\n<meta property=\"og:title\" content=\"Aperol spritz glasses yellow with Logo unbreakable dishwasher\" \/>\n<meta property=\"og:description\" content=\"Aperol spritz glasses yellow with your own logo. Unbreakable, hight colored, made in TRITAN Perfekt for Aperitifs, Prosecco or cocktails.\" \/>\n<meta property=\"og:url\" content=\"https:\/\/www.brandyourglass.eu\/en\/product\/aperol-spritz-glasses-yellow-tt-470cc\/\" \/>\n<meta property=\"og:site_name\" content=\"brand your glass\" \/>\n<meta property=\"article:modified_time\" content=\"2025-02-25T14:22:48+00:00\" \/>\n<meta property=\"og:image\" content=\"https:\/\/www.brandyourglass.eu\/wp-content\/uploads\/2025\/01\/Stage_5000-GI_TX_1200x1500.jpg\" \/>\n\t<meta property=\"og:image:width\" content=\"1200\" \/>\n\t<meta property=\"og:image:height\" content=\"1500\" \/>\n\t<meta property=\"og:image:type\" content=\"image\/jpeg\" \/>\n<meta name=\"twitter:card\" content=\"summary_large_image\" \/>\n<meta name=\"twitter:label1\" content=\"Est. reading time\" \/>\n\t<meta name=\"twitter:data1\" content=\"3 minutes\" \/>\n<script type=\"application\/ld+json\" class=\"yoast-schema-graph\">{\"@context\":\"https:\/\/schema.org\",\"@graph\":[{\"@type\":\"Organization\",\"@id\":\"https:\/\/www.brandyourglass.eu\/en\/#organization\",\"name\":\"DoimoFlair\",\"url\":\"https:\/\/www.brandyourglass.eu\/en\/\",\"sameAs\":[],\"logo\":{\"@type\":\"ImageObject\",\"@id\":\"https:\/\/www.brandyourglass.eu\/en\/#logo\",\"inLanguage\":\"en-US\",\"url\":\"https:\/\/www.brandyourglass.eu\/wp-content\/uploads\/2020\/07\/doimo-logo-email.png\",\"contentUrl\":\"https:\/\/www.brandyourglass.eu\/wp-content\/uploads\/2020\/07\/doimo-logo-email.png\",\"width\":200,\"height\":140,\"caption\":\"DoimoFlair\"},\"image\":{\"@id\":\"https:\/\/www.brandyourglass.eu\/en\/#logo\"}},{\"@type\":\"WebSite\",\"@id\":\"https:\/\/www.brandyourglass.eu\/en\/#website\",\"url\":\"https:\/\/www.brandyourglass.eu\/en\/\",\"name\":\"brand your glass\",\"description\":\"customize glasses with your logo\",\"publisher\":{\"@id\":\"https:\/\/www.brandyourglass.eu\/en\/#organization\"},\"potentialAction\":[{\"@type\":\"SearchAction\",\"target\":{\"@type\":\"EntryPoint\",\"urlTemplate\":\"https:\/\/www.brandyourglass.eu\/en\/?s={search_term_string}\"},\"query-input\":\"required name=search_term_string\"}],\"inLanguage\":\"en-US\"},{\"@type\":\"ImageObject\",\"@id\":\"https:\/\/www.brandyourglass.eu\/en\/product\/aperol-spritz-glasses-yellow-tt-470cc\/#primaryimage\",\"inLanguage\":\"en-US\",\"url\":\"https:\/\/www.brandyourglass.eu\/wp-content\/uploads\/2025\/01\/Stage_5000-GI_TX_1200x1500.jpg\",\"contentUrl\":\"https:\/\/www.brandyourglass.eu\/wp-content\/uploads\/2025\/01\/Stage_5000-GI_TX_1200x1500.jpg\",\"width\":1200,\"height\":1500,\"caption\":\"calice cocktail\"},{\"@type\":\"WebPage\",\"@id\":\"https:\/\/www.brandyourglass.eu\/en\/product\/aperol-spritz-glasses-yellow-tt-470cc\/#webpage\",\"url\":\"https:\/\/www.brandyourglass.eu\/en\/product\/aperol-spritz-glasses-yellow-tt-470cc\/\",\"name\":\"Aperol spritz glasses yellow with Logo unbreakable dishwasher\",\"isPartOf\":{\"@id\":\"https:\/\/www.brandyourglass.eu\/en\/#website\"},\"primaryImageOfPage\":{\"@id\":\"https:\/\/www.brandyourglass.eu\/en\/product\/aperol-spritz-glasses-yellow-tt-470cc\/#primaryimage\"},\"datePublished\":\"2025-01-13T19:17:29+00:00\",\"dateModified\":\"2025-02-25T14:22:48+00:00\",\"description\":\"Aperol spritz glasses yellow with your own logo. Unbreakable, hight colored, made in TRITAN Perfekt for Aperitifs, Prosecco or cocktails.\",\"breadcrumb\":{\"@id\":\"https:\/\/www.brandyourglass.eu\/en\/product\/aperol-spritz-glasses-yellow-tt-470cc\/#breadcrumb\"},\"inLanguage\":\"en-US\",\"potentialAction\":[{\"@type\":\"ReadAction\",\"target\":[\"https:\/\/www.brandyourglass.eu\/en\/product\/aperol-spritz-glasses-yellow-tt-470cc\/\"]}]},{\"@type\":\"BreadcrumbList\",\"@id\":\"https:\/\/www.brandyourglass.eu\/en\/product\/aperol-spritz-glasses-yellow-tt-470cc\/#breadcrumb\",\"itemListElement\":[{\"@type\":\"ListItem\",\"position\":1,\"name\":\"Home\",\"item\":\"https:\/\/www.brandyourglass.eu\/en\/\"},{\"@type\":\"ListItem\",\"position\":2,\"name\":\"Shop\",\"item\":\"https:\/\/www.brandyourglass.eu\/shop-2\/\"},{\"@type\":\"ListItem\",\"position\":3,\"name\":\"Wine Cocktail TT 470cc. &#8211; Yellow\"}]}]}<\/script>\n<!-- \/ Yoast SEO plugin. -->","yoast_head_json":{"title":"Aperol spritz glasses yellow with Logo unbreakable dishwasher","description":"Aperol spritz glasses yellow with your own logo. Unbreakable, hight colored, made in TRITAN Perfekt for Aperitifs, Prosecco or cocktails.","robots":{"index":"index","follow":"follow","max-snippet":"max-snippet:-1","max-image-preview":"max-image-preview:large","max-video-preview":"max-video-preview:-1"},"canonical":"https:\/\/www.brandyourglass.eu\/en\/product\/aperol-spritz-glasses-yellow-tt-470cc\/","og_locale":"en_US","og_type":"article","og_title":"Aperol spritz glasses yellow with Logo unbreakable dishwasher","og_description":"Aperol spritz glasses yellow with your own logo. Unbreakable, hight colored, made in TRITAN Perfekt for Aperitifs, Prosecco or cocktails.","og_url":"https:\/\/www.brandyourglass.eu\/en\/product\/aperol-spritz-glasses-yellow-tt-470cc\/","og_site_name":"brand your glass","article_modified_time":"2025-02-25T14:22:48+00:00","og_image":[{"width":1200,"height":1500,"url":"https:\/\/www.brandyourglass.eu\/wp-content\/uploads\/2025\/01\/Stage_5000-GI_TX_1200x1500.jpg","type":"image\/jpeg"}],"twitter_card":"summary_large_image","twitter_misc":{"Est. reading time":"3 minutes"},"schema":{"@context":"https:\/\/schema.org","@graph":[{"@type":"Organization","@id":"https:\/\/www.brandyourglass.eu\/en\/#organization","name":"DoimoFlair","url":"https:\/\/www.brandyourglass.eu\/en\/","sameAs":[],"logo":{"@type":"ImageObject","@id":"https:\/\/www.brandyourglass.eu\/en\/#logo","inLanguage":"en-US","url":"https:\/\/www.brandyourglass.eu\/wp-content\/uploads\/2020\/07\/doimo-logo-email.png","contentUrl":"https:\/\/www.brandyourglass.eu\/wp-content\/uploads\/2020\/07\/doimo-logo-email.png","width":200,"height":140,"caption":"DoimoFlair"},"image":{"@id":"https:\/\/www.brandyourglass.eu\/en\/#logo"}},{"@type":"WebSite","@id":"https:\/\/www.brandyourglass.eu\/en\/#website","url":"https:\/\/www.brandyourglass.eu\/en\/","name":"brand your glass","description":"customize glasses with your logo","publisher":{"@id":"https:\/\/www.brandyourglass.eu\/en\/#organization"},"potentialAction":[{"@type":"SearchAction","target":{"@type":"EntryPoint","urlTemplate":"https:\/\/www.brandyourglass.eu\/en\/?s={search_term_string}"},"query-input":"required name=search_term_string"}],"inLanguage":"en-US"},{"@type":"ImageObject","@id":"https:\/\/www.brandyourglass.eu\/en\/product\/aperol-spritz-glasses-yellow-tt-470cc\/#primaryimage","inLanguage":"en-US","url":"https:\/\/www.brandyourglass.eu\/wp-content\/uploads\/2025\/01\/Stage_5000-GI_TX_1200x1500.jpg","contentUrl":"https:\/\/www.brandyourglass.eu\/wp-content\/uploads\/2025\/01\/Stage_5000-GI_TX_1200x1500.jpg","width":1200,"height":1500,"caption":"calice cocktail"},{"@type":"WebPage","@id":"https:\/\/www.brandyourglass.eu\/en\/product\/aperol-spritz-glasses-yellow-tt-470cc\/#webpage","url":"https:\/\/www.brandyourglass.eu\/en\/product\/aperol-spritz-glasses-yellow-tt-470cc\/","name":"Aperol spritz glasses yellow with Logo unbreakable dishwasher","isPartOf":{"@id":"https:\/\/www.brandyourglass.eu\/en\/#website"},"primaryImageOfPage":{"@id":"https:\/\/www.brandyourglass.eu\/en\/product\/aperol-spritz-glasses-yellow-tt-470cc\/#primaryimage"},"datePublished":"2025-01-13T19:17:29+00:00","dateModified":"2025-02-25T14:22:48+00:00","description":"Aperol spritz glasses yellow with your own logo. Unbreakable, hight colored, made in TRITAN Perfekt for Aperitifs, Prosecco or cocktails.","breadcrumb":{"@id":"https:\/\/www.brandyourglass.eu\/en\/product\/aperol-spritz-glasses-yellow-tt-470cc\/#breadcrumb"},"inLanguage":"en-US","potentialAction":[{"@type":"ReadAction","target":["https:\/\/www.brandyourglass.eu\/en\/product\/aperol-spritz-glasses-yellow-tt-470cc\/"]}]},{"@type":"BreadcrumbList","@id":"https:\/\/www.brandyourglass.eu\/en\/product\/aperol-spritz-glasses-yellow-tt-470cc\/#breadcrumb","itemListElement":[{"@type":"ListItem","position":1,"name":"Home","item":"https:\/\/www.brandyourglass.eu\/en\/"},{"@type":"ListItem","position":2,"name":"Shop","item":"https:\/\/www.brandyourglass.eu\/shop-2\/"},{"@type":"ListItem","position":3,"name":"Wine Cocktail TT 470cc. &#8211; Yellow"}]}]}},"_links":{"self":[{"href":"https:\/\/www.brandyourglass.eu\/en\/wp-json\/wp\/v2\/product\/6884","targetHints":{"allow":["GET"]}}],"collection":[{"href":"https:\/\/www.brandyourglass.eu\/en\/wp-json\/wp\/v2\/product"}],"about":[{"href":"https:\/\/www.brandyourglass.eu\/en\/wp-json\/wp\/v2\/types\/product"}],"wp:featuredmedia":[{"embeddable":true,"href":"https:\/\/www.brandyourglass.eu\/en\/wp-json\/wp\/v2\/media\/6981"}],"wp:attachment":[{"href":"https:\/\/www.brandyourglass.eu\/en\/wp-json\/wp\/v2\/media?parent=6884"}],"wp:term":[{"taxonomy":"product_cat","embeddable":true,"href":"https:\/\/www.brandyourglass.eu\/en\/wp-json\/wp\/v2\/product_cat?post=6884"},{"taxonomy":"product_tag","embeddable":true,"href":"https:\/\/www.brandyourglass.eu\/en\/wp-json\/wp\/v2\/product_tag?post=6884"}],"curies":[{"name":"wp","href":"https:\/\/api.w.org\/{rel}","templated":true}]}}